{"id":5504,"date":"2026-01-15T15:59:30","date_gmt":"2026-01-15T15:59:30","guid":{"rendered":"https:\/\/baal17.pt\/_www\/?page_id=5504"},"modified":"2026-03-19T11:39:10","modified_gmt":"2026-03-19T11:39:10","slug":"agamemnon-voltei-a-casa-e-dei-uma-sova-ao-meu-filho-ou-a-tragedia-do-homo-consumens","status":"publish","type":"page","link":"https:\/\/baal17.pt\/_www\/agamemnon-voltei-a-casa-e-dei-uma-sova-ao-meu-filho-ou-a-tragedia-do-homo-consumens\/","title":{"rendered":"Agam\u00e9mnon, voltei a casa e dei uma sova ao meu filho Ou a Trag\u00e9dia do Homo Consumens"},"content":{"rendered":"<section class=\"wpb-content-wrapper\">[vc_row et_full_width=&#8221;true&#8221;][vc_column et_column_overlap=&#8221;overlap-right&#8221; animation=&#8221;animation left-to-right&#8221;]<div id=\"et-banner-slider-69f298740fe5f\" class=\"et-banner-slider slick slick-slider slick-controls-gray slick-dots-disabled\"  data-columns=\"1\" >\r\n\t\t<div class=\"et-banner-69f298741b2d7 et-banner content-boxed  image-type-fluid text-color-dark hover-effect  \"><img loading=\"lazy\" decoding=\"async\" width=\"2560\" height=\"1707\" src=\"https:\/\/baal17.pt\/_www\/wp-content\/uploads\/2026\/03\/Ensaio-Agamemnon_11-02-26@FabriceZiegler-114-scaled.jpg\" class=\"et-banner-main-image\" alt=\"\" sizes=\"auto, (max-width: 2560px) 100vw, 2560px\" srcset=\"https:\/\/baal17.pt\/_www\/wp-content\/uploads\/2026\/03\/Ensaio-Agamemnon_11-02-26@FabriceZiegler-114-scaled.jpg 2560w, https:\/\/baal17.pt\/_www\/wp-content\/uploads\/2026\/03\/Ensaio-Agamemnon_11-02-26@FabriceZiegler-114-300x200.jpg 300w, https:\/\/baal17.pt\/_www\/wp-content\/uploads\/2026\/03\/Ensaio-Agamemnon_11-02-26@FabriceZiegler-114-1024x683.jpg 1024w, https:\/\/baal17.pt\/_www\/wp-content\/uploads\/2026\/03\/Ensaio-Agamemnon_11-02-26@FabriceZiegler-114-768x512.jpg 768w, https:\/\/baal17.pt\/_www\/wp-content\/uploads\/2026\/03\/Ensaio-Agamemnon_11-02-26@FabriceZiegler-114-1536x1024.jpg 1536w, https:\/\/baal17.pt\/_www\/wp-content\/uploads\/2026\/03\/Ensaio-Agamemnon_11-02-26@FabriceZiegler-114-2048x1365.jpg 2048w, https:\/\/baal17.pt\/_www\/wp-content\/uploads\/2026\/03\/Ensaio-Agamemnon_11-02-26@FabriceZiegler-114-150x100.jpg 150w\" \/>\r\n\t\t<\/div>\r\n\t\t<div class=\"et-banner-69f298741b7b7 et-banner content-full  image-type-fluid text-color-dark hover-effect  \"><img loading=\"lazy\" decoding=\"async\" width=\"2560\" height=\"1707\" src=\"https:\/\/baal17.pt\/_www\/wp-content\/uploads\/2026\/03\/Ensaio-Agamemnon_11-02-26@FabriceZiegler-134-1-scaled.jpg\" class=\"et-banner-main-image\" alt=\"\" sizes=\"auto, (max-width: 2560px) 100vw, 2560px\" srcset=\"https:\/\/baal17.pt\/_www\/wp-content\/uploads\/2026\/03\/Ensaio-Agamemnon_11-02-26@FabriceZiegler-134-1-scaled.jpg 2560w, https:\/\/baal17.pt\/_www\/wp-content\/uploads\/2026\/03\/Ensaio-Agamemnon_11-02-26@FabriceZiegler-134-1-300x200.jpg 300w, https:\/\/baal17.pt\/_www\/wp-content\/uploads\/2026\/03\/Ensaio-Agamemnon_11-02-26@FabriceZiegler-134-1-1024x683.jpg 1024w, https:\/\/baal17.pt\/_www\/wp-content\/uploads\/2026\/03\/Ensaio-Agamemnon_11-02-26@FabriceZiegler-134-1-768x512.jpg 768w, https:\/\/baal17.pt\/_www\/wp-content\/uploads\/2026\/03\/Ensaio-Agamemnon_11-02-26@FabriceZiegler-134-1-1536x1024.jpg 1536w, https:\/\/baal17.pt\/_www\/wp-content\/uploads\/2026\/03\/Ensaio-Agamemnon_11-02-26@FabriceZiegler-134-1-2048x1365.jpg 2048w, https:\/\/baal17.pt\/_www\/wp-content\/uploads\/2026\/03\/Ensaio-Agamemnon_11-02-26@FabriceZiegler-134-1-150x100.jpg 150w\" \/>\r\n\t\t<\/div>\r\n\t\t<div class=\"et-banner-69f298741bb3a et-banner content-boxed  image-type-fluid text-color-dark hover-effect  \"><img loading=\"lazy\" decoding=\"async\" width=\"2560\" height=\"1707\" src=\"https:\/\/baal17.pt\/_www\/wp-content\/uploads\/2026\/03\/Ensaio-Agamemnon_11-02-26@FabriceZiegler-95-scaled.jpg\" class=\"et-banner-main-image\" alt=\"\" sizes=\"auto, (max-width: 2560px) 100vw, 2560px\" srcset=\"https:\/\/baal17.pt\/_www\/wp-content\/uploads\/2026\/03\/Ensaio-Agamemnon_11-02-26@FabriceZiegler-95-scaled.jpg 2560w, https:\/\/baal17.pt\/_www\/wp-content\/uploads\/2026\/03\/Ensaio-Agamemnon_11-02-26@FabriceZiegler-95-300x200.jpg 300w, https:\/\/baal17.pt\/_www\/wp-content\/uploads\/2026\/03\/Ensaio-Agamemnon_11-02-26@FabriceZiegler-95-1024x683.jpg 1024w, https:\/\/baal17.pt\/_www\/wp-content\/uploads\/2026\/03\/Ensaio-Agamemnon_11-02-26@FabriceZiegler-95-768x512.jpg 768w, https:\/\/baal17.pt\/_www\/wp-content\/uploads\/2026\/03\/Ensaio-Agamemnon_11-02-26@FabriceZiegler-95-1536x1024.jpg 1536w, https:\/\/baal17.pt\/_www\/wp-content\/uploads\/2026\/03\/Ensaio-Agamemnon_11-02-26@FabriceZiegler-95-2048x1365.jpg 2048w, https:\/\/baal17.pt\/_www\/wp-content\/uploads\/2026\/03\/Ensaio-Agamemnon_11-02-26@FabriceZiegler-95-150x100.jpg 150w\" \/>\r\n\t\t<\/div>\r\n\t\t<div class=\"et-banner-69f298741bfac et-banner content-full  image-type-fluid text-color-dark hover-effect  \"><img loading=\"lazy\" decoding=\"async\" width=\"2048\" height=\"1365\" src=\"https:\/\/baal17.pt\/_www\/wp-content\/uploads\/2026\/03\/642497757_1518395073620793_7714595205916007609_n.jpg\" class=\"et-banner-main-image\" alt=\"\" sizes=\"auto, (max-width: 2048px) 100vw, 2048px\" srcset=\"https:\/\/baal17.pt\/_www\/wp-content\/uploads\/2026\/03\/642497757_1518395073620793_7714595205916007609_n.jpg 2048w, https:\/\/baal17.pt\/_www\/wp-content\/uploads\/2026\/03\/642497757_1518395073620793_7714595205916007609_n-300x200.jpg 300w, https:\/\/baal17.pt\/_www\/wp-content\/uploads\/2026\/03\/642497757_1518395073620793_7714595205916007609_n-1024x683.jpg 1024w, https:\/\/baal17.pt\/_www\/wp-content\/uploads\/2026\/03\/642497757_1518395073620793_7714595205916007609_n-768x512.jpg 768w, https:\/\/baal17.pt\/_www\/wp-content\/uploads\/2026\/03\/642497757_1518395073620793_7714595205916007609_n-1536x1024.jpg 1536w, https:\/\/baal17.pt\/_www\/wp-content\/uploads\/2026\/03\/642497757_1518395073620793_7714595205916007609_n-150x100.jpg 150w\" \/>\r\n\t\t<\/div><\/div>[vc_column_text]\n<h1 style=\"text-align: center;\"><em>Agam\u00e9mnon<\/em>, voltei a casa e dei uma sova ao meu filho Ou A Trag\u00e9dia do <em>Homo Consumens\u00a0<\/em><\/h1>\n[\/vc_column_text][vc_column_text]\n<h3 style=\"text-align: center;\">Cocria\u00e7\u00e3o Baal17 &#8211; Companhia de Teatro e ASTA &#8211; Teatro e Outras Artes<\/h3>\n[\/vc_column_text][\/vc_column][\/vc_row][vc_row][\/vc_row][vc_column][\/vc_column][vc_single_image image=&#8221;5487&#8243; img_size=&#8221;large&#8221; alignment=&#8221;center&#8221;][vc_column_text]<span style=\"font-weight: 400;\">Obcecado com o seu vazio existencial, <\/span><i><span style=\"font-weight: 400;\">Agam\u00e9mnon<\/span><\/i><span style=\"font-weight: 400;\">, um pai qualquer, trava a sua \u201cGuerra de Tr\u00f3ia\u201d num domingo qualquer, sozinho, num supermercado qualquer, fazendo as compras para um m\u00eas qualquer.\u00a0<\/span><\/p>\n<p><span style=\"font-weight: 400;\">Esta sua expedi\u00e7\u00e3o conquistadora resulta na aquisi\u00e7\u00e3o alucinada de um monte de produtos in\u00fateis que n\u00e3o precisa e que detesta.\u00a0<\/span><\/p>\n<p><span style=\"font-weight: 400;\">Provocado pelo p\u00e3o integral que odeia e pelos 15 pacotes de gaspacho que comprou a pensar que eram polpa de tomate, ao chegar a casa, d\u00e1 uma sova ao filho e \u00e0 mulher.\u00a0<\/span><\/p>\n<p><span style=\"font-weight: 400;\">Depois de deixar os dois a sangrar, s\u00f3 uma coisa poder\u00e1 amenizar a situa\u00e7\u00e3o: compensar a fam\u00edlia e lev\u00e1-la a jantar a um restaurante de <\/span><i><span style=\"font-weight: 400;\">fast-food<\/span><\/i><span style=\"font-weight: 400;\"> \u00e0 beira da estrada.<\/span><\/p>\n<p><span style=\"font-weight: 400;\">A celebra\u00e7\u00e3o da trag\u00e9dia do homem contempor\u00e2neo d\u00e1-se ao sabor de um menu <\/span><i><span style=\"font-weight: 400;\">double cheeseburger<\/span><\/i><span style=\"font-weight: 400;\">. E se o tr\u00e1gico nos chega em pacontinhos de ketchup e maionese resta-nos uma quest\u00e3o: onde \u00e9 que se pode ir procurar a esperan\u00e7a?<\/span><\/p>\n<p><i><span style=\"font-weight: 400;\">Agam\u00e9mnon<\/span><\/i><span style=\"font-weight: 400;\"> \u00e9 o homem contempor\u00e2neo que se foi transformando por impot\u00eancia ou aliena\u00e7\u00e3o. O homem animal que \u00e9 transformado em homem-m\u00e1quina. Uma m\u00e1quina de consumo &#8211; de produtos, de emo\u00e7\u00f5es, de rela\u00e7\u00f5es &#8211; que opera a uma velocidade vertiginosa, em formato descart\u00e1vel e <\/span><i><span style=\"font-weight: 400;\">on-demand<\/span><\/i><span style=\"font-weight: 400;\">, com nome pr\u00f3prio &#8211;\u00a0 o <\/span><i><span style=\"font-weight: 400;\">Homo Consumens<\/span><\/i><span style=\"font-weight: 400;\">. Haver\u00e1 melhor forma de expressar a verdadeira trag\u00e9dia da nossa \u00e9poca?\u00a0<\/span>[\/vc_column_text][vc_column_text]Classifica\u00e7\u00e3o et\u00e1ria:<strong> M\/14 anos<\/strong> Dura\u00e7\u00e3o: <strong>70 min\u00a0<\/strong><\/p>\n<p>Texto: <strong>Rodrigo Garcia I <\/strong>Tradu\u00e7\u00e3o: <strong>B\u00e1rbara Soares\u00a0 I <\/strong>Adapta\u00e7\u00e3o e dramaturgia: <strong>B\u00e1rbara Soares e Marco Ferreira I <\/strong>Encena\u00e7\u00e3o: <strong>Marco Ferreira I <\/strong>Assist\u00eancia de encena\u00e7\u00e3o: <strong>B\u00e1rbara Soares I <\/strong>Interpreta\u00e7\u00e3o: <strong>Carmo Teixeira, Filipe Seixas, Jo\u00e3o Giga, S\u00e9rgio Novo I <\/strong>M\u00fasica original ao vivo: <strong>Jo\u00e3o Giga I <\/strong>Desenho de luz: <strong>Filipe Seixas e Marco Ferreira I <\/strong>Cenografia e adere\u00e7os: <strong>Fabrice Ziegler I <\/strong>Fotografia: <strong>Fabrice Ziegler I <\/strong>V\u00eddeo: <strong>Ana Br\u00e1s I <\/strong>Design gr\u00e1fico: <strong>Andr\u00e9 Batista I <\/strong>Dire\u00e7\u00e3o de produ\u00e7\u00e3o: <strong>Sandra Serra I <\/strong>Produ\u00e7\u00e3o Executiva: <strong>Andr\u00e9 Batista e Helena Ribeiro I <\/strong>Gest\u00e3o: <strong>Rui Ramos e Rui Pires<\/strong>[\/vc_column_text][vc_row][vc_column][vc_column_text]\n<h3><strong>Dossi\u00ea<\/strong> (<a href=\"https:\/\/baal17.pt\/_www\/wp-content\/uploads\/2026\/03\/Agamemnon-Dossier-sem-cachet.pdf\" target=\"_blank\" rel=\"noopener\">Link)<\/a><\/h3>\n[\/vc_column_text][vc_video link=&#8221;https:\/\/vimeo.com\/1156462205?fl=ip&amp;fe=ec&#8221; el_width=&#8221;70&#8243; el_aspect=&#8221;43&#8243;][\/vc_column][\/vc_row]\n<\/section>","protected":false},"excerpt":{"rendered":"<p>[vc_row et_full_width=&#8221;true&#8221;][vc_column et_column_overlap=&#8221;overlap-right&#8221; animation=&#8221;animation left-to-right&#8221;][vc_column_text] Agam\u00e9mnon, voltei a casa e dei uma sova ao meu filho Ou A Trag\u00e9dia do Homo Consumens\u00a0 [\/vc_column_text][vc_column_text] Cocria\u00e7\u00e3o Baal17 &#8211; Companhia de Teatro e ASTA &#8211; Teatro e Outras Artes [\/vc_column_text][\/vc_column][\/vc_row][vc_row][\/vc_row][vc_column][\/vc_column][vc_single_image image=&#8221;5487&#8243; img_size=&#8221;large&#8221; alignment=&#8221;center&#8221;][vc_column_text]Obcecado com o seu vazio existencial, Agam\u00e9mnon, um pai qualquer, trava [&hellip;]<\/p>\n","protected":false},"author":1,"featured_media":0,"parent":0,"menu_order":0,"comment_status":"closed","ping_status":"closed","template":"","meta":{"footnotes":""},"class_list":["post-5504","page","type-page","status-publish","hentry"],"_links":{"self":[{"href":"https:\/\/baal17.pt\/_www\/wp-json\/wp\/v2\/pages\/5504","targetHints":{"allow":["GET"]}}],"collection":[{"href":"https:\/\/baal17.pt\/_www\/wp-json\/wp\/v2\/pages"}],"about":[{"href":"https:\/\/baal17.pt\/_www\/wp-json\/wp\/v2\/types\/page"}],"author":[{"embeddable":true,"href":"https:\/\/baal17.pt\/_www\/wp-json\/wp\/v2\/users\/1"}],"replies":[{"embeddable":true,"href":"https:\/\/baal17.pt\/_www\/wp-json\/wp\/v2\/comments?post=5504"}],"version-history":[{"count":18,"href":"https:\/\/baal17.pt\/_www\/wp-json\/wp\/v2\/pages\/5504\/revisions"}],"predecessor-version":[{"id":5539,"href":"https:\/\/baal17.pt\/_www\/wp-json\/wp\/v2\/pages\/5504\/revisions\/5539"}],"wp:attachment":[{"href":"https:\/\/baal17.pt\/_www\/wp-json\/wp\/v2\/media?parent=5504"}],"curies":[{"name":"wp","href":"https:\/\/api.w.org\/{rel}","templated":true}]}}