{"id":5423,"date":"2025-10-21T14:54:32","date_gmt":"2025-10-21T14:54:32","guid":{"rendered":"https:\/\/baal17.pt\/_www\/?page_id=5423"},"modified":"2025-10-21T14:55:33","modified_gmt":"2025-10-21T14:55:33","slug":"o-pedro-e-que-sabe","status":"publish","type":"page","link":"https:\/\/baal17.pt\/_www\/o-pedro-e-que-sabe\/","title":{"rendered":"&#8220;O Pedro \u00e9 que sabe&#8221;"},"content":{"rendered":"\n<h2 class=\"wp-block-heading\">COPRODU\u00c7\u00c3O BAAL17 E MIGUEL MAGALH\u00c3ES NO \u00c2MBITO DO PROJETO SALTO<\/h2>\n\n\n\n<p>O Pedro \u00e9 que sabe\u201d \u00e9 o espet\u00e1culo vencedor do <strong>Projeto SALTO<\/strong> 2025. <\/p>\n\n\n\n<p>A encena\u00e7\u00e3o de Miguel Magalh\u00e3es parte da conhecida hist\u00f3ria de &#8220;Pedro e o Lobo&#8221; para questionar temas como a verdade, a mentira, os rumores e o impacto da desinforma\u00e7\u00e3o na forma como vemos o mundo e os outros.<\/p>\n\n\n\n<p><br>Dirigido a crian\u00e7as entre os 6 e os 10 anos, o espet\u00e1culo estreia a 24 de novembro, no Cineteatro Municipal de serpa, e ser\u00e1 apresentado aos alunos do 1.\u00ba ciclo de Serpa, at\u00e9 dia 27.  Antes da apresenta\u00e7\u00e3o ao p\u00fablico, a escola ser\u00e1 palco de sess\u00f5es de medi\u00e7\u00e3o juntos dos alunos com o objetivo de unir processos pedag\u00f3gicos e art\u00edsticos e fomentar o pensamento cr\u00edtico e a criatividade das crian\u00e7as, a partir dos temas abordados no espet\u00e1culo \u2014 a mentira, o medo, o preconceito, a verdade e os boatos.<\/p>\n\n\n\n<p>Fotografias de ensaio de Fabrice Ziegler <\/p>\n\n\n\n<div class=\"wp-block-columns is-layout-flex wp-container-core-columns-is-layout-9d6595d7 wp-block-columns-is-layout-flex\">\n<div class=\"wp-block-column is-layout-flow wp-block-column-is-layout-flow\">\n<figure data-wp-context=\"{&quot;imageId&quot;:&quot;69ef22da5879d&quot;}\" data-wp-interactive=\"core\/image\" data-wp-key=\"69ef22da5879d\" class=\"wp-block-image size-large wp-lightbox-container\"><img loading=\"lazy\" decoding=\"async\" width=\"1024\" height=\"683\" data-wp-class--hide=\"state.isContentHidden\" data-wp-class--show=\"state.isContentVisible\" data-wp-init=\"callbacks.setButtonStyles\" data-wp-on--click=\"actions.showLightbox\" data-wp-on--load=\"callbacks.setButtonStyles\" data-wp-on-window--resize=\"callbacks.setButtonStyles\" src=\"https:\/\/baal17.pt\/_www\/wp-content\/uploads\/2025\/10\/ENsaio-Salto25_15-10-25@FabriceZiegler-4-1024x683.jpg\" alt=\"\" class=\"wp-image-5424\" srcset=\"https:\/\/baal17.pt\/_www\/wp-content\/uploads\/2025\/10\/ENsaio-Salto25_15-10-25@FabriceZiegler-4-1024x683.jpg 1024w, https:\/\/baal17.pt\/_www\/wp-content\/uploads\/2025\/10\/ENsaio-Salto25_15-10-25@FabriceZiegler-4-300x200.jpg 300w, https:\/\/baal17.pt\/_www\/wp-content\/uploads\/2025\/10\/ENsaio-Salto25_15-10-25@FabriceZiegler-4-768x512.jpg 768w, https:\/\/baal17.pt\/_www\/wp-content\/uploads\/2025\/10\/ENsaio-Salto25_15-10-25@FabriceZiegler-4-1536x1024.jpg 1536w, https:\/\/baal17.pt\/_www\/wp-content\/uploads\/2025\/10\/ENsaio-Salto25_15-10-25@FabriceZiegler-4-2048x1365.jpg 2048w, https:\/\/baal17.pt\/_www\/wp-content\/uploads\/2025\/10\/ENsaio-Salto25_15-10-25@FabriceZiegler-4-150x100.jpg 150w\" sizes=\"auto, (max-width: 1024px) 100vw, 1024px\" \/><button\n\t\t\tclass=\"lightbox-trigger\"\n\t\t\ttype=\"button\"\n\t\t\taria-haspopup=\"dialog\"\n\t\t\taria-label=\"Ampliar\"\n\t\t\tdata-wp-init=\"callbacks.initTriggerButton\"\n\t\t\tdata-wp-on--click=\"actions.showLightbox\"\n\t\t\tdata-wp-style--right=\"state.imageButtonRight\"\n\t\t\tdata-wp-style--top=\"state.imageButtonTop\"\n\t\t>\n\t\t\t<svg xmlns=\"http:\/\/www.w3.org\/2000\/svg\" width=\"12\" height=\"12\" fill=\"none\" viewBox=\"0 0 12 12\">\n\t\t\t\t<path fill=\"#fff\" d=\"M2 0a2 2 0 0 0-2 2v2h1.5V2a.5.5 0 0 1 .5-.5h2V0H2Zm2 10.5H2a.5.5 0 0 1-.5-.5V8H0v2a2 2 0 0 0 2 2h2v-1.5ZM8 12v-1.5h2a.5.5 0 0 0 .5-.5V8H12v2a2 2 0 0 1-2 2H8Zm2-12a2 2 0 0 1 2 2v2h-1.5V2a.5.5 0 0 0-.5-.5H8V0h2Z\" \/>\n\t\t\t<\/svg>\n\t\t<\/button><\/figure>\n<\/div>\n\n\n\n<div class=\"wp-block-column is-layout-flow wp-block-column-is-layout-flow\">\n<figure class=\"wp-block-gallery has-nested-images columns-default is-cropped wp-block-gallery-1 is-layout-flex wp-block-gallery-is-layout-flex\">\n<figure data-wp-context=\"{&quot;imageId&quot;:&quot;69ef22da59003&quot;}\" data-wp-interactive=\"core\/image\" data-wp-key=\"69ef22da59003\" class=\"wp-block-image size-large wp-lightbox-container\"><img loading=\"lazy\" decoding=\"async\" width=\"1024\" height=\"683\" data-wp-class--hide=\"state.isContentHidden\" data-wp-class--show=\"state.isContentVisible\" data-wp-init=\"callbacks.setButtonStyles\" data-wp-on--click=\"actions.showLightbox\" data-wp-on--load=\"callbacks.setButtonStyles\" data-wp-on-window--resize=\"callbacks.setButtonStyles\" data-id=\"5425\" src=\"https:\/\/baal17.pt\/_www\/wp-content\/uploads\/2025\/10\/ENsaio-Salto25_15-10-25@FabriceZiegler-37-1024x683.jpg\" alt=\"\" class=\"wp-image-5425\" srcset=\"https:\/\/baal17.pt\/_www\/wp-content\/uploads\/2025\/10\/ENsaio-Salto25_15-10-25@FabriceZiegler-37-1024x683.jpg 1024w, https:\/\/baal17.pt\/_www\/wp-content\/uploads\/2025\/10\/ENsaio-Salto25_15-10-25@FabriceZiegler-37-300x200.jpg 300w, https:\/\/baal17.pt\/_www\/wp-content\/uploads\/2025\/10\/ENsaio-Salto25_15-10-25@FabriceZiegler-37-768x512.jpg 768w, https:\/\/baal17.pt\/_www\/wp-content\/uploads\/2025\/10\/ENsaio-Salto25_15-10-25@FabriceZiegler-37-1536x1024.jpg 1536w, https:\/\/baal17.pt\/_www\/wp-content\/uploads\/2025\/10\/ENsaio-Salto25_15-10-25@FabriceZiegler-37-2048x1365.jpg 2048w, https:\/\/baal17.pt\/_www\/wp-content\/uploads\/2025\/10\/ENsaio-Salto25_15-10-25@FabriceZiegler-37-150x100.jpg 150w\" sizes=\"auto, (max-width: 1024px) 100vw, 1024px\" \/><button\n\t\t\tclass=\"lightbox-trigger\"\n\t\t\ttype=\"button\"\n\t\t\taria-haspopup=\"dialog\"\n\t\t\taria-label=\"Ampliar\"\n\t\t\tdata-wp-init=\"callbacks.initTriggerButton\"\n\t\t\tdata-wp-on--click=\"actions.showLightbox\"\n\t\t\tdata-wp-style--right=\"state.imageButtonRight\"\n\t\t\tdata-wp-style--top=\"state.imageButtonTop\"\n\t\t>\n\t\t\t<svg xmlns=\"http:\/\/www.w3.org\/2000\/svg\" width=\"12\" height=\"12\" fill=\"none\" viewBox=\"0 0 12 12\">\n\t\t\t\t<path fill=\"#fff\" d=\"M2 0a2 2 0 0 0-2 2v2h1.5V2a.5.5 0 0 1 .5-.5h2V0H2Zm2 10.5H2a.5.5 0 0 1-.5-.5V8H0v2a2 2 0 0 0 2 2h2v-1.5ZM8 12v-1.5h2a.5.5 0 0 0 .5-.5V8H12v2a2 2 0 0 1-2 2H8Zm2-12a2 2 0 0 1 2 2v2h-1.5V2a.5.5 0 0 0-.5-.5H8V0h2Z\" \/>\n\t\t\t<\/svg>\n\t\t<\/button><\/figure>\n<\/figure>\n<\/div>\n\n\n\n<div class=\"wp-block-column is-layout-flow wp-block-column-is-layout-flow\">\n<figure data-wp-context=\"{&quot;imageId&quot;:&quot;69ef22da5949d&quot;}\" data-wp-interactive=\"core\/image\" data-wp-key=\"69ef22da5949d\" class=\"wp-block-image size-large wp-lightbox-container\"><img loading=\"lazy\" decoding=\"async\" width=\"1024\" height=\"683\" data-wp-class--hide=\"state.isContentHidden\" data-wp-class--show=\"state.isContentVisible\" data-wp-init=\"callbacks.setButtonStyles\" data-wp-on--click=\"actions.showLightbox\" data-wp-on--load=\"callbacks.setButtonStyles\" data-wp-on-window--resize=\"callbacks.setButtonStyles\" src=\"https:\/\/baal17.pt\/_www\/wp-content\/uploads\/2025\/10\/ENsaio-Salto25_15-10-25@FabriceZiegler-22-1024x683.jpg\" alt=\"\" class=\"wp-image-5426\" srcset=\"https:\/\/baal17.pt\/_www\/wp-content\/uploads\/2025\/10\/ENsaio-Salto25_15-10-25@FabriceZiegler-22-1024x683.jpg 1024w, https:\/\/baal17.pt\/_www\/wp-content\/uploads\/2025\/10\/ENsaio-Salto25_15-10-25@FabriceZiegler-22-300x200.jpg 300w, https:\/\/baal17.pt\/_www\/wp-content\/uploads\/2025\/10\/ENsaio-Salto25_15-10-25@FabriceZiegler-22-768x512.jpg 768w, https:\/\/baal17.pt\/_www\/wp-content\/uploads\/2025\/10\/ENsaio-Salto25_15-10-25@FabriceZiegler-22-1536x1024.jpg 1536w, https:\/\/baal17.pt\/_www\/wp-content\/uploads\/2025\/10\/ENsaio-Salto25_15-10-25@FabriceZiegler-22-2048x1365.jpg 2048w, https:\/\/baal17.pt\/_www\/wp-content\/uploads\/2025\/10\/ENsaio-Salto25_15-10-25@FabriceZiegler-22-150x100.jpg 150w\" sizes=\"auto, (max-width: 1024px) 100vw, 1024px\" \/><button\n\t\t\tclass=\"lightbox-trigger\"\n\t\t\ttype=\"button\"\n\t\t\taria-haspopup=\"dialog\"\n\t\t\taria-label=\"Ampliar\"\n\t\t\tdata-wp-init=\"callbacks.initTriggerButton\"\n\t\t\tdata-wp-on--click=\"actions.showLightbox\"\n\t\t\tdata-wp-style--right=\"state.imageButtonRight\"\n\t\t\tdata-wp-style--top=\"state.imageButtonTop\"\n\t\t>\n\t\t\t<svg xmlns=\"http:\/\/www.w3.org\/2000\/svg\" width=\"12\" height=\"12\" fill=\"none\" viewBox=\"0 0 12 12\">\n\t\t\t\t<path fill=\"#fff\" d=\"M2 0a2 2 0 0 0-2 2v2h1.5V2a.5.5 0 0 1 .5-.5h2V0H2Zm2 10.5H2a.5.5 0 0 1-.5-.5V8H0v2a2 2 0 0 0 2 2h2v-1.5ZM8 12v-1.5h2a.5.5 0 0 0 .5-.5V8H12v2a2 2 0 0 1-2 2H8Zm2-12a2 2 0 0 1 2 2v2h-1.5V2a.5.5 0 0 0-.5-.5H8V0h2Z\" \/>\n\t\t\t<\/svg>\n\t\t<\/button><\/figure>\n<\/div>\n<\/div>\n\n\n\n<p><\/p>\n","protected":false},"excerpt":{"rendered":"<p>COPRODU\u00c7\u00c3O BAAL17 E MIGUEL MAGALH\u00c3ES NO \u00c2MBITO DO PROJETO SALTO O Pedro \u00e9 que sabe\u201d \u00e9 o espet\u00e1culo vencedor do Projeto SALTO 2025. A encena\u00e7\u00e3o de Miguel Magalh\u00e3es parte da conhecida hist\u00f3ria de &#8220;Pedro e o Lobo&#8221; para questionar temas como a verdade, a mentira, os rumores e o impacto [&hellip;]<\/p>\n","protected":false},"author":1,"featured_media":0,"parent":0,"menu_order":0,"comment_status":"closed","ping_status":"closed","template":"","meta":{"footnotes":""},"class_list":["post-5423","page","type-page","status-publish","hentry"],"_links":{"self":[{"href":"https:\/\/baal17.pt\/_www\/wp-json\/wp\/v2\/pages\/5423","targetHints":{"allow":["GET"]}}],"collection":[{"href":"https:\/\/baal17.pt\/_www\/wp-json\/wp\/v2\/pages"}],"about":[{"href":"https:\/\/baal17.pt\/_www\/wp-json\/wp\/v2\/types\/page"}],"author":[{"embeddable":true,"href":"https:\/\/baal17.pt\/_www\/wp-json\/wp\/v2\/users\/1"}],"replies":[{"embeddable":true,"href":"https:\/\/baal17.pt\/_www\/wp-json\/wp\/v2\/comments?post=5423"}],"version-history":[{"count":2,"href":"https:\/\/baal17.pt\/_www\/wp-json\/wp\/v2\/pages\/5423\/revisions"}],"predecessor-version":[{"id":5429,"href":"https:\/\/baal17.pt\/_www\/wp-json\/wp\/v2\/pages\/5423\/revisions\/5429"}],"wp:attachment":[{"href":"https:\/\/baal17.pt\/_www\/wp-json\/wp\/v2\/media?parent=5423"}],"curies":[{"name":"wp","href":"https:\/\/api.w.org\/{rel}","templated":true}]}}