{"id":5224,"date":"2025-06-30T16:10:53","date_gmt":"2025-06-30T16:10:53","guid":{"rendered":"https:\/\/baal17.pt\/_www\/?page_id=5224"},"modified":"2025-06-30T16:11:27","modified_gmt":"2025-06-30T16:11:27","slug":"5224-2","status":"publish","type":"page","link":"https:\/\/baal17.pt\/_www\/5224-2\/","title":{"rendered":"LA TREMENDA SONORA"},"content":{"rendered":"<p><img loading=\"lazy\" decoding=\"async\" class=\"alignnone wp-image-5175 size-large\" src=\"https:\/\/baal17.pt\/_www\/wp-content\/uploads\/2025\/06\/11-NNN25_MOLDURAS_SITE_La-Tremenda-1024x1024.jpg\" alt=\"\" width=\"1024\" height=\"1024\" srcset=\"https:\/\/baal17.pt\/_www\/wp-content\/uploads\/2025\/06\/11-NNN25_MOLDURAS_SITE_La-Tremenda-1024x1024.jpg 1024w, https:\/\/baal17.pt\/_www\/wp-content\/uploads\/2025\/06\/11-NNN25_MOLDURAS_SITE_La-Tremenda-300x300.jpg 300w, https:\/\/baal17.pt\/_www\/wp-content\/uploads\/2025\/06\/11-NNN25_MOLDURAS_SITE_La-Tremenda-150x150.jpg 150w, https:\/\/baal17.pt\/_www\/wp-content\/uploads\/2025\/06\/11-NNN25_MOLDURAS_SITE_La-Tremenda-768x768.jpg 768w, https:\/\/baal17.pt\/_www\/wp-content\/uploads\/2025\/06\/11-NNN25_MOLDURAS_SITE_La-Tremenda.jpg 1080w\" sizes=\"auto, (max-width: 1024px) 100vw, 1024px\" \/><\/p>\n<p class=\"p1\"><b>19.07 S\u00c1BADO I SATURDAY<\/b><\/p>\n<p class=\"p1\">22H30 M\u00daSICA I MUSIC<\/p>\n<p class=\"p1\"><b>ESPA\u00c7O NORA<\/b><\/p>\n<h2 class=\"p1\">LA TREMENDA SONORA<\/h2>\n<h3 class=\"p1\"><i>Salsa Brav\u00edssima <\/i><\/h3>\n<p class=\"p2\">La Tremenda Sonora foi fundada em 2023 e rapidamente ganhou reconhecimento em Portugal, apresentando-se em locais renomados como Music Box, B.leza e F\u00e1brica Bra\u00e7o de Prata, assim como em festivais como o Festival Nascentes, Festival Catraia e o Festival da Independ\u00eancia da Col\u00f4mbia, organizado pela Embaixada da Col\u00f4mbia em Lisboa, conquistando o p\u00fablico com sua energia contagiante e dedica\u00e7\u00e3o \u00e0 m\u00fasica salsa. La Tremenda Sonora foca em composi\u00e7\u00f5es originais, criando m\u00fasicas que combinam a riqueza das tradi\u00e7\u00f5es do g\u00e9nero com um som distinto, moldado pela diversidade cultural dos seus integrantes. A sua m\u00fasica \u00e9 uma celebra\u00e7\u00e3o aut\u00eantica da diversidade cultural, refletida nas origens dos membros da banda, que v\u00eam da Argentina, Col\u00f4mbia, Rep\u00fablica Dominicana, Brasil, Fran\u00e7a, It\u00e1lia, Espanha, Estados Unidos e Portugal. Essa diversidade n\u00e3o \u00e9 apenas uma influ\u00eancia, mas o cerne da sua identidade e a for\u00e7a motriz por tr\u00e1s do seu processo criativo.<\/p>\n<p class=\"p2\"><b>Daniele Pistone<\/b>: Baixo I <b>Alexander Weiss<\/b>: Teclado I <b>Gabriel Grondona<\/b>: Timbales I <b>Theo Thornton:<\/b> Bongo \/ campana \/ quinto I <b>Guilherme Macedo<\/b>: Congas I <b>Edison Otero:<\/b> Trompete I <b>Diogo Pic\u00e3o<\/b>: Saxofone soprano I <b>\u00cdris Tholsman<\/b>: Trombone I <b>Edoardo Pasta<\/b>: Voz, 2.\u00ba trompete I <b>Martin Alvarez<\/b>: Voz I <b>Ezequiel Delgado:<\/b> Voz<\/p>\n<p class=\"p5\">Classifica\u00e7\u00e3o: <b>M\/14 anos<\/b> I Dura\u00e7\u00e3o: <b>90mn<\/b><\/p>\n<p class=\"p6\"><b>Mais info: @latremendasonora<\/b><\/p>\n","protected":false},"excerpt":{"rendered":"<p>19.07 S\u00c1BADO I SATURDAY 22H30 M\u00daSICA I MUSIC ESPA\u00c7O NORA LA TREMENDA SONORA Salsa Brav\u00edssima La Tremenda Sonora foi fundada em 2023 e rapidamente ganhou reconhecimento em Portugal, apresentando-se em locais renomados como Music Box, B.leza e F\u00e1brica Bra\u00e7o de Prata, assim como em festivais como o Festival Nascentes, Festival [&hellip;]<\/p>\n","protected":false},"author":2,"featured_media":0,"parent":0,"menu_order":0,"comment_status":"closed","ping_status":"closed","template":"","meta":{"footnotes":""},"class_list":["post-5224","page","type-page","status-publish","hentry"],"_links":{"self":[{"href":"https:\/\/baal17.pt\/_www\/wp-json\/wp\/v2\/pages\/5224","targetHints":{"allow":["GET"]}}],"collection":[{"href":"https:\/\/baal17.pt\/_www\/wp-json\/wp\/v2\/pages"}],"about":[{"href":"https:\/\/baal17.pt\/_www\/wp-json\/wp\/v2\/types\/page"}],"author":[{"embeddable":true,"href":"https:\/\/baal17.pt\/_www\/wp-json\/wp\/v2\/users\/2"}],"replies":[{"embeddable":true,"href":"https:\/\/baal17.pt\/_www\/wp-json\/wp\/v2\/comments?post=5224"}],"version-history":[{"count":2,"href":"https:\/\/baal17.pt\/_www\/wp-json\/wp\/v2\/pages\/5224\/revisions"}],"predecessor-version":[{"id":5226,"href":"https:\/\/baal17.pt\/_www\/wp-json\/wp\/v2\/pages\/5224\/revisions\/5226"}],"wp:attachment":[{"href":"https:\/\/baal17.pt\/_www\/wp-json\/wp\/v2\/media?parent=5224"}],"curies":[{"name":"wp","href":"https:\/\/api.w.org\/{rel}","templated":true}]}}