{"id":5218,"date":"2025-06-30T16:08:19","date_gmt":"2025-06-30T16:08:19","guid":{"rendered":"https:\/\/baal17.pt\/_www\/?page_id=5218"},"modified":"2025-06-30T16:08:30","modified_gmt":"2025-06-30T16:08:30","slug":"5218-2","status":"publish","type":"page","link":"https:\/\/baal17.pt\/_www\/5218-2\/","title":{"rendered":"COLINE GRAS"},"content":{"rendered":"<p><img loading=\"lazy\" decoding=\"async\" class=\"alignnone wp-image-5172 size-large\" src=\"https:\/\/baal17.pt\/_www\/wp-content\/uploads\/2025\/06\/8-NNN25_MOLDURAS_SITE_Coline-1024x1024.jpg\" alt=\"\" width=\"1024\" height=\"1024\" srcset=\"https:\/\/baal17.pt\/_www\/wp-content\/uploads\/2025\/06\/8-NNN25_MOLDURAS_SITE_Coline-1024x1024.jpg 1024w, https:\/\/baal17.pt\/_www\/wp-content\/uploads\/2025\/06\/8-NNN25_MOLDURAS_SITE_Coline-300x300.jpg 300w, https:\/\/baal17.pt\/_www\/wp-content\/uploads\/2025\/06\/8-NNN25_MOLDURAS_SITE_Coline-150x150.jpg 150w, https:\/\/baal17.pt\/_www\/wp-content\/uploads\/2025\/06\/8-NNN25_MOLDURAS_SITE_Coline-768x768.jpg 768w, https:\/\/baal17.pt\/_www\/wp-content\/uploads\/2025\/06\/8-NNN25_MOLDURAS_SITE_Coline.jpg 1080w\" sizes=\"auto, (max-width: 1024px) 100vw, 1024px\" \/><\/p>\n<p class=\"p1\">22h30 DAN\u00c7A I DANCE<\/p>\n<p class=\"p1\"><b>ESPA\u00c7O NORA<\/b><\/p>\n<h2 class=\"p1\">COLINE GRAS<\/h2>\n<h3 class=\"p1\"><i>A Coldek<\/i><\/h3>\n<p class=\"p2\">COLDEK \u00e9 uma cria\u00e7\u00e3o de dan\u00e7a que nasce da estranheza e da amorizade profunda que se abriu entre dois seres t\u00e3o diferentes, Coline, humana e Saldek, cavalo. Caminharam juntos durante anos ao encontro deles pr\u00f3prios ouvindo o cora\u00e7\u00e3o do outro e dos outros. Dan\u00e7ar. Saltar. Falar segredos. Desvelar. Respirar. Agora que Saldek voou para as estrelas, a dan\u00e7a quis estar onde o amor vai sendo poeira estelar. Esta pe\u00e7a \u00e9 a complexidade que envolve tudo isso. Quem nunca quis inventar a sua vida?<\/p>\n<p class=\"p2\">Dire\u00e7\u00e3o art\u00edstica e dan\u00e7a: <b>Coline <\/b>Gras com a presen\u00e7a aus\u00eancia de Saldek I Dire\u00e7\u00e3o art\u00edstica e cria\u00e7\u00e3o do movimento: <b>Sofia Neuparth<\/b> I Composi\u00e7\u00e3o original, interpreta\u00e7\u00e3o da m\u00fasica e presen\u00e7a em cena: <b>Bruno Azevedo e Pedro Domingos<\/b> I Figurino e presen\u00e7a em cena: <b>Am\u00e1lia Segreira Vaz<\/b> I Suporte ao movimento da cria\u00e7\u00e3o: <b>Christine Quoiraud<\/b> I Suporte \u00e0 compreens\u00e3o da linguagem dos cavalos: <b>Pilar Sala<\/b> I Produ\u00e7\u00e3o musical e engenharia de som: <b>BZ5 RECORDS<\/b> I Diretor T\u00e9cnico: <b>Bruno de Azevedo<\/b> I Foto cartaz: <b>Vanessa Jorda<\/b> I Produ\u00e7\u00e3o: <b>Associa\u00e7\u00e3o CO<\/b> I Apoio \u00e0 produ\u00e7\u00e3o<b>: Cristina Vilhena<\/b> I APOIOS: Funda\u00e7\u00e3o GDA, CULTURE MOVES, c.e.m- centro em movimento, Baal17.<\/p>\n<p class=\"p2\">Classifica\u00e7\u00e3o: <b>M\/6 anos<\/b> I Dura\u00e7\u00e3o: <b>40 mn<\/b><\/p>\n<p class=\"p5\"><span class=\"s1\"><b>Mais info: <\/b><a href=\"https:\/\/www.instagram.com\/clo.dek\/\"><span class=\"s2\"><b>https:\/\/www.instagram.com\/clo.dek\/<\/b><\/span><\/a><\/span><\/p>\n<p class=\"p1\">*apresenta\u00e7\u00f5es inseridas no projeto CA \u2013 Cultura Viva &#8211; acolhimentos de resid\u00eancias de cria\u00e7\u00e3o art\u00edstica.<\/p>\n","protected":false},"excerpt":{"rendered":"<p>22h30 DAN\u00c7A I DANCE ESPA\u00c7O NORA COLINE GRAS A Coldek COLDEK \u00e9 uma cria\u00e7\u00e3o de dan\u00e7a que nasce da estranheza e da amorizade profunda que se abriu entre dois seres t\u00e3o diferentes, Coline, humana e Saldek, cavalo. Caminharam juntos durante anos ao encontro deles pr\u00f3prios ouvindo o cora\u00e7\u00e3o do outro [&hellip;]<\/p>\n","protected":false},"author":2,"featured_media":0,"parent":0,"menu_order":0,"comment_status":"closed","ping_status":"closed","template":"","meta":{"footnotes":""},"class_list":["post-5218","page","type-page","status-publish","hentry"],"_links":{"self":[{"href":"https:\/\/baal17.pt\/_www\/wp-json\/wp\/v2\/pages\/5218","targetHints":{"allow":["GET"]}}],"collection":[{"href":"https:\/\/baal17.pt\/_www\/wp-json\/wp\/v2\/pages"}],"about":[{"href":"https:\/\/baal17.pt\/_www\/wp-json\/wp\/v2\/types\/page"}],"author":[{"embeddable":true,"href":"https:\/\/baal17.pt\/_www\/wp-json\/wp\/v2\/users\/2"}],"replies":[{"embeddable":true,"href":"https:\/\/baal17.pt\/_www\/wp-json\/wp\/v2\/comments?post=5218"}],"version-history":[{"count":2,"href":"https:\/\/baal17.pt\/_www\/wp-json\/wp\/v2\/pages\/5218\/revisions"}],"predecessor-version":[{"id":5220,"href":"https:\/\/baal17.pt\/_www\/wp-json\/wp\/v2\/pages\/5218\/revisions\/5220"}],"wp:attachment":[{"href":"https:\/\/baal17.pt\/_www\/wp-json\/wp\/v2\/media?parent=5218"}],"curies":[{"name":"wp","href":"https:\/\/api.w.org\/{rel}","templated":true}]}}