{"id":5216,"date":"2025-06-30T16:07:02","date_gmt":"2025-06-30T16:07:02","guid":{"rendered":"https:\/\/baal17.pt\/_www\/?page_id=5216"},"modified":"2025-06-30T16:07:23","modified_gmt":"2025-06-30T16:07:23","slug":"astro-fingido","status":"publish","type":"page","link":"https:\/\/baal17.pt\/_www\/astro-fingido\/","title":{"rendered":"ASTRO FINGIDO"},"content":{"rendered":"<p><img loading=\"lazy\" decoding=\"async\" class=\"alignnone wp-image-5173 size-large\" src=\"https:\/\/baal17.pt\/_www\/wp-content\/uploads\/2025\/06\/9-NNN25_MOLDURAS_SITE_Astro-1024x1024.jpg\" alt=\"\" width=\"1024\" height=\"1024\" srcset=\"https:\/\/baal17.pt\/_www\/wp-content\/uploads\/2025\/06\/9-NNN25_MOLDURAS_SITE_Astro-1024x1024.jpg 1024w, https:\/\/baal17.pt\/_www\/wp-content\/uploads\/2025\/06\/9-NNN25_MOLDURAS_SITE_Astro-300x300.jpg 300w, https:\/\/baal17.pt\/_www\/wp-content\/uploads\/2025\/06\/9-NNN25_MOLDURAS_SITE_Astro-150x150.jpg 150w, https:\/\/baal17.pt\/_www\/wp-content\/uploads\/2025\/06\/9-NNN25_MOLDURAS_SITE_Astro-768x768.jpg 768w, https:\/\/baal17.pt\/_www\/wp-content\/uploads\/2025\/06\/9-NNN25_MOLDURAS_SITE_Astro.jpg 1080w\" sizes=\"auto, (max-width: 1024px) 100vw, 1024px\" \/><\/p>\n<p class=\"p1\"><b>17.07<\/b> <b>QUINTA I THURSDAY<\/b><\/p>\n<p class=\"p1\"><b>22H30<\/b> TEATRO I THEATRE<\/p>\n<p class=\"p1\"><b>ESPA\u00c7O NORA<\/b><\/p>\n<h2 class=\"p1\">ASTRO FINGIDO<\/h2>\n<h3 class=\"p1\"><i>R\u00e1dio Pirata<\/i><\/h3>\n<p class=\"p2\"><i>R\u00e1dio Pirata<\/i> transporta-nos para os anos 80, quando as r\u00e1dios piratas come\u00e7aram a surgir em Portugal. Atrav\u00e9s de um grupo de jovens, o espet\u00e1culo explora a energia de uma \u00e9poca de descoberta, numa democracia rec\u00e9m-conquistada, onde a r\u00e1dio se tornava um espa\u00e7o de liberdade, permitindo ouvir m\u00fasicas diferentes, debater temas ausentes da comunica\u00e7\u00e3o social e criar novos desafios culturais. Neste regresso ao passado, com o corpo no presente, Rui, S\u00f3nia, F\u00e1, Rafael e Ada imergem nas mem\u00f3rias da gera\u00e7\u00e3o dos pais, recuperando m\u00fasicas, acontecimentos hist\u00f3ricos \u2014 como a queda do Muro de Berlim e a entrada de Portugal na CEE \u2014 e a esperan\u00e7a num futuro promissor. Entre cor, ritmo e emo\u00e7\u00e3o, &#8220;R\u00e1dio Pirata&#8221; questiona o papel das r\u00e1dios livres no contexto atual das plataformas de r\u00e1dio online e podcasts, ao mesmo tempo que resgata a ingenuidade e frescura de um tempo em que tudo parecia poss\u00edvel. O espet\u00e1culo \u00e9 uma celebra\u00e7\u00e3o da descoberta, da liberdade e da mem\u00f3ria, convidando o p\u00fablico a ver e ouvir tanto os que fazem a r\u00e1dio quanto as vozes \u200bde que\u200bm a escuta.<\/p>\n<p class=\"p2\">Dire\u00e7\u00e3o art\u00edstica: <b>\u00c2ngela Marques e Fernando Moreira<\/b> I Dramaturgia e Encena\u00e7\u00e3o: <b>Fernando Moreira<\/b> I Assist\u00eancia d e Encena\u00e7\u00e3o e Coreografias: <b>Andrea Gabilondo<\/b> I Interpreta\u00e7\u00e3o: <b>\u00c2ngela Marques, Francisca Barosa, Guilherme Palha, J\u00e1va e Jo\u00e3o Delgado Louren\u00e7o<\/b> I Sonoplastia e desenho de som: <b>Alberto Lopes\u200b<\/b> I M\u00fasicas: Video Killed the Radio Star- The Buggles I I don\u2019t like Mondays- The Boomtown Rats I We didn\u2019t Start the Fire- Billy Joel I Don\u2019t Stop Believing- Journey I Portugal na CEE- GNR I Mambo Caliente- Tito Puentes I We Built this City- Starship I Te Quiero Mucho- Mexican IInstitute of Sound I Lover Why- Century I Time After Time- Cyndi Lauper I Toy Soldiers &#8211; Martika I Beat It &#8211; Michael Jackson I Love Is a Battlefield &#8211; Pat Benatar I Espa\u00e7o c\u00e9nico: <b>Beatriz Prada e Fernando Moreira<\/b> I Constru\u00e7\u00e3o de cenografia: <b>Josu\u00e9 Maia<\/b> I Desenho de luz: <b>Tiago Silva e Jo\u00e3o Brito<\/b> I Opera\u00e7\u00e3o t\u00e9cnica de luz: <b>Nuno Almeida<\/b> I Registo fotogr\u00e1fico: <b>Paulo Pimenta<\/b> I Registo Videogr\u00e1fico: <b>Armando Pinheiro\/PortoImagem<\/b> I Design gr\u00e1fico: <b>Atelier d\u2019Alves I <\/b>Assistente de dire\u00e7\u00e3o art\u00edstica: <b>Jaqueline Figueiredo<\/b> I Produ\u00e7\u00e3o: <b>Astro Fingido<\/b> I Financiamento: <b>Rep\u00fablica Portuguesa Minist\u00e9rio da Cultura \/ DGArtes<\/b> I Apoio: <b>Munic\u00edpio de Paredes<\/b> I Agradecimentos: F\u00e1tima Viana, Filipe Bessa, Firmino Meireles, Jo\u00e3o Vasconcelos, Lu\u00eds \u00c2ngelo Fernandes, Paulo Gon\u00e7alves e Rafael Telmo.<\/p>\n<p class=\"p2\">Classifica\u00e7\u00e3o<b>: M\/12 anos<\/b> I Dura\u00e7\u00e3o<b>: 60 mn<\/b><\/p>\n<p class=\"p4\"><b>Mais info: www.astrofingido.com<\/b><\/p>\n","protected":false},"excerpt":{"rendered":"<p>17.07 QUINTA I THURSDAY 22H30 TEATRO I THEATRE ESPA\u00c7O NORA ASTRO FINGIDO R\u00e1dio Pirata R\u00e1dio Pirata transporta-nos para os anos 80, quando as r\u00e1dios piratas come\u00e7aram a surgir em Portugal. Atrav\u00e9s de um grupo de jovens, o espet\u00e1culo explora a energia de uma \u00e9poca de descoberta, numa democracia rec\u00e9m-conquistada, onde [&hellip;]<\/p>\n","protected":false},"author":2,"featured_media":0,"parent":0,"menu_order":0,"comment_status":"closed","ping_status":"closed","template":"","meta":{"footnotes":""},"class_list":["post-5216","page","type-page","status-publish","hentry"],"_links":{"self":[{"href":"https:\/\/baal17.pt\/_www\/wp-json\/wp\/v2\/pages\/5216","targetHints":{"allow":["GET"]}}],"collection":[{"href":"https:\/\/baal17.pt\/_www\/wp-json\/wp\/v2\/pages"}],"about":[{"href":"https:\/\/baal17.pt\/_www\/wp-json\/wp\/v2\/types\/page"}],"author":[{"embeddable":true,"href":"https:\/\/baal17.pt\/_www\/wp-json\/wp\/v2\/users\/2"}],"replies":[{"embeddable":true,"href":"https:\/\/baal17.pt\/_www\/wp-json\/wp\/v2\/comments?post=5216"}],"version-history":[{"count":1,"href":"https:\/\/baal17.pt\/_www\/wp-json\/wp\/v2\/pages\/5216\/revisions"}],"predecessor-version":[{"id":5217,"href":"https:\/\/baal17.pt\/_www\/wp-json\/wp\/v2\/pages\/5216\/revisions\/5217"}],"wp:attachment":[{"href":"https:\/\/baal17.pt\/_www\/wp-json\/wp\/v2\/media?parent=5216"}],"curies":[{"name":"wp","href":"https:\/\/api.w.org\/{rel}","templated":true}]}}