{"id":5213,"date":"2025-06-30T16:05:08","date_gmt":"2025-06-30T16:05:08","guid":{"rendered":"https:\/\/baal17.pt\/_www\/?page_id=5213"},"modified":"2025-12-10T12:17:03","modified_gmt":"2025-12-10T12:17:03","slug":"5213-2","status":"publish","type":"page","link":"https:\/\/baal17.pt\/_www\/5213-2\/","title":{"rendered":"a.m.o.r. \u2013 Associa\u00e7\u00e3o Mulheres Outono Rebelde"},"content":{"rendered":"<p><img loading=\"lazy\" decoding=\"async\" class=\"alignnone wp-image-5171 size-large\" src=\"https:\/\/baal17.pt\/_www\/wp-content\/uploads\/2025\/06\/7-NNN25_MOLDURAS_SITE_Amar-1024x1024.jpg\" alt=\"\" width=\"1024\" height=\"1024\" srcset=\"https:\/\/baal17.pt\/_www\/wp-content\/uploads\/2025\/06\/7-NNN25_MOLDURAS_SITE_Amar-1024x1024.jpg 1024w, https:\/\/baal17.pt\/_www\/wp-content\/uploads\/2025\/06\/7-NNN25_MOLDURAS_SITE_Amar-300x300.jpg 300w, https:\/\/baal17.pt\/_www\/wp-content\/uploads\/2025\/06\/7-NNN25_MOLDURAS_SITE_Amar-150x150.jpg 150w, https:\/\/baal17.pt\/_www\/wp-content\/uploads\/2025\/06\/7-NNN25_MOLDURAS_SITE_Amar-768x768.jpg 768w, https:\/\/baal17.pt\/_www\/wp-content\/uploads\/2025\/06\/7-NNN25_MOLDURAS_SITE_Amar.jpg 1080w\" sizes=\"auto, (max-width: 1024px) 100vw, 1024px\" \/><\/p>\n<p class=\"p1\"><b>16.07<\/b> <b>QUARTA I WEDNESDAY *<\/b><\/p>\n<p class=\"p1\">22H00 TEATRO I PERFORMANCE<\/p>\n<p class=\"p1\"><b>CA \u2013 CULTURA VIVA<\/b><\/p>\n<h2 class=\"p1\">a.m.o.r. \u2013 Associa\u00e7\u00e3o Mulheres Outono Rebelde<\/h2>\n<h3 class=\"p1\"><i>(Des) Teceres<\/i><\/h3>\n<p class=\"p2\">Tal como as aranhas, partimos de uma estrutura base, literalmente a planta da nossa casa. E tal como elas, essa estrutura pode montar-se em qualquer lugar. A partir da\u00ed, entramos no esp\u00edrito da sopa de pedra: em cada lugar e\/ou com cada comunidade fomentamos a vontade de juntar um ingrediente, que pode ser literal, j\u00e1 que queremos mesmo cozinhar, mas tamb\u00e9m um som, uma imagem, um movimento, uma hist\u00f3ria&#8230; Dir\u00edamos que os ingredientes saem do dia-a-dia, mas ser\u00e3o servidos em baixelas performaticas, que mais n\u00e3o \u00e9 que mostrar a espetacularidade do quotidiano. Um \u201ccozinhado\u201d que come\u00e7ou em Serpa, em outubro de 2024, passou por \u00c9vora e Lisboa, e voltou a Serpa, primeiro em forma de Oficinas com a Cercibeja e a Academia S\u00e9nior de Serpa, cruciais para contaminar com outros ingredientes a performance, e depois em resid\u00eancia mais uma vez no CA \u2013 Cultura Viva, momento que se firmou enquanto uma esp\u00e9cie de devaneio onde as gentes que fomos cruzando aparecem de forma mais ou menos vis\u00edvel.<\/p>\n<p class=\"p1\">Uma performance de <b>Carlos Lima, Fabrice Ziegler, Isadora Dantas, Luz da Camara e Nuno Torres<\/b> I produ\u00e7\u00e3o: a.m.o.r. \u2013 associa\u00e7\u00e3o de mulheres outono rebelde I Acolhimento em resid\u00eancia e apoio \u00e0 cria\u00e7\u00e3o: Baal17 \u2013 Companhia de Teatro e c.e.m &#8211; centro em movimento I Acolhimento: A bruxa Teatro I Apoio \u00e0 cria\u00e7\u00e3o: Cercibeja e da Academia S\u00e9nior de Serpa I<\/p>\n<p class=\"p1\">Agradecimentos: Sofia Neuparth, Cristina Vilhena, Margarida Agostinho, Chissangue Afonso; S\u00e3o Neves; Florindo Carvela; Pal\u00e1cio Ficalho, Serpa; S\u00e9rgio Ramos;<\/p>\n<div class=\"v1gmail_attr\" dir=\"ltr\">E ainda<\/div>\n<div class=\"v1gmail_attr\" dir=\"ltr\"><strong>Cercibeja<\/strong>: Ant\u00f3nio M\u00f3sca e Florival Candeias (desenhos)Vanda Rodrigues e C\u00e9u Serra Lopes (media\u00e7\u00e3o); Rita, Milene, Jos\u00e9 Maria, Ant\u00f3nio, Suzete, Maria Ana, Marta, H\u00e9lder e Jo\u00e3o (hist\u00f3ria) &amp; <strong>Academia S\u00e9nior de Serpa<\/strong>: Ana Parreira, Cristina Maldonado, Cesaltina Rosa, Fernanda Casadinho, Concei\u00e7\u00e3o Paix\u00e3o e Carmo Abreu<\/div>\n<p class=\"p1\">Classifica\u00e7\u00e3o: <b>M\/6 anos<\/b> I Dura\u00e7\u00e3o: <b>50 mn<\/b><\/p>\n<p class=\"p5\"><span class=\"s1\"><b>Mais info:<\/b> <a href=\"https:\/\/desteceres2024.hotglue.me\/\"><span class=\"s2\">https:\/\/desteceres2024.hotglue.me\/<\/span><\/a><\/span><\/p>\n","protected":false},"excerpt":{"rendered":"<p>16.07 QUARTA I WEDNESDAY * 22H00 TEATRO I PERFORMANCE CA \u2013 CULTURA VIVA a.m.o.r. \u2013 Associa\u00e7\u00e3o Mulheres Outono Rebelde (Des) Teceres Tal como as aranhas, partimos de uma estrutura base, literalmente a planta da nossa casa. E tal como elas, essa estrutura pode montar-se em qualquer lugar. A partir da\u00ed, [&hellip;]<\/p>\n","protected":false},"author":2,"featured_media":0,"parent":0,"menu_order":0,"comment_status":"closed","ping_status":"closed","template":"","meta":{"footnotes":""},"class_list":["post-5213","page","type-page","status-publish","hentry"],"_links":{"self":[{"href":"https:\/\/baal17.pt\/_www\/wp-json\/wp\/v2\/pages\/5213","targetHints":{"allow":["GET"]}}],"collection":[{"href":"https:\/\/baal17.pt\/_www\/wp-json\/wp\/v2\/pages"}],"about":[{"href":"https:\/\/baal17.pt\/_www\/wp-json\/wp\/v2\/types\/page"}],"author":[{"embeddable":true,"href":"https:\/\/baal17.pt\/_www\/wp-json\/wp\/v2\/users\/2"}],"replies":[{"embeddable":true,"href":"https:\/\/baal17.pt\/_www\/wp-json\/wp\/v2\/comments?post=5213"}],"version-history":[{"count":3,"href":"https:\/\/baal17.pt\/_www\/wp-json\/wp\/v2\/pages\/5213\/revisions"}],"predecessor-version":[{"id":5464,"href":"https:\/\/baal17.pt\/_www\/wp-json\/wp\/v2\/pages\/5213\/revisions\/5464"}],"wp:attachment":[{"href":"https:\/\/baal17.pt\/_www\/wp-json\/wp\/v2\/media?parent=5213"}],"curies":[{"name":"wp","href":"https:\/\/api.w.org\/{rel}","templated":true}]}}