{"id":5211,"date":"2025-06-30T16:03:33","date_gmt":"2025-06-30T16:03:33","guid":{"rendered":"https:\/\/baal17.pt\/_www\/?page_id=5211"},"modified":"2025-06-30T16:03:43","modified_gmt":"2025-06-30T16:03:43","slug":"javisol","status":"publish","type":"page","link":"https:\/\/baal17.pt\/_www\/javisol\/","title":{"rendered":"JAVISOL"},"content":{"rendered":"<p><img loading=\"lazy\" decoding=\"async\" class=\"alignnone wp-image-5170 size-large\" src=\"https:\/\/baal17.pt\/_www\/wp-content\/uploads\/2025\/06\/6-NNN25_MOLDURAS_SITE_Javisol-1024x1024.jpg\" alt=\"\" width=\"1024\" height=\"1024\" srcset=\"https:\/\/baal17.pt\/_www\/wp-content\/uploads\/2025\/06\/6-NNN25_MOLDURAS_SITE_Javisol-1024x1024.jpg 1024w, https:\/\/baal17.pt\/_www\/wp-content\/uploads\/2025\/06\/6-NNN25_MOLDURAS_SITE_Javisol-300x300.jpg 300w, https:\/\/baal17.pt\/_www\/wp-content\/uploads\/2025\/06\/6-NNN25_MOLDURAS_SITE_Javisol-150x150.jpg 150w, https:\/\/baal17.pt\/_www\/wp-content\/uploads\/2025\/06\/6-NNN25_MOLDURAS_SITE_Javisol-768x768.jpg 768w, https:\/\/baal17.pt\/_www\/wp-content\/uploads\/2025\/06\/6-NNN25_MOLDURAS_SITE_Javisol.jpg 1080w\" sizes=\"auto, (max-width: 1024px) 100vw, 1024px\" \/><\/p>\n<p class=\"p2\"><b>12.07 S\u00c1BADO I SATURDAY<\/b><\/p>\n<p class=\"p2\"><b>22H30<\/b> M\u00daSICA I MUSIC<\/p>\n<p class=\"p2\"><b>ESPA\u00c7O NORA<\/b><\/p>\n<h3 class=\"p2\">JAVISOL<\/h3>\n<p class=\"p2\">JAVISOL s\u00e3o can\u00e7\u00f5es cruas, verdadeiras e ao mesmo tempo, uma explos\u00e3o onde se ouvem gritos de euforia. Um projeto rock recheado de influ\u00eancias e marcadamente de m\u00e3os dadas com a m\u00fasica portuguesa e o fado.<\/p>\n<p class=\"p3\">2025 fica marcado pelo lan\u00e7amento do primeiro disco de originais, intitulado \u201cJAVISOL\u201d.<\/p>\n<p class=\"p4\"><b>Tiago Jesus :<\/b> Guitarra e voz I Andr\u00e9 Morais: Baixo e segundas vozes I <b>Jo\u00e3o Aguiar<\/b> : Guitarra el\u00e9trica e segundas vozes <b>Ricardo Rodrigues:<\/b> Bateria<\/p>\n<p class=\"p4\">Classifica\u00e7\u00e3o: <b>M\/6 anos<\/b> I Dura\u00e7\u00e3o: <b>60 mn<\/b><\/p>\n<p class=\"p6\"><span class=\"s1\"><b>Mais info: <\/b><a href=\"https:\/\/www.youtube.com\/@javisolpt\"><span class=\"s2\"><b>https:\/\/www.youtube.com\/@javisolpt<\/b><\/span><\/a><\/span><\/p>\n","protected":false},"excerpt":{"rendered":"<p>12.07 S\u00c1BADO I SATURDAY 22H30 M\u00daSICA I MUSIC ESPA\u00c7O NORA JAVISOL JAVISOL s\u00e3o can\u00e7\u00f5es cruas, verdadeiras e ao mesmo tempo, uma explos\u00e3o onde se ouvem gritos de euforia. Um projeto rock recheado de influ\u00eancias e marcadamente de m\u00e3os dadas com a m\u00fasica portuguesa e o fado. 2025 fica marcado pelo [&hellip;]<\/p>\n","protected":false},"author":2,"featured_media":0,"parent":0,"menu_order":0,"comment_status":"closed","ping_status":"closed","template":"","meta":{"footnotes":""},"class_list":["post-5211","page","type-page","status-publish","hentry"],"_links":{"self":[{"href":"https:\/\/baal17.pt\/_www\/wp-json\/wp\/v2\/pages\/5211","targetHints":{"allow":["GET"]}}],"collection":[{"href":"https:\/\/baal17.pt\/_www\/wp-json\/wp\/v2\/pages"}],"about":[{"href":"https:\/\/baal17.pt\/_www\/wp-json\/wp\/v2\/types\/page"}],"author":[{"embeddable":true,"href":"https:\/\/baal17.pt\/_www\/wp-json\/wp\/v2\/users\/2"}],"replies":[{"embeddable":true,"href":"https:\/\/baal17.pt\/_www\/wp-json\/wp\/v2\/comments?post=5211"}],"version-history":[{"count":1,"href":"https:\/\/baal17.pt\/_www\/wp-json\/wp\/v2\/pages\/5211\/revisions"}],"predecessor-version":[{"id":5212,"href":"https:\/\/baal17.pt\/_www\/wp-json\/wp\/v2\/pages\/5211\/revisions\/5212"}],"wp:attachment":[{"href":"https:\/\/baal17.pt\/_www\/wp-json\/wp\/v2\/media?parent=5211"}],"curies":[{"name":"wp","href":"https:\/\/api.w.org\/{rel}","templated":true}]}}