{"id":5208,"date":"2025-06-30T16:01:16","date_gmt":"2025-06-30T16:01:16","guid":{"rendered":"https:\/\/baal17.pt\/_www\/?page_id=5208"},"modified":"2025-06-30T16:02:13","modified_gmt":"2025-06-30T16:02:13","slug":"5208-2","status":"publish","type":"page","link":"https:\/\/baal17.pt\/_www\/5208-2\/","title":{"rendered":"ROSSANA"},"content":{"rendered":"<p><img loading=\"lazy\" decoding=\"async\" class=\"alignnone wp-image-5169 size-large\" src=\"https:\/\/baal17.pt\/_www\/wp-content\/uploads\/2025\/06\/5-NNN25_MOLDURAS_SITE_Rossana-1024x1024.jpg\" alt=\"\" width=\"1024\" height=\"1024\" srcset=\"https:\/\/baal17.pt\/_www\/wp-content\/uploads\/2025\/06\/5-NNN25_MOLDURAS_SITE_Rossana-1024x1024.jpg 1024w, https:\/\/baal17.pt\/_www\/wp-content\/uploads\/2025\/06\/5-NNN25_MOLDURAS_SITE_Rossana-300x300.jpg 300w, https:\/\/baal17.pt\/_www\/wp-content\/uploads\/2025\/06\/5-NNN25_MOLDURAS_SITE_Rossana-150x150.jpg 150w, https:\/\/baal17.pt\/_www\/wp-content\/uploads\/2025\/06\/5-NNN25_MOLDURAS_SITE_Rossana-768x768.jpg 768w, https:\/\/baal17.pt\/_www\/wp-content\/uploads\/2025\/06\/5-NNN25_MOLDURAS_SITE_Rossana.jpg 1080w\" sizes=\"auto, (max-width: 1024px) 100vw, 1024px\" \/><\/p>\n<p class=\"p1\"><b>11.07 SEXTA I FRIDAY<\/b><\/p>\n<p class=\"p1\"><b>22H30<\/b> M\u00daSICA I MUSIC<\/p>\n<p class=\"p1\"><b>ESPA\u00c7O NORA<\/b><\/p>\n<h2 class=\"p1\">ROSSANA<\/h2>\n<h3 class=\"p1\"><i>\u00c0 la Portugaise<\/i><\/h3>\n<p class=\"p1\">Rossana, persona de In\u00eas Barroso em palco, tornou-se sin\u00f3nimo de abordagens inovadoras \u00e0 m\u00fasica desde o in\u00edcio do projeto, h\u00e1 5 anos. Sem nunca se prender ao convencional, a compositora portuguesa radicada em Londres h\u00e1 muito que se afastou da sua forma\u00e7\u00e3o em piano cl\u00e1ssico, explorando g\u00e9neros que v\u00e3o do jazz ao psy-rock, passando pela m\u00fasica latina, folcl\u00f3rica portuguesa ou mesmo eletr\u00f3nica. No entanto, por mais longe que v\u00e1 nas suas incurs\u00f5es s\u00f3nicas, consegue sempre juntar todas estas influ\u00eancias num som que s\u00f3 pode ser descrito como seu.<\/p>\n<p class=\"p1\">Depois de ter atuado em Portugal, Inglaterra e Fran\u00e7a, lan\u00e7ando o seu primeiro LP no ano passado, \u201cThe Entertainer\u201d, uma cole\u00e7\u00e3o de faixas instigantes que ilustram perfeitamente essa natureza ecl\u00e9tica, Rossana lan\u00e7a em novembro de 2024 o seu segundo \u00e1lbum \u201c\u00c0 La Portugaise\u201d, assinalando o in\u00edcio de um novo cap\u00edtulo para o projeto. Com uma sonoridade que reafirma a sua heran\u00e7a, mas sem nunca se render a ela, a artista pretende falar uma linguagem universal capaz de cativar ouvintes de todo o mundo. A promessa para o futuro pr\u00f3ximo \u00e9 aproximar a sua m\u00fasica de novos p\u00fablicos internacionais.<\/p>\n<p class=\"p1\"><b>Rossana<\/b>: Voz\/Piano\/Synth\/Adufe I <b>Ben Lunn:<\/b> Guitarra I <b>Bruna Moura:<\/b> Violoncelo I <b>Hector Bonte:<\/b> Baixo I <b>James Doran:<\/b> Bateria <b>I Pedro Almeida<\/b>: Percuss\u00e3o I Booking : <b>ABAIT \/ Bait Records<\/b><\/p>\n<p class=\"p3\">Classifica\u00e7\u00e3o: <b>M\/6 anos<\/b> I Dura\u00e7\u00e3o: <b>75 mn<\/b><\/p>\n<p class=\"p4\"><b>Mais info<i>:<\/i><\/b><i> <\/i>https:\/\/rossana.bandcamp.com\/<\/p>\n","protected":false},"excerpt":{"rendered":"<p>11.07 SEXTA I FRIDAY 22H30 M\u00daSICA I MUSIC ESPA\u00c7O NORA ROSSANA \u00c0 la Portugaise Rossana, persona de In\u00eas Barroso em palco, tornou-se sin\u00f3nimo de abordagens inovadoras \u00e0 m\u00fasica desde o in\u00edcio do projeto, h\u00e1 5 anos. Sem nunca se prender ao convencional, a compositora portuguesa radicada em Londres h\u00e1 muito [&hellip;]<\/p>\n","protected":false},"author":2,"featured_media":0,"parent":0,"menu_order":0,"comment_status":"closed","ping_status":"closed","template":"","meta":{"footnotes":""},"class_list":["post-5208","page","type-page","status-publish","hentry"],"_links":{"self":[{"href":"https:\/\/baal17.pt\/_www\/wp-json\/wp\/v2\/pages\/5208","targetHints":{"allow":["GET"]}}],"collection":[{"href":"https:\/\/baal17.pt\/_www\/wp-json\/wp\/v2\/pages"}],"about":[{"href":"https:\/\/baal17.pt\/_www\/wp-json\/wp\/v2\/types\/page"}],"author":[{"embeddable":true,"href":"https:\/\/baal17.pt\/_www\/wp-json\/wp\/v2\/users\/2"}],"replies":[{"embeddable":true,"href":"https:\/\/baal17.pt\/_www\/wp-json\/wp\/v2\/comments?post=5208"}],"version-history":[{"count":2,"href":"https:\/\/baal17.pt\/_www\/wp-json\/wp\/v2\/pages\/5208\/revisions"}],"predecessor-version":[{"id":5210,"href":"https:\/\/baal17.pt\/_www\/wp-json\/wp\/v2\/pages\/5208\/revisions\/5210"}],"wp:attachment":[{"href":"https:\/\/baal17.pt\/_www\/wp-json\/wp\/v2\/media?parent=5208"}],"curies":[{"name":"wp","href":"https:\/\/api.w.org\/{rel}","templated":true}]}}