{"id":5206,"date":"2025-06-30T16:00:03","date_gmt":"2025-06-30T16:00:03","guid":{"rendered":"https:\/\/baal17.pt\/_www\/?page_id=5206"},"modified":"2025-06-30T16:00:11","modified_gmt":"2025-06-30T16:00:11","slug":"este-estacao-teatral","status":"publish","type":"page","link":"https:\/\/baal17.pt\/_www\/este-estacao-teatral\/","title":{"rendered":"ESTE \u2013 ESTA\u00c7\u00c3O TEATRAL"},"content":{"rendered":"<p><img loading=\"lazy\" decoding=\"async\" class=\"alignnone wp-image-5182 size-large\" src=\"https:\/\/baal17.pt\/_www\/wp-content\/uploads\/2025\/06\/4-NNN25_MOLDURAS_SITE_Este1-1024x1024.jpg\" alt=\"\" width=\"1024\" height=\"1024\" srcset=\"https:\/\/baal17.pt\/_www\/wp-content\/uploads\/2025\/06\/4-NNN25_MOLDURAS_SITE_Este1-1024x1024.jpg 1024w, https:\/\/baal17.pt\/_www\/wp-content\/uploads\/2025\/06\/4-NNN25_MOLDURAS_SITE_Este1-300x300.jpg 300w, https:\/\/baal17.pt\/_www\/wp-content\/uploads\/2025\/06\/4-NNN25_MOLDURAS_SITE_Este1-150x150.jpg 150w, https:\/\/baal17.pt\/_www\/wp-content\/uploads\/2025\/06\/4-NNN25_MOLDURAS_SITE_Este1-768x768.jpg 768w, https:\/\/baal17.pt\/_www\/wp-content\/uploads\/2025\/06\/4-NNN25_MOLDURAS_SITE_Este1.jpg 1080w\" sizes=\"auto, (max-width: 1024px) 100vw, 1024px\" \/><\/p>\n<p class=\"p1\"><b>10.07 QUINTA I THURSDAY<\/b><\/p>\n<p class=\"p1\"><b>22H30 <\/b>TEATRO I THEATRE<\/p>\n<p class=\"p1\"><b>ESPA\u00c7O NORA<\/b><\/p>\n<p>&nbsp;<\/p>\n<h2 class=\"p1\">ESTE \u2013 ESTA\u00c7\u00c3O TEATRAL<\/h2>\n<h3 class=\"p1\"><i>Descaminho<\/i><\/h3>\n<p class=\"p3\">Lembra-se? Quando pergunt\u00e1vamos sobre o tempo do contrabando, as respostas eram vagas, sem comprometer as narrativas que se ouvem por toda a raia\u2026 foi preciso perguntar outra vez, esperar, deixar que surgissem as mem\u00f3rias, as entre hist\u00f3rias menos oficiais e, sobretudo, ficar atentos aos gestos de recontar. Atrav\u00e9s das m\u00e1scaras, dos objetos, das imagens, de documentos oficiais e privados e ecos de homens e mulheres dos dois lados da fronteira, quisemos fazer uma homenagem ao ato de lembrar. Neste espet\u00e1culo, as personagens deslocam-se \u00e0 procura do passado, n\u00e3o ficam paradas a olh\u00e1-lo de longe. Com elas, cruzamos as fronteiras portuguesa e espanhola, levamos e trazemos escondidos os carregos, esquivamos o perigo, jogamos o jogo, lembramos, apagamos e encontramo-nos sempre a meio caminho: entre a realidade e a fic\u00e7\u00e3o.<\/p>\n<p class=\"p3\">Encena\u00e7\u00e3o e Dramaturgia: <b>Sofia Cabrita em co-cria\u00e7\u00e3o com Javier Ariza, Joana Poejo e Tiago Poiares<\/b> I Interpreta\u00e7\u00e3o: <b>Javier Ariza, Joana Poejo e Tiago Poiares<\/b> I Espa\u00e7o C\u00e9nico: <b>M\u00e1rio Melo Costa<\/b> I Figurinos: <b>Ana Baleia<\/b> I M\u00e1scaras: <b>Alessandra Faienza<\/b> I M\u00fasica: <b>Pedro Rufino<\/b> I Apoio \u00e0 cria\u00e7\u00e3o: <b>Samuel Querido<\/b> I Desenho de Luz: <b>Pedro Fino<\/b> I Design Gr\u00e1fico: <b>Jorge Portugal<\/b> I V\u00eddeo<b>: Ruben P\u00e1scoa<\/b> I Fotografia: <b>Pedro Delgado<\/b> I Assist\u00eancia de Produ\u00e7\u00e3o: <b>Elisabete Rito<\/b> I Dire\u00e7\u00e3o de Produ\u00e7\u00e3o: <b>Alexandre Barata<\/b><\/p>\n<p class=\"p3\">Classifica\u00e7\u00e3o: M\/<b>14 anos<\/b> I Dura\u00e7\u00e3o:<b>75 mn<\/b><\/p>\n<p class=\"p5\"><b>Mais info<\/b>: https:\/\/www.estacaoteatral.pt\/<\/p>\n","protected":false},"excerpt":{"rendered":"<p>10.07 QUINTA I THURSDAY 22H30 TEATRO I THEATRE ESPA\u00c7O NORA &nbsp; ESTE \u2013 ESTA\u00c7\u00c3O TEATRAL Descaminho Lembra-se? Quando pergunt\u00e1vamos sobre o tempo do contrabando, as respostas eram vagas, sem comprometer as narrativas que se ouvem por toda a raia\u2026 foi preciso perguntar outra vez, esperar, deixar que surgissem as mem\u00f3rias, [&hellip;]<\/p>\n","protected":false},"author":2,"featured_media":0,"parent":0,"menu_order":0,"comment_status":"closed","ping_status":"closed","template":"","meta":{"footnotes":""},"class_list":["post-5206","page","type-page","status-publish","hentry"],"_links":{"self":[{"href":"https:\/\/baal17.pt\/_www\/wp-json\/wp\/v2\/pages\/5206","targetHints":{"allow":["GET"]}}],"collection":[{"href":"https:\/\/baal17.pt\/_www\/wp-json\/wp\/v2\/pages"}],"about":[{"href":"https:\/\/baal17.pt\/_www\/wp-json\/wp\/v2\/types\/page"}],"author":[{"embeddable":true,"href":"https:\/\/baal17.pt\/_www\/wp-json\/wp\/v2\/users\/2"}],"replies":[{"embeddable":true,"href":"https:\/\/baal17.pt\/_www\/wp-json\/wp\/v2\/comments?post=5206"}],"version-history":[{"count":1,"href":"https:\/\/baal17.pt\/_www\/wp-json\/wp\/v2\/pages\/5206\/revisions"}],"predecessor-version":[{"id":5207,"href":"https:\/\/baal17.pt\/_www\/wp-json\/wp\/v2\/pages\/5206\/revisions\/5207"}],"wp:attachment":[{"href":"https:\/\/baal17.pt\/_www\/wp-json\/wp\/v2\/media?parent=5206"}],"curies":[{"name":"wp","href":"https:\/\/api.w.org\/{rel}","templated":true}]}}