{"id":5203,"date":"2025-06-30T15:55:14","date_gmt":"2025-06-30T15:55:14","guid":{"rendered":"https:\/\/baal17.pt\/_www\/?page_id=5203"},"modified":"2025-06-30T15:55:14","modified_gmt":"2025-06-30T15:55:14","slug":"krisalida-e-alteatro","status":"publish","type":"page","link":"https:\/\/baal17.pt\/_www\/krisalida-e-alteatro\/","title":{"rendered":"KRIS\u00c1LIDA E ALTEATRO"},"content":{"rendered":"<p class=\"p1\"><b><img loading=\"lazy\" decoding=\"async\" class=\"alignright size-large wp-image-5181\" src=\"https:\/\/baal17.pt\/_www\/wp-content\/uploads\/2025\/06\/3-NNN25_MOLDURAS_SITE_Krisalida-e-Alteatro-1024x1024.jpg\" alt=\"\" width=\"1024\" height=\"1024\" srcset=\"https:\/\/baal17.pt\/_www\/wp-content\/uploads\/2025\/06\/3-NNN25_MOLDURAS_SITE_Krisalida-e-Alteatro-1024x1024.jpg 1024w, https:\/\/baal17.pt\/_www\/wp-content\/uploads\/2025\/06\/3-NNN25_MOLDURAS_SITE_Krisalida-e-Alteatro-300x300.jpg 300w, https:\/\/baal17.pt\/_www\/wp-content\/uploads\/2025\/06\/3-NNN25_MOLDURAS_SITE_Krisalida-e-Alteatro-150x150.jpg 150w, https:\/\/baal17.pt\/_www\/wp-content\/uploads\/2025\/06\/3-NNN25_MOLDURAS_SITE_Krisalida-e-Alteatro-768x768.jpg 768w, https:\/\/baal17.pt\/_www\/wp-content\/uploads\/2025\/06\/3-NNN25_MOLDURAS_SITE_Krisalida-e-Alteatro.jpg 1080w\" sizes=\"auto, (max-width: 1024px) 100vw, 1024px\" \/>09.07 QUARTA I WEDNESDAY<\/b><\/p>\n<p class=\"p1\"><b>22H30<\/b> TEATRO I THEATRE<\/p>\n<p class=\"p1\"><b>ESPA\u00c7O NORA<\/b><\/p>\n<p>&nbsp;<\/p>\n<h2 class=\"p1\">KRIS\u00c1LIDA E ALTEATRO<\/h2>\n<h3 class=\"p1\"><i>Ser Portugu\u00eas de Norte a Sul<\/i><\/h3>\n<p class=\"p2\">Quatro \u201cseres\u201d vagueiam no absurdo, na pantomima e no humor \u00e0 procura do amb\u00edguo \u201cSer Portugu\u00eas de Norte a Sul&#8221;. Iniciam uma expedi\u00e7\u00e3o por Portugal onde descobrem que a emigra\u00e7\u00e3o, a habita\u00e7\u00e3o, a sa\u00fade e a burocracia, entre outros temas, s\u00e3o quet\u00f5es comuns a todos os portugueses, onde uma tal \u201cJusti\u00e7a\u201d chega sempre atrasada e as oportunidades e os sonhos nem sempre se concretizam. Um percurso c\u00f3mico, talvez retangular, ou n\u00e3o. Sem falar de&#8230;porque&#8230; Ser portugu\u00eas \u00e9&#8230;<\/p>\n<p class=\"p2\">Dire\u00e7\u00e3o Art\u00edstica: <b>Carla Magalh\u00e3es e Pedro Ramos<\/b> I Encena\u00e7\u00e3o: <b>\u00c1ngel Fr\u00e1gua<\/b> I Cocria\u00e7\u00e3o e Interpreta\u00e7\u00e3o: <b>Carla Magalh\u00e3es, Clara Dias, Pedro Ramos e Diogo Campos<\/b> I Cria\u00e7\u00e3o Musical<b>: Filipe Miranda<\/b> I Figurinos: <b>Liliana Barbosa<\/b> Desenho de Luz: <b>Rui Gon\u00e7alves I <\/b>Design: <b>Helena Soares e Sara Costa<\/b> I Opera\u00e7\u00e3o T\u00e9cnica: <b>Sofia Alves<\/b> I Produ\u00e7\u00e3o: Kris\u00e1lida<\/p>\n<p class=\"p2\">Classifica\u00e7\u00e3o et\u00e1ria: <b>M\/12 anos<\/b> Dura\u00e7\u00e3o: <b>50 mn<\/b><\/p>\n<p class=\"p4\"><b>Mais info: <\/b>https:\/\/krisalida.pt e https:\/\/www.alteatro.pt<\/p>\n","protected":false},"excerpt":{"rendered":"<p>09.07 QUARTA I WEDNESDAY 22H30 TEATRO I THEATRE ESPA\u00c7O NORA &nbsp; KRIS\u00c1LIDA E ALTEATRO Ser Portugu\u00eas de Norte a Sul Quatro \u201cseres\u201d vagueiam no absurdo, na pantomima e no humor \u00e0 procura do amb\u00edguo \u201cSer Portugu\u00eas de Norte a Sul&#8221;. Iniciam uma expedi\u00e7\u00e3o por Portugal onde descobrem que a emigra\u00e7\u00e3o, [&hellip;]<\/p>\n","protected":false},"author":2,"featured_media":0,"parent":0,"menu_order":0,"comment_status":"closed","ping_status":"closed","template":"","meta":{"footnotes":""},"class_list":["post-5203","page","type-page","status-publish","hentry"],"_links":{"self":[{"href":"https:\/\/baal17.pt\/_www\/wp-json\/wp\/v2\/pages\/5203","targetHints":{"allow":["GET"]}}],"collection":[{"href":"https:\/\/baal17.pt\/_www\/wp-json\/wp\/v2\/pages"}],"about":[{"href":"https:\/\/baal17.pt\/_www\/wp-json\/wp\/v2\/types\/page"}],"author":[{"embeddable":true,"href":"https:\/\/baal17.pt\/_www\/wp-json\/wp\/v2\/users\/2"}],"replies":[{"embeddable":true,"href":"https:\/\/baal17.pt\/_www\/wp-json\/wp\/v2\/comments?post=5203"}],"version-history":[{"count":1,"href":"https:\/\/baal17.pt\/_www\/wp-json\/wp\/v2\/pages\/5203\/revisions"}],"predecessor-version":[{"id":5204,"href":"https:\/\/baal17.pt\/_www\/wp-json\/wp\/v2\/pages\/5203\/revisions\/5204"}],"wp:attachment":[{"href":"https:\/\/baal17.pt\/_www\/wp-json\/wp\/v2\/media?parent=5203"}],"curies":[{"name":"wp","href":"https:\/\/api.w.org\/{rel}","templated":true}]}}