{"id":5189,"date":"2025-06-30T15:31:56","date_gmt":"2025-06-30T15:31:56","guid":{"rendered":"https:\/\/baal17.pt\/_www\/?page_id=5189"},"modified":"2025-06-30T15:56:40","modified_gmt":"2025-06-30T15:56:40","slug":"inac-instituto-nacional-de-artes-do-circo","status":"publish","type":"page","link":"https:\/\/baal17.pt\/_www\/inac-instituto-nacional-de-artes-do-circo\/","title":{"rendered":"INAC &#8211; Instituto Nacional de Artes do Circo"},"content":{"rendered":"\r\n<p><strong><img loading=\"lazy\" decoding=\"async\" class=\"alignright size-large wp-image-5165\" src=\"https:\/\/baal17.pt\/_www\/wp-content\/uploads\/2025\/06\/1-NNN25_MOLDURAS_SITE_Inac-1024x1024.jpg\" alt=\"\" width=\"1024\" height=\"1024\" srcset=\"https:\/\/baal17.pt\/_www\/wp-content\/uploads\/2025\/06\/1-NNN25_MOLDURAS_SITE_Inac-1024x1024.jpg 1024w, https:\/\/baal17.pt\/_www\/wp-content\/uploads\/2025\/06\/1-NNN25_MOLDURAS_SITE_Inac-300x300.jpg 300w, https:\/\/baal17.pt\/_www\/wp-content\/uploads\/2025\/06\/1-NNN25_MOLDURAS_SITE_Inac-150x150.jpg 150w, https:\/\/baal17.pt\/_www\/wp-content\/uploads\/2025\/06\/1-NNN25_MOLDURAS_SITE_Inac-768x768.jpg 768w, https:\/\/baal17.pt\/_www\/wp-content\/uploads\/2025\/06\/1-NNN25_MOLDURAS_SITE_Inac.jpg 1080w\" sizes=\"auto, (max-width: 1024px) 100vw, 1024px\" \/><\/strong><\/p>\r\n<p><strong>04.07 <\/strong>SEXTA I FRIDAY<\/p>\r\n<h2 class=\"has-large-font-size\"><em>\r\n\r\n<\/em><\/h2>\r\n<p><strong>22H00 <\/strong>NOVO CIRCO I CONTEMPORARY CIRCUS<\/p>\r\n<h2 class=\"has-large-font-size\"><em>\r\n\r\n<\/em><\/h2>\r\n<p><strong>LARGO DOS CONDES DE FICALHO<\/strong><\/p>\r\n<p>(espet\u00e1culo de abertura &#8211; entrada livre)\u00a0<\/p>\r\n<p>&nbsp;<\/p>\r\n<h2 class=\"has-large-font-size\"><em>INAC &#8211; Instituto Nacional de Artes do Circo<\/em><\/h2>\r\n<h3 class=\"has-large-font-size\"><em>Eu quero \u00e9 andar nos carrinhos de choque<\/em><\/h3>\r\n\r\n\r\n\r\n\r\n\r\n\r\n\r\n\r\n\r\n<p>&nbsp;<\/p>\r\n<p>Um del\u00edrio de corpo e voz.\u00a0<\/p>\r\n\r\n\r\n\r\n<p>Um rito urgente nascido da terra ferida,<\/p>\r\n\r\n\r\n\r\n<p>\u00a0onde o riso j\u00e1 n\u00e3o \u00e9 inocente.\u00a0<\/p>\r\n\r\n\r\n\r\n<p>o espet\u00e1culo atravessa mem\u00f3rias em ru\u00ednas, transformadas em s\u00edmbolos\u00a0<\/p>\r\n\r\n\r\n\r\n<p>de uma dor que insiste em existir.\u00a0<\/p>\r\n\r\n\r\n\r\n<p>O RITUAL \u00e9 resist\u00eancia em carne viva.<\/p>\r\n\r\n\r\n\r\n<p>\u00a0O palco, um campo estilha\u00e7ado<\/p>\r\n\r\n\r\n\r\n<p>\u00a0onde identidade, desejo e mem\u00f3ria colidem.\u00a0<\/p>\r\n\r\n\r\n\r\n<p>Os carrinhos de choque nunca mais chegam!\u00a0<\/p>\r\n\r\n\r\n\r\n<p>Resta o sil\u00eancio, o riso interrompido.<\/p>\r\n\r\n\r\n\r\n<p>&nbsp;<\/p>\r\n<p>Dire\u00e7\u00e3o Art\u00edstica: <strong>Bruno Machado<\/strong>\u00a0<\/p>\r\n<p>Produ\u00e7\u00e3o: <strong>INAC <\/strong><\/p>\r\n<p>Interpreta\u00e7\u00e3o e Cocria\u00e7\u00e3o: <strong>Fab\u00edola Augusta, Maur\u00edcio Jara, S\u00f3 Filipe e Tja\u0161a Dobravec<\/strong>\u00a0 Manipula\u00e7\u00e3o e composi\u00e7\u00e3o musical: <strong>Andr\u00e9 Borges, Fab\u00edola Augusta<\/strong>\u00a0 Sonoplastia: <strong>Andr\u00e9 Borges<\/strong> I M\u00fasica ao Vivo<strong>: Fab\u00edola Fernandes, S\u00f3 Filipe<\/strong> I Desenho de Luz: <strong>Bruno Machado e Andr\u00e9 Freitas<\/strong> I Figurinos e Identidade Visual: <strong>Fl\u00e1vio Rodrigues<\/strong> I Concep\u00e7\u00e3o Art\u00edstica da Cenografia: <strong>Bruno Machado<\/strong> I Constru\u00e7\u00e3o Cenografia: <strong>Andr\u00e9 Santos<\/strong> I Dire\u00e7\u00e3o T\u00e9cnica: <strong>Andr\u00e9 Freitas, Renan Silva I<\/strong> Imagem Gr\u00e1fica: <strong>Nelson Bolano<\/strong> J<strong>\u00fanior<\/strong> V\u00eddeo: <strong>Alexandre Oliveira<\/strong><\/p>\r\n\r\n\r\n\r\n<p>Classifica\u00e7\u00e3o et\u00e1ria: <strong>M\/16 anos<\/strong> I Dura\u00e7\u00e3o:<strong>80mn<\/strong>\u00a0<\/p>\r\n\r\n\r\n\r\n<p><strong>Mais info:<\/strong> <a href=\"https:\/\/www.instagram.com\/p\/DLAevJ_M7c6\/\">https:\/\/www.instagram.com\/p\/DLAevJ_M7c6\/<\/a><\/p>\r\n","protected":false},"excerpt":{"rendered":"<p>04.07 SEXTA I FRIDAY 22H00 NOVO CIRCO I CONTEMPORARY CIRCUS LARGO DOS CONDES DE FICALHO (espet\u00e1culo de abertura &#8211; entrada livre)\u00a0 &nbsp; INAC &#8211; Instituto Nacional de Artes do Circo Eu quero \u00e9 andar nos carrinhos de choque &nbsp; Um del\u00edrio de corpo e voz.\u00a0 Um rito urgente nascido da [&hellip;]<\/p>\n","protected":false},"author":2,"featured_media":0,"parent":0,"menu_order":0,"comment_status":"closed","ping_status":"closed","template":"","meta":{"footnotes":""},"class_list":["post-5189","page","type-page","status-publish","hentry"],"_links":{"self":[{"href":"https:\/\/baal17.pt\/_www\/wp-json\/wp\/v2\/pages\/5189","targetHints":{"allow":["GET"]}}],"collection":[{"href":"https:\/\/baal17.pt\/_www\/wp-json\/wp\/v2\/pages"}],"about":[{"href":"https:\/\/baal17.pt\/_www\/wp-json\/wp\/v2\/types\/page"}],"author":[{"embeddable":true,"href":"https:\/\/baal17.pt\/_www\/wp-json\/wp\/v2\/users\/2"}],"replies":[{"embeddable":true,"href":"https:\/\/baal17.pt\/_www\/wp-json\/wp\/v2\/comments?post=5189"}],"version-history":[{"count":7,"href":"https:\/\/baal17.pt\/_www\/wp-json\/wp\/v2\/pages\/5189\/revisions"}],"predecessor-version":[{"id":5205,"href":"https:\/\/baal17.pt\/_www\/wp-json\/wp\/v2\/pages\/5189\/revisions\/5205"}],"wp:attachment":[{"href":"https:\/\/baal17.pt\/_www\/wp-json\/wp\/v2\/media?parent=5189"}],"curies":[{"name":"wp","href":"https:\/\/api.w.org\/{rel}","templated":true}]}}