{"id":4977,"date":"2024-10-29T11:29:50","date_gmt":"2024-10-29T11:29:50","guid":{"rendered":"https:\/\/baal17.pt\/_www\/?page_id=4977"},"modified":"2025-10-17T10:46:45","modified_gmt":"2025-10-17T10:46:45","slug":"submarinoemmarte","status":"publish","type":"page","link":"https:\/\/baal17.pt\/_www\/submarinoemmarte\/","title":{"rendered":"&#8220;Um submarino em Marte"},"content":{"rendered":"<section class=\"wpb-content-wrapper\">[vc_row][vc_column][vc_column_text]\r\n<h2 class=\"wp-block-heading\">IMAGINAR DO GIGANTE<\/h2>\r\n\r\n<p>16 NOV. I 16H00<\/p>\r\n<p>\u00a0<\/p>\r\n\r\n<p class=\"has-text-align-left\">Marte est\u00e1 na moda. As naves n\u00e3o param de chegar.<\/p>\r\n<p>\u00a0<\/p>\r\n\r\n<p class=\"has-text-align-left\">Os grandes barcos n\u00e3o param de navegar.<\/p>\r\n<p>\u00a0<\/p>\r\n\r\n<p class=\"has-text-align-left\">O lixo n\u00e3o para de aumentar.<\/p>\r\n<p>\u00a0<\/p>\r\n\r\n<p class=\"has-text-align-left\">As casas n\u00e3o param para morar.<\/p>\r\n<p>\u00a0<\/p>\r\n\r\n<p class=\"has-text-align-left\">A praia j\u00e1 nem tem lugar.<\/p>\r\n<p>\u00a0<\/p>\r\n\r\n<p class=\"has-text-align-left\">Os que chegam n\u00e3o param de chegar.<\/p>\r\n<p>\u00a0<\/p>\r\n\r\n<p class=\"has-text-align-left\">O turismo \u00e9 uma atividade econ\u00f3mica fundamental para a maior parte das regi\u00f5es do nosso pa\u00eds. No entanto, \u00e9 cada vez mais explorado e saturado pelo turismo de massas. Um rasto de lixo que contamina todo os lugares. Grandes complexos tur\u00edsticos constru\u00eddos em lugares e \u00e1reas ambientais supostamente protegidas. muitas vezes retirados de lugares \u00fanicos da natureza. Um projeto que pretende consciencializar, sem li\u00e7\u00f5es de moral, o p\u00fablico para a sua responsabilidade neste planeta.<\/p>\r\n\r\n<p>Conceito: <strong>Pedro Saraiva <\/strong>I Desenho de luz: <strong>Hugo Martins<\/strong> I Adere\u00e7os: <strong>Paula Moita<\/strong> I M\u00fasica: <strong>Daily Misconceptions <\/strong>Sonoplastia: <strong>Paulo Renato<\/strong> I Fotografia de v\u00eddeo: <strong>M\u00e1rio Costa<\/strong> I Ilustra\u00e7\u00e3o e design:<strong> Paula Moita <\/strong><\/p>\r\n\r\n<p>Coprodu\u00e7\u00e3o CAO Centro de Arte de Ovar e Imaginar do Gigante<\/p>\r\n\r\n<p><strong>Classifica\u00e7\u00e3o et\u00e1ria_<\/strong>\u00a0M\/6 anos<strong>\u00a0I Dura\u00e7\u00e3o _\u00a0<\/strong>45 mn<\/p>\r\n<p>\u00a0<\/p>\r\n\r\n<figure class=\"wp-block-image size-large\"><a href=\"https:\/\/vimeo.com\/954301578?share=copy\"><img loading=\"lazy\" decoding=\"async\" class=\"alignnone wp-image-5408 size-large\" src=\"https:\/\/baal17.pt\/_www\/wp-content\/uploads\/2025\/10\/Imaginar-do-Gigante-1024x683.jpg\" alt=\"\" width=\"1024\" height=\"683\" srcset=\"https:\/\/baal17.pt\/_www\/wp-content\/uploads\/2025\/10\/Imaginar-do-Gigante-1024x683.jpg 1024w, https:\/\/baal17.pt\/_www\/wp-content\/uploads\/2025\/10\/Imaginar-do-Gigante-300x200.jpg 300w, https:\/\/baal17.pt\/_www\/wp-content\/uploads\/2025\/10\/Imaginar-do-Gigante-768x512.jpg 768w, https:\/\/baal17.pt\/_www\/wp-content\/uploads\/2025\/10\/Imaginar-do-Gigante-1536x1025.jpg 1536w, https:\/\/baal17.pt\/_www\/wp-content\/uploads\/2025\/10\/Imaginar-do-Gigante-2048x1366.jpg 2048w, https:\/\/baal17.pt\/_www\/wp-content\/uploads\/2025\/10\/Imaginar-do-Gigante-150x100.jpg 150w\" sizes=\"auto, (max-width: 1024px) 100vw, 1024px\" \/><\/a><\/figure>\r\n<figure class=\"wp-block-image size-large\"><a href=\"https:\/\/vimeo.com\/954301578?share=copy\">V\u00eddeo promocional clique aqui<\/a><\/figure>\r\n<p>\u00a0<\/p>\r\n[\/vc_column_text][\/vc_column][\/vc_row]<\/section>","protected":false},"excerpt":{"rendered":"<p>[vc_row][vc_column][vc_column_text] IMAGINAR DO GIGANTE 16 NOV. I 16H00 \u00a0 Marte est\u00e1 na moda. As naves n\u00e3o param de chegar. \u00a0 Os grandes barcos n\u00e3o param de navegar. \u00a0 O lixo n\u00e3o para de aumentar. \u00a0 As casas n\u00e3o param para morar. \u00a0 A praia j\u00e1 nem tem lugar. \u00a0 Os [&hellip;]<\/p>\n","protected":false},"author":2,"featured_media":0,"parent":0,"menu_order":0,"comment_status":"closed","ping_status":"closed","template":"","meta":{"footnotes":""},"class_list":["post-4977","page","type-page","status-publish","hentry"],"_links":{"self":[{"href":"https:\/\/baal17.pt\/_www\/wp-json\/wp\/v2\/pages\/4977","targetHints":{"allow":["GET"]}}],"collection":[{"href":"https:\/\/baal17.pt\/_www\/wp-json\/wp\/v2\/pages"}],"about":[{"href":"https:\/\/baal17.pt\/_www\/wp-json\/wp\/v2\/types\/page"}],"author":[{"embeddable":true,"href":"https:\/\/baal17.pt\/_www\/wp-json\/wp\/v2\/users\/2"}],"replies":[{"embeddable":true,"href":"https:\/\/baal17.pt\/_www\/wp-json\/wp\/v2\/comments?post=4977"}],"version-history":[{"count":10,"href":"https:\/\/baal17.pt\/_www\/wp-json\/wp\/v2\/pages\/4977\/revisions"}],"predecessor-version":[{"id":5415,"href":"https:\/\/baal17.pt\/_www\/wp-json\/wp\/v2\/pages\/4977\/revisions\/5415"}],"wp:attachment":[{"href":"https:\/\/baal17.pt\/_www\/wp-json\/wp\/v2\/media?parent=4977"}],"curies":[{"name":"wp","href":"https:\/\/api.w.org\/{rel}","templated":true}]}}