{"id":4950,"date":"2024-10-23T15:52:56","date_gmt":"2024-10-23T15:52:56","guid":{"rendered":"https:\/\/baal17.pt\/_www\/?page_id=4950"},"modified":"2025-10-17T10:47:28","modified_gmt":"2025-10-17T10:47:28","slug":"bang","status":"publish","type":"page","link":"https:\/\/baal17.pt\/_www\/bang\/","title":{"rendered":"&#8220;BANG&#8221;"},"content":{"rendered":"\n<h2 class=\"wp-block-heading\">COPRODU\u00c7\u00c3O BAAL17 E CAROLINA SERR\u00c3O &#8211; PROJETO SALTO 2024 <\/h2>\n\n\n\n<p><strong>ESTREOU N<\/strong>O DIA <strong>24 <\/strong>de novembro de 2024 I Cineteatro Municipal de Serpa <\/p>\n\n\n\n<div class=\"wp-block-group\"><div class=\"wp-block-group__inner-container is-layout-constrained wp-block-group-is-layout-constrained\">\n<p>J\u00e1 pensaste como era o mundo antes de inventarem o chocolate? Houve um dia em que algu\u00e9m percebeu que a semente da planta do cacau podia ser misturada com outros ingredientes e daria o chocolate. E agora nem conseguimos imaginar o mundo sem ele, n\u00e3o \u00e9?&nbsp; <\/p>\n\n\n\n<p>Como \u00e9 que n\u00e3o conseguimos imaginar? E como \u00e9 que conseguimos imaginar? Onde est\u00e1 afinal a nossa imagina\u00e7\u00e3o?&nbsp;<\/p>\n<\/div><\/div>\n\n\n\n<p>Ser\u00e1 que toda a gente tem imagina\u00e7\u00e3o? Ser\u00e1 que todas as pessoas s\u00e3o criativas? Mas calma\u2026 Criativo vem de criatividade\u2026 Criatividade e imagina\u00e7\u00e3o s\u00e3o a mesma coisa? Ser\u00e3o?&nbsp;<\/p>\n\n\n\n<p>Neste espect\u00e1culo propomos uma viagem pela imagina\u00e7\u00e3o, passando pela criatividade. Inspiradas pelo livro Como ver coisas invis\u00edveis, cri\u00e1mos o ba\u00fa da imagina\u00e7\u00e3o, onde guardamos todas as coisas que fomos e somos, todas as coisas que vimos e ouvimos, tudo o que sentimos,&nbsp; todos os livros que lemos\u2026 Quando abrimos o ba\u00fa, BANG! come\u00e7amos a imaginar\u2026<\/p>\n\n\n\n<p>Cria\u00e7\u00e3o: <strong>Carolina Serr\u00e3o<\/strong> I Cocria\u00e7\u00e3o e interpreta\u00e7\u00e3o: <strong>Carolina Cunha e Costa e Cuca M. Pires<\/strong>&nbsp; I Cenografia e Figurinos: <strong>Carolina Serr\u00e3o, Carolina Cunha e Costa e Cuca M. Pires<\/strong> I Desenho de som: <strong>Ant\u00f3nio Oliveira<\/strong> I Desenho de luz: <strong>Filipe Seixas<\/strong> I Apoio musical: <strong>Beatriz Almeida e Miguel Galamba<\/strong> I Opera\u00e7\u00e3o som: <strong>Sofia Estriga<\/strong> I Voz off: <strong>Gracinda Mangas, Concei\u00e7\u00e3o Paix\u00e3o, Am\u00e1lia Br\u00e1z, Maria C\u00e2ndida Cam\u00f5es, Encarna\u00e7\u00e3o Soeiro, Jos\u00e9 Reis, Domingos Santos, Carlos Pestana, Lurdes Silva, crian\u00e7as do 1.\u00ba CS, 2.\u00ba BS, 3.\u00ba AS, 4.\u00ba BS da Escola B\u00e1sica Abade Correia da Serra de Serpa<\/strong> <\/p>\n\n\n\n<p><strong>Classifica\u00e7\u00e3o<\/strong>: M\/6 anos <strong>Dura\u00e7\u00e3o:<\/strong> 60 mn<\/p>\n\n\n\n<div class=\"wp-block-columns is-layout-flex wp-container-core-columns-is-layout-9d6595d7 wp-block-columns-is-layout-flex\">\n<div class=\"wp-block-column is-layout-flow wp-block-column-is-layout-flow\">\n<figure class=\"wp-block-image size-large\"><img loading=\"lazy\" decoding=\"async\" width=\"1024\" height=\"683\" src=\"https:\/\/baal17.pt\/_www\/wp-content\/uploads\/2025\/10\/Salto_Carolina-Serao_22-10-24@FabriceZiegler-18-1024x683.jpg\" alt=\"\" class=\"wp-image-5335\" srcset=\"https:\/\/baal17.pt\/_www\/wp-content\/uploads\/2025\/10\/Salto_Carolina-Serao_22-10-24@FabriceZiegler-18-1024x683.jpg 1024w, https:\/\/baal17.pt\/_www\/wp-content\/uploads\/2025\/10\/Salto_Carolina-Serao_22-10-24@FabriceZiegler-18-300x200.jpg 300w, https:\/\/baal17.pt\/_www\/wp-content\/uploads\/2025\/10\/Salto_Carolina-Serao_22-10-24@FabriceZiegler-18-768x512.jpg 768w, https:\/\/baal17.pt\/_www\/wp-content\/uploads\/2025\/10\/Salto_Carolina-Serao_22-10-24@FabriceZiegler-18-1536x1024.jpg 1536w, https:\/\/baal17.pt\/_www\/wp-content\/uploads\/2025\/10\/Salto_Carolina-Serao_22-10-24@FabriceZiegler-18-2048x1365.jpg 2048w, https:\/\/baal17.pt\/_www\/wp-content\/uploads\/2025\/10\/Salto_Carolina-Serao_22-10-24@FabriceZiegler-18-150x100.jpg 150w\" sizes=\"auto, (max-width: 1024px) 100vw, 1024px\" \/><\/figure>\n<\/div>\n\n\n\n<div class=\"wp-block-column is-layout-flow wp-block-column-is-layout-flow\">\n<figure class=\"wp-block-image size-large\"><img loading=\"lazy\" decoding=\"async\" width=\"1024\" height=\"768\" src=\"https:\/\/baal17.pt\/_www\/wp-content\/uploads\/2025\/10\/WhatsApp-Image-2024-10-30-at-11.29.45-1-1024x768.jpeg\" alt=\"\" class=\"wp-image-5337\" srcset=\"https:\/\/baal17.pt\/_www\/wp-content\/uploads\/2025\/10\/WhatsApp-Image-2024-10-30-at-11.29.45-1-1024x768.jpeg 1024w, https:\/\/baal17.pt\/_www\/wp-content\/uploads\/2025\/10\/WhatsApp-Image-2024-10-30-at-11.29.45-1-300x225.jpeg 300w, https:\/\/baal17.pt\/_www\/wp-content\/uploads\/2025\/10\/WhatsApp-Image-2024-10-30-at-11.29.45-1-768x576.jpeg 768w, https:\/\/baal17.pt\/_www\/wp-content\/uploads\/2025\/10\/WhatsApp-Image-2024-10-30-at-11.29.45-1-1536x1152.jpeg 1536w, https:\/\/baal17.pt\/_www\/wp-content\/uploads\/2025\/10\/WhatsApp-Image-2024-10-30-at-11.29.45-1-150x113.jpeg 150w, https:\/\/baal17.pt\/_www\/wp-content\/uploads\/2025\/10\/WhatsApp-Image-2024-10-30-at-11.29.45-1.jpeg 2000w\" sizes=\"auto, (max-width: 1024px) 100vw, 1024px\" \/><\/figure>\n<\/div>\n\n\n\n<div class=\"wp-block-column is-layout-flow wp-block-column-is-layout-flow\">\n<figure data-wp-context=\"{&quot;imageId&quot;:&quot;69ef242a7c3ef&quot;}\" data-wp-interactive=\"core\/image\" data-wp-key=\"69ef242a7c3ef\" class=\"wp-block-image size-large wp-lightbox-container\"><img loading=\"lazy\" decoding=\"async\" width=\"1024\" height=\"683\" data-wp-class--hide=\"state.isContentHidden\" data-wp-class--show=\"state.isContentVisible\" data-wp-init=\"callbacks.setButtonStyles\" data-wp-on--click=\"actions.showLightbox\" data-wp-on--load=\"callbacks.setButtonStyles\" data-wp-on-window--resize=\"callbacks.setButtonStyles\" src=\"https:\/\/baal17.pt\/_www\/wp-content\/uploads\/2025\/10\/Ensaio_Bang_CarolinaSerrao_Salto-Baal17_20-11-24@FabriceZiegler-145-1024x683.jpg\" alt=\"\" class=\"wp-image-5333\" srcset=\"https:\/\/baal17.pt\/_www\/wp-content\/uploads\/2025\/10\/Ensaio_Bang_CarolinaSerrao_Salto-Baal17_20-11-24@FabriceZiegler-145-1024x683.jpg 1024w, https:\/\/baal17.pt\/_www\/wp-content\/uploads\/2025\/10\/Ensaio_Bang_CarolinaSerrao_Salto-Baal17_20-11-24@FabriceZiegler-145-300x200.jpg 300w, https:\/\/baal17.pt\/_www\/wp-content\/uploads\/2025\/10\/Ensaio_Bang_CarolinaSerrao_Salto-Baal17_20-11-24@FabriceZiegler-145-768x512.jpg 768w, https:\/\/baal17.pt\/_www\/wp-content\/uploads\/2025\/10\/Ensaio_Bang_CarolinaSerrao_Salto-Baal17_20-11-24@FabriceZiegler-145-1536x1024.jpg 1536w, https:\/\/baal17.pt\/_www\/wp-content\/uploads\/2025\/10\/Ensaio_Bang_CarolinaSerrao_Salto-Baal17_20-11-24@FabriceZiegler-145-2048x1365.jpg 2048w, https:\/\/baal17.pt\/_www\/wp-content\/uploads\/2025\/10\/Ensaio_Bang_CarolinaSerrao_Salto-Baal17_20-11-24@FabriceZiegler-145-150x100.jpg 150w\" sizes=\"auto, (max-width: 1024px) 100vw, 1024px\" \/><button\n\t\t\tclass=\"lightbox-trigger\"\n\t\t\ttype=\"button\"\n\t\t\taria-haspopup=\"dialog\"\n\t\t\taria-label=\"Ampliar\"\n\t\t\tdata-wp-init=\"callbacks.initTriggerButton\"\n\t\t\tdata-wp-on--click=\"actions.showLightbox\"\n\t\t\tdata-wp-style--right=\"state.imageButtonRight\"\n\t\t\tdata-wp-style--top=\"state.imageButtonTop\"\n\t\t>\n\t\t\t<svg xmlns=\"http:\/\/www.w3.org\/2000\/svg\" width=\"12\" height=\"12\" fill=\"none\" viewBox=\"0 0 12 12\">\n\t\t\t\t<path fill=\"#fff\" d=\"M2 0a2 2 0 0 0-2 2v2h1.5V2a.5.5 0 0 1 .5-.5h2V0H2Zm2 10.5H2a.5.5 0 0 1-.5-.5V8H0v2a2 2 0 0 0 2 2h2v-1.5ZM8 12v-1.5h2a.5.5 0 0 0 .5-.5V8H12v2a2 2 0 0 1-2 2H8Zm2-12a2 2 0 0 1 2 2v2h-1.5V2a.5.5 0 0 0-.5-.5H8V0h2Z\" \/>\n\t\t\t<\/svg>\n\t\t<\/button><\/figure>\n<\/div>\n<\/div>\n\n\n\n<div class=\"wp-block-columns is-layout-flex wp-container-core-columns-is-layout-9d6595d7 wp-block-columns-is-layout-flex\">\n<div class=\"wp-block-column is-layout-flow wp-block-column-is-layout-flow\">\n<figure class=\"wp-block-image size-large\"><img loading=\"lazy\" decoding=\"async\" width=\"1024\" height=\"683\" src=\"https:\/\/baal17.pt\/_www\/wp-content\/uploads\/2025\/10\/Ensaio_Bang_CarolinaSerrao_Salto-Baal17_20-11-24@FabriceZiegler-111-1024x683.jpg\" alt=\"\" class=\"wp-image-5334\" srcset=\"https:\/\/baal17.pt\/_www\/wp-content\/uploads\/2025\/10\/Ensaio_Bang_CarolinaSerrao_Salto-Baal17_20-11-24@FabriceZiegler-111-1024x683.jpg 1024w, https:\/\/baal17.pt\/_www\/wp-content\/uploads\/2025\/10\/Ensaio_Bang_CarolinaSerrao_Salto-Baal17_20-11-24@FabriceZiegler-111-300x200.jpg 300w, https:\/\/baal17.pt\/_www\/wp-content\/uploads\/2025\/10\/Ensaio_Bang_CarolinaSerrao_Salto-Baal17_20-11-24@FabriceZiegler-111-768x512.jpg 768w, https:\/\/baal17.pt\/_www\/wp-content\/uploads\/2025\/10\/Ensaio_Bang_CarolinaSerrao_Salto-Baal17_20-11-24@FabriceZiegler-111-1536x1024.jpg 1536w, https:\/\/baal17.pt\/_www\/wp-content\/uploads\/2025\/10\/Ensaio_Bang_CarolinaSerrao_Salto-Baal17_20-11-24@FabriceZiegler-111-2048x1365.jpg 2048w, https:\/\/baal17.pt\/_www\/wp-content\/uploads\/2025\/10\/Ensaio_Bang_CarolinaSerrao_Salto-Baal17_20-11-24@FabriceZiegler-111-150x100.jpg 150w\" sizes=\"auto, (max-width: 1024px) 100vw, 1024px\" \/><\/figure>\n<\/div>\n\n\n\n<div class=\"wp-block-column is-layout-flow wp-block-column-is-layout-flow\">\n<figure data-wp-context=\"{&quot;imageId&quot;:&quot;69ef242a7cd44&quot;}\" data-wp-interactive=\"core\/image\" data-wp-key=\"69ef242a7cd44\" class=\"wp-block-image size-large wp-lightbox-container\"><img loading=\"lazy\" decoding=\"async\" width=\"1024\" height=\"683\" data-wp-class--hide=\"state.isContentHidden\" data-wp-class--show=\"state.isContentVisible\" data-wp-init=\"callbacks.setButtonStyles\" data-wp-on--click=\"actions.showLightbox\" data-wp-on--load=\"callbacks.setButtonStyles\" data-wp-on-window--resize=\"callbacks.setButtonStyles\" src=\"https:\/\/baal17.pt\/_www\/wp-content\/uploads\/2025\/10\/Ensaio_Bang_CarolinaSerrao_Salto-Baal17_20-11-24@FabriceZiegler-24-1024x683.jpg\" alt=\"\" class=\"wp-image-5331\" srcset=\"https:\/\/baal17.pt\/_www\/wp-content\/uploads\/2025\/10\/Ensaio_Bang_CarolinaSerrao_Salto-Baal17_20-11-24@FabriceZiegler-24-1024x683.jpg 1024w, https:\/\/baal17.pt\/_www\/wp-content\/uploads\/2025\/10\/Ensaio_Bang_CarolinaSerrao_Salto-Baal17_20-11-24@FabriceZiegler-24-300x200.jpg 300w, https:\/\/baal17.pt\/_www\/wp-content\/uploads\/2025\/10\/Ensaio_Bang_CarolinaSerrao_Salto-Baal17_20-11-24@FabriceZiegler-24-768x512.jpg 768w, https:\/\/baal17.pt\/_www\/wp-content\/uploads\/2025\/10\/Ensaio_Bang_CarolinaSerrao_Salto-Baal17_20-11-24@FabriceZiegler-24-1536x1024.jpg 1536w, https:\/\/baal17.pt\/_www\/wp-content\/uploads\/2025\/10\/Ensaio_Bang_CarolinaSerrao_Salto-Baal17_20-11-24@FabriceZiegler-24-2048x1365.jpg 2048w, https:\/\/baal17.pt\/_www\/wp-content\/uploads\/2025\/10\/Ensaio_Bang_CarolinaSerrao_Salto-Baal17_20-11-24@FabriceZiegler-24-150x100.jpg 150w\" sizes=\"auto, (max-width: 1024px) 100vw, 1024px\" \/><button\n\t\t\tclass=\"lightbox-trigger\"\n\t\t\ttype=\"button\"\n\t\t\taria-haspopup=\"dialog\"\n\t\t\taria-label=\"Ampliar\"\n\t\t\tdata-wp-init=\"callbacks.initTriggerButton\"\n\t\t\tdata-wp-on--click=\"actions.showLightbox\"\n\t\t\tdata-wp-style--right=\"state.imageButtonRight\"\n\t\t\tdata-wp-style--top=\"state.imageButtonTop\"\n\t\t>\n\t\t\t<svg xmlns=\"http:\/\/www.w3.org\/2000\/svg\" width=\"12\" height=\"12\" fill=\"none\" viewBox=\"0 0 12 12\">\n\t\t\t\t<path fill=\"#fff\" d=\"M2 0a2 2 0 0 0-2 2v2h1.5V2a.5.5 0 0 1 .5-.5h2V0H2Zm2 10.5H2a.5.5 0 0 1-.5-.5V8H0v2a2 2 0 0 0 2 2h2v-1.5ZM8 12v-1.5h2a.5.5 0 0 0 .5-.5V8H12v2a2 2 0 0 1-2 2H8Zm2-12a2 2 0 0 1 2 2v2h-1.5V2a.5.5 0 0 0-.5-.5H8V0h2Z\" \/>\n\t\t\t<\/svg>\n\t\t<\/button><\/figure>\n<\/div>\n\n\n\n<div class=\"wp-block-column is-layout-flow wp-block-column-is-layout-flow\">\n<figure data-wp-context=\"{&quot;imageId&quot;:&quot;69ef242a7e0ca&quot;}\" data-wp-interactive=\"core\/image\" data-wp-key=\"69ef242a7e0ca\" class=\"wp-block-image size-large wp-lightbox-container\"><img loading=\"lazy\" decoding=\"async\" width=\"1024\" height=\"683\" data-wp-class--hide=\"state.isContentHidden\" data-wp-class--show=\"state.isContentVisible\" data-wp-init=\"callbacks.setButtonStyles\" data-wp-on--click=\"actions.showLightbox\" data-wp-on--load=\"callbacks.setButtonStyles\" data-wp-on-window--resize=\"callbacks.setButtonStyles\" src=\"https:\/\/baal17.pt\/_www\/wp-content\/uploads\/2025\/10\/Ensaio_Bang_CarolinaSerrao_Salto-Baal17_20-11-24@FabriceZiegler-80-1024x683.jpg\" alt=\"\" class=\"wp-image-5332\" srcset=\"https:\/\/baal17.pt\/_www\/wp-content\/uploads\/2025\/10\/Ensaio_Bang_CarolinaSerrao_Salto-Baal17_20-11-24@FabriceZiegler-80-1024x683.jpg 1024w, https:\/\/baal17.pt\/_www\/wp-content\/uploads\/2025\/10\/Ensaio_Bang_CarolinaSerrao_Salto-Baal17_20-11-24@FabriceZiegler-80-300x200.jpg 300w, https:\/\/baal17.pt\/_www\/wp-content\/uploads\/2025\/10\/Ensaio_Bang_CarolinaSerrao_Salto-Baal17_20-11-24@FabriceZiegler-80-768x512.jpg 768w, https:\/\/baal17.pt\/_www\/wp-content\/uploads\/2025\/10\/Ensaio_Bang_CarolinaSerrao_Salto-Baal17_20-11-24@FabriceZiegler-80-1536x1024.jpg 1536w, https:\/\/baal17.pt\/_www\/wp-content\/uploads\/2025\/10\/Ensaio_Bang_CarolinaSerrao_Salto-Baal17_20-11-24@FabriceZiegler-80-2048x1365.jpg 2048w, https:\/\/baal17.pt\/_www\/wp-content\/uploads\/2025\/10\/Ensaio_Bang_CarolinaSerrao_Salto-Baal17_20-11-24@FabriceZiegler-80-150x100.jpg 150w\" sizes=\"auto, (max-width: 1024px) 100vw, 1024px\" \/><button\n\t\t\tclass=\"lightbox-trigger\"\n\t\t\ttype=\"button\"\n\t\t\taria-haspopup=\"dialog\"\n\t\t\taria-label=\"Ampliar\"\n\t\t\tdata-wp-init=\"callbacks.initTriggerButton\"\n\t\t\tdata-wp-on--click=\"actions.showLightbox\"\n\t\t\tdata-wp-style--right=\"state.imageButtonRight\"\n\t\t\tdata-wp-style--top=\"state.imageButtonTop\"\n\t\t>\n\t\t\t<svg xmlns=\"http:\/\/www.w3.org\/2000\/svg\" width=\"12\" height=\"12\" fill=\"none\" viewBox=\"0 0 12 12\">\n\t\t\t\t<path fill=\"#fff\" d=\"M2 0a2 2 0 0 0-2 2v2h1.5V2a.5.5 0 0 1 .5-.5h2V0H2Zm2 10.5H2a.5.5 0 0 1-.5-.5V8H0v2a2 2 0 0 0 2 2h2v-1.5ZM8 12v-1.5h2a.5.5 0 0 0 .5-.5V8H12v2a2 2 0 0 1-2 2H8Zm2-12a2 2 0 0 1 2 2v2h-1.5V2a.5.5 0 0 0-.5-.5H8V0h2Z\" \/>\n\t\t\t<\/svg>\n\t\t<\/button><\/figure>\n<\/div>\n<\/div>\n\n\n\n<p><\/p>\n","protected":false},"excerpt":{"rendered":"<p>COPRODU\u00c7\u00c3O BAAL17 E CAROLINA SERR\u00c3O &#8211; PROJETO SALTO 2024 ESTREOU NO DIA 24 de novembro de 2024 I Cineteatro Municipal de Serpa J\u00e1 pensaste como era o mundo antes de inventarem o chocolate? Houve um dia em que algu\u00e9m percebeu que a semente da planta do cacau podia ser misturada [&hellip;]<\/p>\n","protected":false},"author":2,"featured_media":0,"parent":0,"menu_order":0,"comment_status":"closed","ping_status":"closed","template":"","meta":{"footnotes":""},"class_list":["post-4950","page","type-page","status-publish","hentry"],"_links":{"self":[{"href":"https:\/\/baal17.pt\/_www\/wp-json\/wp\/v2\/pages\/4950","targetHints":{"allow":["GET"]}}],"collection":[{"href":"https:\/\/baal17.pt\/_www\/wp-json\/wp\/v2\/pages"}],"about":[{"href":"https:\/\/baal17.pt\/_www\/wp-json\/wp\/v2\/types\/page"}],"author":[{"embeddable":true,"href":"https:\/\/baal17.pt\/_www\/wp-json\/wp\/v2\/users\/2"}],"replies":[{"embeddable":true,"href":"https:\/\/baal17.pt\/_www\/wp-json\/wp\/v2\/comments?post=4950"}],"version-history":[{"count":9,"href":"https:\/\/baal17.pt\/_www\/wp-json\/wp\/v2\/pages\/4950\/revisions"}],"predecessor-version":[{"id":5343,"href":"https:\/\/baal17.pt\/_www\/wp-json\/wp\/v2\/pages\/4950\/revisions\/5343"}],"wp:attachment":[{"href":"https:\/\/baal17.pt\/_www\/wp-json\/wp\/v2\/media?parent=4950"}],"curies":[{"name":"wp","href":"https:\/\/api.w.org\/{rel}","templated":true}]}}