{"id":4943,"date":"2024-10-23T15:43:47","date_gmt":"2024-10-23T15:43:47","guid":{"rendered":"https:\/\/baal17.pt\/_www\/?page_id=4943"},"modified":"2025-10-16T16:27:33","modified_gmt":"2025-10-16T16:27:33","slug":"umdiasereigrande","status":"publish","type":"page","link":"https:\/\/baal17.pt\/_www\/umdiasereigrande\/","title":{"rendered":"&#8220;Um dia serei GRANDE&#8221;"},"content":{"rendered":"\r\n<h2 class=\"wp-block-heading\">BAAL17 &#8211; COMPANHIA DE TEATRO<\/h2>\r\n\r\n\r\n\r\n<p><strong>09 NOV I 16H00<\/strong><\/p>\r\n\r\n\r\n\r\n<p>Jo\u00e3o nasceu num susto sem saber como. Enquanto se constr\u00f3i, ganha a consci\u00eancia de que \u00e9 necess\u00e1rio fazer<br \/>escolhas e de que existem regras para cumprir.<br \/>Vai para a escola para aprender e para descobrir quem \u00e9.<br \/>Aprende a ler, aprende a matem\u00e1tica, fica a saber que h\u00e1 coisas que n\u00e3o sabe, e que existir\u00e1 um futuro onde nem<br \/>sempre as coisas ser\u00e3o f\u00e1ceis.<br \/>Depois vai viajar. Descobre\u2010se mais um pouco, e descobre que o mundo \u00e9 muito grande e nele vivem muitas e<br \/>diferentes pessoas. E ele, tal como os outros, um dia crescer\u00e1, um dia ter\u00e1 uma profiss\u00e3o, um dia ser\u00e1 uma parte<br \/>transformadora da sociedade. Um dia ser\u00e1 grande.<\/p>\r\n\r\n\r\n\r\n<p>Cria\u00e7\u00e3o coletiva I Encena\u00e7\u00e3o_ <strong>Rui Ramos<\/strong> I Interpreta\u00e7\u00e3o_ <strong>Filipe Seixas e Marisela Terra <\/strong>I Adere\u00e7os e constru\u00e7\u00e3o marionetas_ <strong>Coletivo <\/strong>I Cenografia_ <strong>Ana Rodrigues e Ivan Castro<\/strong> I Fotografia_ <strong>Baal17 <\/strong>I Design gr\u00e1fico_ <strong>Ver\u00f3nica Guerreiro\/Bloco D \u2013 Comunica\u00e7\u00e3o e imagem<\/strong> I Dire\u00e7\u00e3o de produ\u00e7\u00e3o_ <strong>Sandra Serra<\/strong> I Produ\u00e7\u00e3o executiva_ <strong>Hugo Fernandes<\/strong> I Gest\u00e3o_ <strong>Rui Ramos<\/strong><\/p>\r\n\r\n\r\n\r\n<p class=\"has-text-align-right\"><strong>Classifica\u00e7\u00e3o:<\/strong> M\/6 anos I <strong>Dura\u00e7\u00e3o:<\/strong> 40 mn<\/p>\r\n\r\n\r\n\r\n<div class=\"wp-block-columns is-layout-flex wp-container-core-columns-is-layout-9d6595d7 wp-block-columns-is-layout-flex\">\r\n<div class=\"wp-block-column is-layout-flow wp-block-column-is-layout-flow\">\r\n<figure class=\"wp-block-image size-large\"><img loading=\"lazy\" decoding=\"async\" width=\"1024\" height=\"683\" class=\"wp-image-5391\" src=\"https:\/\/baal17.pt\/_www\/wp-content\/uploads\/2025\/10\/UM-DIA-SEREI-GRANDE_BAAL17-\u00a9Hugo-Fernandes-3-1024x683.jpg\" alt=\"\" srcset=\"https:\/\/baal17.pt\/_www\/wp-content\/uploads\/2025\/10\/UM-DIA-SEREI-GRANDE_BAAL17-\u00a9Hugo-Fernandes-3-1024x683.jpg 1024w, https:\/\/baal17.pt\/_www\/wp-content\/uploads\/2025\/10\/UM-DIA-SEREI-GRANDE_BAAL17-\u00a9Hugo-Fernandes-3-300x200.jpg 300w, https:\/\/baal17.pt\/_www\/wp-content\/uploads\/2025\/10\/UM-DIA-SEREI-GRANDE_BAAL17-\u00a9Hugo-Fernandes-3-768x512.jpg 768w, https:\/\/baal17.pt\/_www\/wp-content\/uploads\/2025\/10\/UM-DIA-SEREI-GRANDE_BAAL17-\u00a9Hugo-Fernandes-3-1536x1024.jpg 1536w, https:\/\/baal17.pt\/_www\/wp-content\/uploads\/2025\/10\/UM-DIA-SEREI-GRANDE_BAAL17-\u00a9Hugo-Fernandes-3-2048x1365.jpg 2048w, https:\/\/baal17.pt\/_www\/wp-content\/uploads\/2025\/10\/UM-DIA-SEREI-GRANDE_BAAL17-\u00a9Hugo-Fernandes-3-150x100.jpg 150w\" sizes=\"auto, (max-width: 1024px) 100vw, 1024px\" \/><\/figure>\r\n<\/div>\r\n\r\n\r\n\r\n<div class=\"wp-block-column is-layout-flow wp-block-column-is-layout-flow\">\r\n<figure class=\"wp-block-image size-large\"><img loading=\"lazy\" decoding=\"async\" width=\"1024\" height=\"682\" class=\"wp-image-5392\" src=\"https:\/\/baal17.pt\/_www\/wp-content\/uploads\/2025\/10\/UM-DIA-SEREI-GRANDE_BAAL17-\u00a9Hugo-Fernandes-7-1024x682.jpg\" alt=\"\" srcset=\"https:\/\/baal17.pt\/_www\/wp-content\/uploads\/2025\/10\/UM-DIA-SEREI-GRANDE_BAAL17-\u00a9Hugo-Fernandes-7-1024x682.jpg 1024w, https:\/\/baal17.pt\/_www\/wp-content\/uploads\/2025\/10\/UM-DIA-SEREI-GRANDE_BAAL17-\u00a9Hugo-Fernandes-7-300x200.jpg 300w, https:\/\/baal17.pt\/_www\/wp-content\/uploads\/2025\/10\/UM-DIA-SEREI-GRANDE_BAAL17-\u00a9Hugo-Fernandes-7-768x512.jpg 768w, https:\/\/baal17.pt\/_www\/wp-content\/uploads\/2025\/10\/UM-DIA-SEREI-GRANDE_BAAL17-\u00a9Hugo-Fernandes-7-1536x1024.jpg 1536w, https:\/\/baal17.pt\/_www\/wp-content\/uploads\/2025\/10\/UM-DIA-SEREI-GRANDE_BAAL17-\u00a9Hugo-Fernandes-7-2048x1365.jpg 2048w, https:\/\/baal17.pt\/_www\/wp-content\/uploads\/2025\/10\/UM-DIA-SEREI-GRANDE_BAAL17-\u00a9Hugo-Fernandes-7-150x100.jpg 150w\" sizes=\"auto, (max-width: 1024px) 100vw, 1024px\" \/><\/figure>\r\n<\/div>\r\n<\/div>\r\n","protected":false},"excerpt":{"rendered":"<p>BAAL17 &#8211; COMPANHIA DE TEATRO 09 NOV I 16H00 Jo\u00e3o nasceu num susto sem saber como. Enquanto se constr\u00f3i, ganha a consci\u00eancia de que \u00e9 necess\u00e1rio fazerescolhas e de que existem regras para cumprir.Vai para a escola para aprender e para descobrir quem \u00e9.Aprende a ler, aprende a matem\u00e1tica, fica [&hellip;]<\/p>\n","protected":false},"author":2,"featured_media":0,"parent":0,"menu_order":0,"comment_status":"closed","ping_status":"closed","template":"","meta":{"footnotes":""},"class_list":["post-4943","page","type-page","status-publish","hentry"],"_links":{"self":[{"href":"https:\/\/baal17.pt\/_www\/wp-json\/wp\/v2\/pages\/4943","targetHints":{"allow":["GET"]}}],"collection":[{"href":"https:\/\/baal17.pt\/_www\/wp-json\/wp\/v2\/pages"}],"about":[{"href":"https:\/\/baal17.pt\/_www\/wp-json\/wp\/v2\/types\/page"}],"author":[{"embeddable":true,"href":"https:\/\/baal17.pt\/_www\/wp-json\/wp\/v2\/users\/2"}],"replies":[{"embeddable":true,"href":"https:\/\/baal17.pt\/_www\/wp-json\/wp\/v2\/comments?post=4943"}],"version-history":[{"count":4,"href":"https:\/\/baal17.pt\/_www\/wp-json\/wp\/v2\/pages\/4943\/revisions"}],"predecessor-version":[{"id":5394,"href":"https:\/\/baal17.pt\/_www\/wp-json\/wp\/v2\/pages\/4943\/revisions\/5394"}],"wp:attachment":[{"href":"https:\/\/baal17.pt\/_www\/wp-json\/wp\/v2\/media?parent=4943"}],"curies":[{"name":"wp","href":"https:\/\/api.w.org\/{rel}","templated":true}]}}