{"id":4936,"date":"2024-10-23T15:25:21","date_gmt":"2024-10-23T15:25:21","guid":{"rendered":"https:\/\/baal17.pt\/_www\/?page_id=4936"},"modified":"2025-10-17T10:52:50","modified_gmt":"2025-10-17T10:52:50","slug":"sede","status":"publish","type":"page","link":"https:\/\/baal17.pt\/_www\/sede\/","title":{"rendered":"&#8220;Sede&#8221;, a partir de Aldeia -Terra, Gente e Bichos de Aquilino Ribeiro"},"content":{"rendered":"\n<h2 class=\"wp-block-heading\">ASTA &#8211; TEATRO E OUTRAS ARTES<\/h2>\n\n\n\n<p><strong>16. NOV I 21h30 <\/strong><\/p>\n\n\n\n<p>Descobrir Aquilino Ribeiro foi como entrar num sonho acordado, onde as palavras abrem um espa\u00e7o de significados que se respondem uma \u00e0s outras como dentro de um labirinto de espelhos e vidros transparentes. Refletem ou deixam-se atravessar por temporalidades distantes e familiares ao mesmo tempo. De liter\u00e1rio a soci\u00f3logo, a fil\u00f3sofo, de et\u00f3logo a romancista, essas sensa\u00e7\u00f5es provocadas pela leitura de Aldeia -Terra Gente e Bichos, foram o ponto de partida para criar SEDE, confirmando essa intui\u00e7\u00e3o de pesquisa nas palavras do mestre: &#8220;Porque h\u00e1 de ter menos realidade o mundo fingido ou sonhado do que qualquer outro?&#8221;. \u00c9 esse mundo fingido, sonhado, que cri\u00e1mos. Uma f\u00e1bula feita dessas sensa\u00e7\u00f5es. Num espa\u00e7o rasgado por vest\u00edgios de \u00e1rvores e sombras do que j\u00e1 foi, duas mulheres chegam para fazerem desse espa\u00e7o o seu lugar terra. \u00c1rvores mortas, a terra seca, inf\u00e9rtil, \u00e9 aqui que o desafio para encontrar \u00e1gua come\u00e7a. Servindo-nos de uma linguagem teatral, on\u00edrica e principalmente visual, sustentada num discurso sensorial, SEDE, entende-se como uma performance teatral que convida os espectadores a viajarem a um universo alternativo, a um lugar de mist\u00e9rio.<\/p>\n\n\n\n<p>Cria\u00e7\u00e3o e Dire\u00e7\u00e3o: <strong>Patrick Murys <\/strong>I Interpreta\u00e7\u00e3o: <strong>B\u00e1rbara Soares, Carmo Teixeira<\/strong> I Apoio \u00e0 Cria\u00e7\u00e3o: <strong>Ana Vargas <\/strong>Desenho de Luz e Som, Cenografia: P<strong>edro fonseca\/colectivo, ac <\/strong>I Espa\u00e7o C\u00e9nico: <strong>Patrick Murys<\/strong>, <strong>Pedro Fonseca\/colectivo, ac<\/strong> I Guarda-Roupa : <strong>ASTA<\/strong> I Costureira: <strong>S\u00e3o Bizarro <\/strong>I Cartaz: <strong>S\u00e9rgio Novo<\/strong> I <strong>Fotografia e V\u00eddeo: Rui Espinho<\/strong> I Dire\u00e7\u00e3o de Produ\u00e7\u00e3o: <strong>Rui Pires<\/strong> I Comunica\u00e7\u00e3o: <strong>Helena Ribeiro <\/strong><\/p>\n\n\n\n<p>ASTA \u2013 Estrutura financiada por: Rep\u00fablica Portuguesa \/ Dire\u00e7\u00e3o Geral das Artes Coprodu\u00e7\u00e3o A Moagem &#8211; Cidade do Engenho e das Artes \/ C\u00e2mara Municipal do Fund\u00e3o Apoio C\u00e2mara Municipal da Covilh\u00e3 | Teatro Clube de Alpedrinha<\/p>\n\n\n\n<p><strong>Classifica\u00e7\u00e3o et\u00e1ria_<\/strong>&nbsp;M\/12 anos<strong>&nbsp;I Dura\u00e7\u00e3o _&nbsp;<\/strong>50 mn<\/p>\n\n\n\n<div class=\"wp-block-media-text is-stacked-on-mobile\">\r\n<figure class=\"wp-block-media-text__media\"><video src=\"https:\/\/baal17.pt\/_www\/wp-content\/uploads\/2025\/10\/sede_teaser-720p.mp4\" controls=\"controls\" width=\"300\" height=\"150\"><\/video><\/figure>\r\n<div class=\"wp-block-media-text__content\">\n\n<p>&nbsp;<\/p>\n\n<\/div>\r\n<\/div>\n","protected":false},"excerpt":{"rendered":"<p>ASTA &#8211; TEATRO E OUTRAS ARTES 16. NOV I 21h30 Descobrir Aquilino Ribeiro foi como entrar num sonho acordado, onde as palavras abrem um espa\u00e7o de significados que se respondem uma \u00e0s outras como dentro de um labirinto de espelhos e vidros transparentes. Refletem ou deixam-se atravessar por temporalidades distantes [&hellip;]<\/p>\n","protected":false},"author":2,"featured_media":0,"parent":0,"menu_order":0,"comment_status":"closed","ping_status":"closed","template":"","meta":{"footnotes":""},"class_list":["post-4936","page","type-page","status-publish","hentry"],"_links":{"self":[{"href":"https:\/\/baal17.pt\/_www\/wp-json\/wp\/v2\/pages\/4936","targetHints":{"allow":["GET"]}}],"collection":[{"href":"https:\/\/baal17.pt\/_www\/wp-json\/wp\/v2\/pages"}],"about":[{"href":"https:\/\/baal17.pt\/_www\/wp-json\/wp\/v2\/types\/page"}],"author":[{"embeddable":true,"href":"https:\/\/baal17.pt\/_www\/wp-json\/wp\/v2\/users\/2"}],"replies":[{"embeddable":true,"href":"https:\/\/baal17.pt\/_www\/wp-json\/wp\/v2\/comments?post=4936"}],"version-history":[{"count":6,"href":"https:\/\/baal17.pt\/_www\/wp-json\/wp\/v2\/pages\/4936\/revisions"}],"predecessor-version":[{"id":5418,"href":"https:\/\/baal17.pt\/_www\/wp-json\/wp\/v2\/pages\/4936\/revisions\/5418"}],"wp:attachment":[{"href":"https:\/\/baal17.pt\/_www\/wp-json\/wp\/v2\/media?parent=4936"}],"curies":[{"name":"wp","href":"https:\/\/api.w.org\/{rel}","templated":true}]}}