{"id":4690,"date":"2024-02-13T12:09:37","date_gmt":"2024-02-13T12:09:37","guid":{"rendered":"http:\/\/baal17.pt\/_www\/?page_id=4690"},"modified":"2025-12-10T11:10:54","modified_gmt":"2025-12-10T11:10:54","slug":"a-noite-canta-os-seus-cantos","status":"publish","type":"page","link":"https:\/\/baal17.pt\/_www\/a-noite-canta-os-seus-cantos\/","title":{"rendered":"A noite canta os seus cantos"},"content":{"rendered":"<section class=\"wpb-content-wrapper\">[vc_row et_full_width=&#8221;true&#8221; et_column_align=&#8221;align-center&#8221; css=&#8221;.vc_custom_1579117366191{margin-bottom: 60px !important;}&#8221;][vc_column offset=&#8221;vc_col-lg-11&#8243;]<div id=\"et-banner-slider-69ffc1148a9a1\" class=\"et-banner-slider slick slick-slider slick-controls-gray slick-dots-inside\" data-navigation=\"true\" data-pagination=\"true\" data-autoplay=\"true\" data-autoplay-speed=\"4000\" data-infinite=\"true\" data-pause=\"true\" data-columns=\"1\" >\r\n\t\t<div class=\"et-banner-69ffc1148a9f8 et-banner content-full  image-type-fluid text-color-dark hover-effect  \"><img loading=\"lazy\" decoding=\"async\" width=\"1600\" height=\"850\" src=\"https:\/\/baal17.pt\/_www\/wp-content\/uploads\/2024\/02\/anoi01.jpg\" class=\"et-banner-main-image\" alt=\"\" sizes=\"auto, (max-width: 1600px) 100vw, 1600px\" srcset=\"https:\/\/baal17.pt\/_www\/wp-content\/uploads\/2024\/02\/anoi01.jpg 1600w, https:\/\/baal17.pt\/_www\/wp-content\/uploads\/2024\/02\/anoi01-300x159.jpg 300w, https:\/\/baal17.pt\/_www\/wp-content\/uploads\/2024\/02\/anoi01-1024x544.jpg 1024w, https:\/\/baal17.pt\/_www\/wp-content\/uploads\/2024\/02\/anoi01-768x408.jpg 768w, https:\/\/baal17.pt\/_www\/wp-content\/uploads\/2024\/02\/anoi01-1536x816.jpg 1536w, https:\/\/baal17.pt\/_www\/wp-content\/uploads\/2024\/02\/anoi01-150x80.jpg 150w\" \/>\r\n\t\t<\/div>\r\n\t\t<div class=\"et-banner-69ffc1148ad13 et-banner content-full  image-type-fluid text-color-dark hover-effect  \"><img loading=\"lazy\" decoding=\"async\" width=\"1600\" height=\"850\" src=\"https:\/\/baal17.pt\/_www\/wp-content\/uploads\/2024\/02\/anoi02.jpg\" class=\"et-banner-main-image\" alt=\"\" sizes=\"auto, (max-width: 1600px) 100vw, 1600px\" srcset=\"https:\/\/baal17.pt\/_www\/wp-content\/uploads\/2024\/02\/anoi02.jpg 1600w, https:\/\/baal17.pt\/_www\/wp-content\/uploads\/2024\/02\/anoi02-300x159.jpg 300w, https:\/\/baal17.pt\/_www\/wp-content\/uploads\/2024\/02\/anoi02-1024x544.jpg 1024w, https:\/\/baal17.pt\/_www\/wp-content\/uploads\/2024\/02\/anoi02-768x408.jpg 768w, https:\/\/baal17.pt\/_www\/wp-content\/uploads\/2024\/02\/anoi02-1536x816.jpg 1536w, https:\/\/baal17.pt\/_www\/wp-content\/uploads\/2024\/02\/anoi02-150x80.jpg 150w\" \/>\r\n\t\t<\/div>\r\n\t\t<div class=\"et-banner-69ffc1148af61 et-banner content-full  image-type-fluid text-color-light hover-effect  \"><img loading=\"lazy\" decoding=\"async\" width=\"1600\" height=\"850\" src=\"https:\/\/baal17.pt\/_www\/wp-content\/uploads\/2024\/02\/anoi03.jpg\" class=\"et-banner-main-image\" alt=\"\" sizes=\"auto, (max-width: 1600px) 100vw, 1600px\" srcset=\"https:\/\/baal17.pt\/_www\/wp-content\/uploads\/2024\/02\/anoi03.jpg 1600w, https:\/\/baal17.pt\/_www\/wp-content\/uploads\/2024\/02\/anoi03-300x159.jpg 300w, https:\/\/baal17.pt\/_www\/wp-content\/uploads\/2024\/02\/anoi03-1024x544.jpg 1024w, https:\/\/baal17.pt\/_www\/wp-content\/uploads\/2024\/02\/anoi03-768x408.jpg 768w, https:\/\/baal17.pt\/_www\/wp-content\/uploads\/2024\/02\/anoi03-1536x816.jpg 1536w, https:\/\/baal17.pt\/_www\/wp-content\/uploads\/2024\/02\/anoi03-150x80.jpg 150w\" \/>\r\n\t\t<\/div>\r\n\t\t<div class=\"et-banner-69ffc1148b16c et-banner content-full  image-type-fluid text-color-light hover-effect  \"><img loading=\"lazy\" decoding=\"async\" width=\"1600\" height=\"850\" src=\"https:\/\/baal17.pt\/_www\/wp-content\/uploads\/2024\/02\/anoi04.jpg\" class=\"et-banner-main-image\" alt=\"\" sizes=\"auto, (max-width: 1600px) 100vw, 1600px\" srcset=\"https:\/\/baal17.pt\/_www\/wp-content\/uploads\/2024\/02\/anoi04.jpg 1600w, https:\/\/baal17.pt\/_www\/wp-content\/uploads\/2024\/02\/anoi04-300x159.jpg 300w, https:\/\/baal17.pt\/_www\/wp-content\/uploads\/2024\/02\/anoi04-1024x544.jpg 1024w, https:\/\/baal17.pt\/_www\/wp-content\/uploads\/2024\/02\/anoi04-768x408.jpg 768w, https:\/\/baal17.pt\/_www\/wp-content\/uploads\/2024\/02\/anoi04-1536x816.jpg 1536w, https:\/\/baal17.pt\/_www\/wp-content\/uploads\/2024\/02\/anoi04-150x80.jpg 150w\" \/>\r\n\t\t<\/div>\r\n\t\t<div class=\"et-banner-69ffc1148b3bc et-banner content-full  image-type-fluid text-color-light hover-effect  \"><img loading=\"lazy\" decoding=\"async\" width=\"1600\" height=\"850\" src=\"https:\/\/baal17.pt\/_www\/wp-content\/uploads\/2024\/02\/anoi05.jpg\" class=\"et-banner-main-image\" alt=\"\" sizes=\"auto, (max-width: 1600px) 100vw, 1600px\" srcset=\"https:\/\/baal17.pt\/_www\/wp-content\/uploads\/2024\/02\/anoi05.jpg 1600w, https:\/\/baal17.pt\/_www\/wp-content\/uploads\/2024\/02\/anoi05-300x159.jpg 300w, https:\/\/baal17.pt\/_www\/wp-content\/uploads\/2024\/02\/anoi05-1024x544.jpg 1024w, https:\/\/baal17.pt\/_www\/wp-content\/uploads\/2024\/02\/anoi05-768x408.jpg 768w, https:\/\/baal17.pt\/_www\/wp-content\/uploads\/2024\/02\/anoi05-1536x816.jpg 1536w, https:\/\/baal17.pt\/_www\/wp-content\/uploads\/2024\/02\/anoi05-150x80.jpg 150w\" \/>\r\n\t\t<\/div><\/div>[\/vc_column][\/vc_row][vc_row et_column_align=&#8221;align-right&#8221;][vc_column css=&#8221;.vc_custom_1699540770797{padding-top: 35px !important;}&#8221;][vc_column_text]\n<div>\n<h1 class=\"Standard\"><b><span lang=\"PT\">\u201c<\/span><\/b><b><span lang=\"PT\">A noite canta os seus cantos<\/span><\/b><b><span lang=\"PT\">\u201d<\/span><\/b><\/h1>\n<\/div>\n<div>\n<p class=\"Standard\">de Jon Fosse<\/p>\n<\/div>\n[\/vc_column_text][vc_column_text]\n<div>\n<p class=\"v1standard\"><span lang=\"PT\">Pr\u00e9mio Nobel da Literatura 2023, Jon Fosse \u00e9 um dramaturgo noruegu\u00eas, distinguido pela Academia pelas suas pe\u00e7as de teatro e prosa inovadoras que \u201cd\u00e3o voz ao indiz\u00edvel\u201d.<\/span><\/p>\n<\/div>\n<div>\n<p class=\"v1standard\"><span lang=\"PT\">\u00a0<\/span><\/p>\n<\/div>\n<div>\n<p class=\"v1standard\"><span lang=\"PT\">Em <i>A noite canta os seus cantos<\/i> h\u00e1 amor e morte. Tr\u00e1gico e c\u00f3mico. Realismo e estiliza\u00e7\u00e3o. Nos quatro andamentos da pe\u00e7a, um rel\u00f3gio de parede aponta com precis\u00e3o o momento do in\u00edcio da a\u00e7\u00e3o. E o tempo decorre. Lento? R\u00e1pido? \u00c9 de tarde. Depressa cai a noite. E \u00e9 de madrugada que se ouve um tiro. Passaram-se treze horas e pouco entre uma vulgar cena conjugal e o suic\u00eddio do jovem marido, escritor frustrado e atrai\u00e7oado. Foi a noite com os seus cantos.<\/span><\/p>\n<\/div>\n<div>\n<p class=\"v1standard\"><span lang=\"PT\">\u00a0<\/span><\/p>\n<\/div>\n<div>\n<p class=\"v1standard\"><span lang=\"PT\">Vindo de Ibsen (e de Tchekov: um Treplev sem sonhos?), Jon Fosse conta uma hist\u00f3ria de amor. A morte faz parte, como faz parte o riso e a l\u00e1grima, o mais cerrado realismo psicol\u00f3gico e o desconcerto dum gesto, duma proferi\u00e7\u00e3o ou dum movimento inesperado.<\/span><\/p>\n<\/div>\n[\/vc_column_text][vc_separator][vc_column_text css=&#8221;.vc_custom_1707827047036{padding-top: 25px !important;}&#8221;]<strong>Ficha t\u00e9cnica e art\u00edstica<\/strong><\/p>\n<p>Texto: <strong>Jon Fosse<\/strong><br \/>\nTradu\u00e7\u00e3o: <strong>Pedro Fernandes e Manuel Resende<\/strong><br \/>\nEncena\u00e7\u00e3o: <strong>Lu\u00eds Varela<\/strong><br \/>\nCenografia e figurinos: <strong>Jos\u00e9 Carlos Faria<\/strong><br \/>\nDesenho de luz: <strong>Filipe Seixas<\/strong><br \/>\nInterpreta\u00e7\u00e3o: <strong>Carolina Carvalhais, David Meco, Filipe Seixas, Rolando Galhardas e Sandra Serra<\/strong><br \/>\nConstru\u00e7\u00e3o: <strong>Fabrice Ziegler<\/strong><br \/>\nEletr\u00f3nica: <strong>Paulo Marques<\/strong><br \/>\nOpera\u00e7\u00e3o T\u00e9cnica: <strong>Andr\u00e9 Batista\/Fabrice Ziegler<\/strong><br \/>\nFotografia: <strong>Fabrice Ziegler<\/strong><br \/>\nV\u00eddeo: <strong>Rolando Galhardas<\/strong><br \/>\nCartaz e Design Gr\u00e1fico: <strong>Andr\u00e9 Batista<\/strong><br \/>\nProdu\u00e7\u00e3o: <strong>Andr\u00e9 Batista<\/strong><br \/>\nAssistente de produ\u00e7\u00e3o: <strong>Marisela Terra<\/strong><br \/>\nAssistente de montagem: Francisco Moquenco<br \/>\nComunica\u00e7\u00e3o: Sandra Serra<br \/>\nGest\u00e3o: Rui Ramos<\/p>\n<p>Dura\u00e7\u00e3o: <strong>80 min (aprox.)<\/strong><br \/>\nClassifica\u00e7\u00e3o: <strong>M\/14 anos<\/strong>[\/vc_column_text][vc_separator][vc_column_text css=&#8221;.vc_custom_1714750321796{padding-top: 25px !important;}&#8221;]\n<div><span lang=\"PT\">\u2192 <a href=\"https:\/\/baal17.pt\/_www\/wp-content\/uploads\/2024\/05\/Dossier-_-A-noite-canta-os-seus-cantos-de-Jon-Fosse.pdf\">Dossier<\/a><\/span><\/div>\n[\/vc_column_text][vc_video link=&#8221;https:\/\/vimeo.com\/912567643?share=copy&#8221; css=&#8221;.vc_custom_1707838934881{padding-bottom: 65px !important;}&#8221;][\/vc_column][\/vc_row]\n<\/section>","protected":false},"excerpt":{"rendered":"<p>[vc_row et_full_width=&#8221;true&#8221; et_column_align=&#8221;align-center&#8221; css=&#8221;.vc_custom_1579117366191{margin-bottom: 60px !important;}&#8221;][vc_column offset=&#8221;vc_col-lg-11&#8243;][\/vc_column][\/vc_row][vc_row et_column_align=&#8221;align-right&#8221;][vc_column css=&#8221;.vc_custom_1699540770797{padding-top: 35px !important;}&#8221;][vc_column_text] \u201cA noite canta os seus cantos\u201d de Jon Fosse [\/vc_column_text][vc_column_text] Pr\u00e9mio Nobel da Literatura 2023, Jon Fosse \u00e9 um dramaturgo noruegu\u00eas, distinguido pela Academia pelas suas pe\u00e7as de teatro e prosa inovadoras que \u201cd\u00e3o voz ao indiz\u00edvel\u201d. \u00a0 Em [&hellip;]<\/p>\n","protected":false},"author":1,"featured_media":0,"parent":0,"menu_order":0,"comment_status":"closed","ping_status":"closed","template":"","meta":{"footnotes":""},"class_list":["post-4690","page","type-page","status-publish","hentry"],"_links":{"self":[{"href":"https:\/\/baal17.pt\/_www\/wp-json\/wp\/v2\/pages\/4690","targetHints":{"allow":["GET"]}}],"collection":[{"href":"https:\/\/baal17.pt\/_www\/wp-json\/wp\/v2\/pages"}],"about":[{"href":"https:\/\/baal17.pt\/_www\/wp-json\/wp\/v2\/types\/page"}],"author":[{"embeddable":true,"href":"https:\/\/baal17.pt\/_www\/wp-json\/wp\/v2\/users\/1"}],"replies":[{"embeddable":true,"href":"https:\/\/baal17.pt\/_www\/wp-json\/wp\/v2\/comments?post=4690"}],"version-history":[{"count":27,"href":"https:\/\/baal17.pt\/_www\/wp-json\/wp\/v2\/pages\/4690\/revisions"}],"predecessor-version":[{"id":4784,"href":"https:\/\/baal17.pt\/_www\/wp-json\/wp\/v2\/pages\/4690\/revisions\/4784"}],"wp:attachment":[{"href":"https:\/\/baal17.pt\/_www\/wp-json\/wp\/v2\/media?parent=4690"}],"curies":[{"name":"wp","href":"https:\/\/api.w.org\/{rel}","templated":true}]}}