{"id":4026,"date":"2023-11-13T15:56:40","date_gmt":"2023-11-13T15:56:40","guid":{"rendered":"http:\/\/baal17.pt\/_www\/?page_id=4026"},"modified":"2026-01-13T11:10:49","modified_gmt":"2026-01-13T11:10:49","slug":"ca-cultura-viva","status":"publish","type":"page","link":"https:\/\/baal17.pt\/_www\/ca-cultura-viva\/","title":{"rendered":"CA &#8211; Cultura Viva"},"content":{"rendered":"<section class=\"wpb-content-wrapper\">[vc_row et_full_width=&#8221;true&#8221; et_row_padding=&#8221;true&#8221;][vc_column]<div id=\"et-banner-slider-69f34dd367ca6\" class=\"et-banner-slider slick slick-slider slick-controls-gray slick-dots-disabled\" data-fade=\"true\" data-autoplay=\"true\" data-autoplay-speed=\"4000\"  data-columns=\"1\" >\r\n\t\t<div class=\"et-banner-69f34dd367cdc et-banner content-full  image-type-fluid text-color-dark hover-effect  \"><img loading=\"lazy\" decoding=\"async\" width=\"1600\" height=\"850\" src=\"https:\/\/baal17.pt\/_www\/wp-content\/uploads\/2024\/02\/ca02.jpg\" class=\"et-banner-main-image\" alt=\"\" sizes=\"auto, (max-width: 1600px) 100vw, 1600px\" srcset=\"https:\/\/baal17.pt\/_www\/wp-content\/uploads\/2024\/02\/ca02.jpg 1600w, https:\/\/baal17.pt\/_www\/wp-content\/uploads\/2024\/02\/ca02-300x159.jpg 300w, https:\/\/baal17.pt\/_www\/wp-content\/uploads\/2024\/02\/ca02-1024x544.jpg 1024w, https:\/\/baal17.pt\/_www\/wp-content\/uploads\/2024\/02\/ca02-768x408.jpg 768w, https:\/\/baal17.pt\/_www\/wp-content\/uploads\/2024\/02\/ca02-1536x816.jpg 1536w, https:\/\/baal17.pt\/_www\/wp-content\/uploads\/2024\/02\/ca02-150x80.jpg 150w\" \/>\r\n\t\t<\/div>\r\n\t\t<div class=\"et-banner-69f34dd367f23 et-banner content-full  image-type-fluid text-color-dark hover-effect  \"><img loading=\"lazy\" decoding=\"async\" width=\"1600\" height=\"850\" src=\"https:\/\/baal17.pt\/_www\/wp-content\/uploads\/2024\/02\/ca03.jpg\" class=\"et-banner-main-image\" alt=\"\" sizes=\"auto, (max-width: 1600px) 100vw, 1600px\" srcset=\"https:\/\/baal17.pt\/_www\/wp-content\/uploads\/2024\/02\/ca03.jpg 1600w, https:\/\/baal17.pt\/_www\/wp-content\/uploads\/2024\/02\/ca03-300x159.jpg 300w, https:\/\/baal17.pt\/_www\/wp-content\/uploads\/2024\/02\/ca03-1024x544.jpg 1024w, https:\/\/baal17.pt\/_www\/wp-content\/uploads\/2024\/02\/ca03-768x408.jpg 768w, https:\/\/baal17.pt\/_www\/wp-content\/uploads\/2024\/02\/ca03-1536x816.jpg 1536w, https:\/\/baal17.pt\/_www\/wp-content\/uploads\/2024\/02\/ca03-150x80.jpg 150w\" \/>\r\n\t\t<\/div>\r\n\t\t<div class=\"et-banner-69f34dd3680d3 et-banner content-full  image-type-fluid text-color-dark hover-effect  \"><img loading=\"lazy\" decoding=\"async\" width=\"1600\" height=\"850\" src=\"https:\/\/baal17.pt\/_www\/wp-content\/uploads\/2024\/02\/ca05.jpg\" class=\"et-banner-main-image\" alt=\"\" sizes=\"auto, (max-width: 1600px) 100vw, 1600px\" srcset=\"https:\/\/baal17.pt\/_www\/wp-content\/uploads\/2024\/02\/ca05.jpg 1600w, https:\/\/baal17.pt\/_www\/wp-content\/uploads\/2024\/02\/ca05-300x159.jpg 300w, https:\/\/baal17.pt\/_www\/wp-content\/uploads\/2024\/02\/ca05-1024x544.jpg 1024w, https:\/\/baal17.pt\/_www\/wp-content\/uploads\/2024\/02\/ca05-768x408.jpg 768w, https:\/\/baal17.pt\/_www\/wp-content\/uploads\/2024\/02\/ca05-1536x816.jpg 1536w, https:\/\/baal17.pt\/_www\/wp-content\/uploads\/2024\/02\/ca05-150x80.jpg 150w\" \/>\r\n\t\t<\/div>\r\n\t\t<div class=\"et-banner-69f34dd368244 et-banner content-full  image-type-fluid text-color-dark hover-effect  \"><img loading=\"lazy\" decoding=\"async\" width=\"1600\" height=\"850\" src=\"https:\/\/baal17.pt\/_www\/wp-content\/uploads\/2024\/02\/ca04.jpg\" class=\"et-banner-main-image\" alt=\"\" sizes=\"auto, (max-width: 1600px) 100vw, 1600px\" srcset=\"https:\/\/baal17.pt\/_www\/wp-content\/uploads\/2024\/02\/ca04.jpg 1600w, https:\/\/baal17.pt\/_www\/wp-content\/uploads\/2024\/02\/ca04-300x159.jpg 300w, https:\/\/baal17.pt\/_www\/wp-content\/uploads\/2024\/02\/ca04-1024x544.jpg 1024w, https:\/\/baal17.pt\/_www\/wp-content\/uploads\/2024\/02\/ca04-768x408.jpg 768w, https:\/\/baal17.pt\/_www\/wp-content\/uploads\/2024\/02\/ca04-1536x816.jpg 1536w, https:\/\/baal17.pt\/_www\/wp-content\/uploads\/2024\/02\/ca04-150x80.jpg 150w\" \/>\r\n\t\t<\/div>\r\n\t\t<div class=\"et-banner-69f34dd368400 et-banner content-full  image-type-fluid text-color-dark hover-effect  \"><img loading=\"lazy\" decoding=\"async\" width=\"1600\" height=\"850\" src=\"https:\/\/baal17.pt\/_www\/wp-content\/uploads\/2024\/02\/ca01.jpg\" class=\"et-banner-main-image\" alt=\"\" sizes=\"auto, (max-width: 1600px) 100vw, 1600px\" srcset=\"https:\/\/baal17.pt\/_www\/wp-content\/uploads\/2024\/02\/ca01.jpg 1600w, https:\/\/baal17.pt\/_www\/wp-content\/uploads\/2024\/02\/ca01-300x159.jpg 300w, https:\/\/baal17.pt\/_www\/wp-content\/uploads\/2024\/02\/ca01-1024x544.jpg 1024w, https:\/\/baal17.pt\/_www\/wp-content\/uploads\/2024\/02\/ca01-768x408.jpg 768w, https:\/\/baal17.pt\/_www\/wp-content\/uploads\/2024\/02\/ca01-1536x816.jpg 1536w, https:\/\/baal17.pt\/_www\/wp-content\/uploads\/2024\/02\/ca01-150x80.jpg 150w\" \/>\r\n\t\t<\/div><\/div>[\/vc_column][\/vc_row][vc_row][vc_column css=&#8221;.vc_custom_1699891094196{padding-top: 65px !important;padding-bottom: 65px !important;}&#8221;][vc_column_text]\n<h3><strong>Resid\u00eancias art\u00edsticas\u00a0<\/strong><\/h3>\n<p>O acolhimento de resid\u00eancias art\u00edsticas <strong>CA &#8211; Cultura Viva<\/strong> tem como objetivo fomentar a cria\u00e7\u00e3o e o desenvolvimento de projetos art\u00edsticos, em particular o trabalho de novos criadores e\/ou de criadores que n\u00e3o possuem espa\u00e7os de cria\u00e7\u00e3o. Pretende-se igualmente, que estes acolhimentos sejam momentos de viv\u00eancia\/partilha entre criadores, estrutura e a cidade.[\/vc_column_text][vc_column_text]\n<h3><a href=\"https:\/\/baal17.pt\/_www\/residencias-artisticas-2025\/\">Resid\u00eancias art\u00edsticas 2025\u00a0<\/a><\/h3>\n<h3>Resid\u00eancias art\u00edsticas 2026 &#8211; Chamada aberta a decorrer<\/h3>\n<p>Candidaturas <a href=\"https:\/\/docs.google.com\/forms\/d\/e\/1FAIpQLScpq1dkMDPq1jnYRkZe_gjh_EfZACK9Gw7Ayylv2Uww9viY3w\/viewform?usp=sharing&amp;ouid=108362143725861460311\">Link aqui<\/a><\/p>\n<p>Regulamento\u00a0<a href=\"https:\/\/drive.google.com\/file\/d\/1Q1b08FRmSFOUvcTHaXLSz715qfruH1G7\/view?usp=sharing\" target=\"_blank\" rel=\"noopener\">Link aqui<\/a>[\/vc_column_text][\/vc_column][\/vc_row]\n<\/section>","protected":false},"excerpt":{"rendered":"<p>[vc_row et_full_width=&#8221;true&#8221; et_row_padding=&#8221;true&#8221;][vc_column][\/vc_column][\/vc_row][vc_row][vc_column css=&#8221;.vc_custom_1699891094196{padding-top: 65px !important;padding-bottom: 65px !important;}&#8221;][vc_column_text] Resid\u00eancias art\u00edsticas\u00a0 O acolhimento de resid\u00eancias art\u00edsticas CA &#8211; Cultura Viva tem como objetivo fomentar a cria\u00e7\u00e3o e o desenvolvimento de projetos art\u00edsticos, em particular o trabalho de novos criadores e\/ou de criadores que n\u00e3o possuem espa\u00e7os de cria\u00e7\u00e3o. Pretende-se igualmente, que [&hellip;]<\/p>\n","protected":false},"author":1,"featured_media":0,"parent":0,"menu_order":0,"comment_status":"closed","ping_status":"closed","template":"","meta":{"footnotes":""},"class_list":["post-4026","page","type-page","status-publish","hentry"],"_links":{"self":[{"href":"https:\/\/baal17.pt\/_www\/wp-json\/wp\/v2\/pages\/4026","targetHints":{"allow":["GET"]}}],"collection":[{"href":"https:\/\/baal17.pt\/_www\/wp-json\/wp\/v2\/pages"}],"about":[{"href":"https:\/\/baal17.pt\/_www\/wp-json\/wp\/v2\/types\/page"}],"author":[{"embeddable":true,"href":"https:\/\/baal17.pt\/_www\/wp-json\/wp\/v2\/users\/1"}],"replies":[{"embeddable":true,"href":"https:\/\/baal17.pt\/_www\/wp-json\/wp\/v2\/comments?post=4026"}],"version-history":[{"count":26,"href":"https:\/\/baal17.pt\/_www\/wp-json\/wp\/v2\/pages\/4026\/revisions"}],"predecessor-version":[{"id":5485,"href":"https:\/\/baal17.pt\/_www\/wp-json\/wp\/v2\/pages\/4026\/revisions\/5485"}],"wp:attachment":[{"href":"https:\/\/baal17.pt\/_www\/wp-json\/wp\/v2\/media?parent=4026"}],"curies":[{"name":"wp","href":"https:\/\/api.w.org\/{rel}","templated":true}]}}