{"id":3999,"date":"2023-11-13T15:20:20","date_gmt":"2023-11-13T15:20:20","guid":{"rendered":"http:\/\/baal17.pt\/_www\/?page_id=3999"},"modified":"2024-02-14T11:11:56","modified_gmt":"2024-02-14T11:11:56","slug":"uni-verso","status":"publish","type":"page","link":"https:\/\/baal17.pt\/_www\/uni-verso\/","title":{"rendered":"UNI-VERSO"},"content":{"rendered":"<section class=\"wpb-content-wrapper\">[vc_row et_full_width=&#8221;true&#8221; et_column_align=&#8221;align-center&#8221; css=&#8221;.vc_custom_1579117366191{margin-bottom: 60px !important;}&#8221;][vc_column offset=&#8221;vc_col-lg-11&#8243;]<div id=\"et-banner-slider-69ef0ab7200f1\" class=\"et-banner-slider slick slick-slider slick-controls-gray slick-dots-inside\" data-navigation=\"true\" data-pagination=\"true\" data-autoplay=\"true\" data-autoplay-speed=\"4000\" data-infinite=\"true\" data-pause=\"true\" data-columns=\"1\" >\r\n\t\t<div class=\"et-banner-69ef0ab720178 et-banner content-full  image-type-fluid text-color-dark hover-effect  \"><img loading=\"lazy\" decoding=\"async\" width=\"1600\" height=\"850\" src=\"https:\/\/baal17.pt\/_www\/wp-content\/uploads\/2024\/02\/uni01-1.jpg\" class=\"et-banner-main-image\" alt=\"\" sizes=\"auto, (max-width: 1600px) 100vw, 1600px\" srcset=\"https:\/\/baal17.pt\/_www\/wp-content\/uploads\/2024\/02\/uni01-1.jpg 1600w, https:\/\/baal17.pt\/_www\/wp-content\/uploads\/2024\/02\/uni01-1-300x159.jpg 300w, https:\/\/baal17.pt\/_www\/wp-content\/uploads\/2024\/02\/uni01-1-1024x544.jpg 1024w, https:\/\/baal17.pt\/_www\/wp-content\/uploads\/2024\/02\/uni01-1-768x408.jpg 768w, https:\/\/baal17.pt\/_www\/wp-content\/uploads\/2024\/02\/uni01-1-1536x816.jpg 1536w, https:\/\/baal17.pt\/_www\/wp-content\/uploads\/2024\/02\/uni01-1-150x80.jpg 150w\" \/>\r\n\t\t<\/div>\r\n\t\t<div class=\"et-banner-69ef0ab720660 et-banner content-full  image-type-fluid text-color-dark hover-effect  \"><img loading=\"lazy\" decoding=\"async\" width=\"1600\" height=\"850\" src=\"https:\/\/baal17.pt\/_www\/wp-content\/uploads\/2024\/02\/uni02-1.jpg\" class=\"et-banner-main-image\" alt=\"\" sizes=\"auto, (max-width: 1600px) 100vw, 1600px\" srcset=\"https:\/\/baal17.pt\/_www\/wp-content\/uploads\/2024\/02\/uni02-1.jpg 1600w, https:\/\/baal17.pt\/_www\/wp-content\/uploads\/2024\/02\/uni02-1-300x159.jpg 300w, https:\/\/baal17.pt\/_www\/wp-content\/uploads\/2024\/02\/uni02-1-1024x544.jpg 1024w, https:\/\/baal17.pt\/_www\/wp-content\/uploads\/2024\/02\/uni02-1-768x408.jpg 768w, https:\/\/baal17.pt\/_www\/wp-content\/uploads\/2024\/02\/uni02-1-1536x816.jpg 1536w, https:\/\/baal17.pt\/_www\/wp-content\/uploads\/2024\/02\/uni02-1-150x80.jpg 150w\" \/>\r\n\t\t<\/div>\r\n\t\t<div class=\"et-banner-69ef0ab720a70 et-banner content-full  image-type-fluid text-color-light hover-effect  \"><img loading=\"lazy\" decoding=\"async\" width=\"1600\" height=\"850\" src=\"https:\/\/baal17.pt\/_www\/wp-content\/uploads\/2024\/02\/uni03-1.jpg\" class=\"et-banner-main-image\" alt=\"\" sizes=\"auto, (max-width: 1600px) 100vw, 1600px\" srcset=\"https:\/\/baal17.pt\/_www\/wp-content\/uploads\/2024\/02\/uni03-1.jpg 1600w, https:\/\/baal17.pt\/_www\/wp-content\/uploads\/2024\/02\/uni03-1-300x159.jpg 300w, https:\/\/baal17.pt\/_www\/wp-content\/uploads\/2024\/02\/uni03-1-1024x544.jpg 1024w, https:\/\/baal17.pt\/_www\/wp-content\/uploads\/2024\/02\/uni03-1-768x408.jpg 768w, https:\/\/baal17.pt\/_www\/wp-content\/uploads\/2024\/02\/uni03-1-1536x816.jpg 1536w, https:\/\/baal17.pt\/_www\/wp-content\/uploads\/2024\/02\/uni03-1-150x80.jpg 150w\" \/>\r\n\t\t<\/div>\r\n\t\t<div class=\"et-banner-69ef0ab720e6e et-banner content-full  image-type-fluid text-color-light hover-effect  \"><img loading=\"lazy\" decoding=\"async\" width=\"1600\" height=\"850\" src=\"https:\/\/baal17.pt\/_www\/wp-content\/uploads\/2024\/02\/uni04-1.jpg\" class=\"et-banner-main-image\" alt=\"\" sizes=\"auto, (max-width: 1600px) 100vw, 1600px\" srcset=\"https:\/\/baal17.pt\/_www\/wp-content\/uploads\/2024\/02\/uni04-1.jpg 1600w, https:\/\/baal17.pt\/_www\/wp-content\/uploads\/2024\/02\/uni04-1-300x159.jpg 300w, https:\/\/baal17.pt\/_www\/wp-content\/uploads\/2024\/02\/uni04-1-1024x544.jpg 1024w, https:\/\/baal17.pt\/_www\/wp-content\/uploads\/2024\/02\/uni04-1-768x408.jpg 768w, https:\/\/baal17.pt\/_www\/wp-content\/uploads\/2024\/02\/uni04-1-1536x816.jpg 1536w, https:\/\/baal17.pt\/_www\/wp-content\/uploads\/2024\/02\/uni04-1-150x80.jpg 150w\" \/>\r\n\t\t<\/div>\r\n\t\t<div class=\"et-banner-69ef0ab721290 et-banner content-full  image-type-fluid text-color-light hover-effect  \"><img loading=\"lazy\" decoding=\"async\" width=\"1600\" height=\"850\" src=\"https:\/\/baal17.pt\/_www\/wp-content\/uploads\/2024\/02\/uni05-1.jpg\" class=\"et-banner-main-image\" alt=\"\" sizes=\"auto, (max-width: 1600px) 100vw, 1600px\" srcset=\"https:\/\/baal17.pt\/_www\/wp-content\/uploads\/2024\/02\/uni05-1.jpg 1600w, https:\/\/baal17.pt\/_www\/wp-content\/uploads\/2024\/02\/uni05-1-300x159.jpg 300w, https:\/\/baal17.pt\/_www\/wp-content\/uploads\/2024\/02\/uni05-1-1024x544.jpg 1024w, https:\/\/baal17.pt\/_www\/wp-content\/uploads\/2024\/02\/uni05-1-768x408.jpg 768w, https:\/\/baal17.pt\/_www\/wp-content\/uploads\/2024\/02\/uni05-1-1536x816.jpg 1536w, https:\/\/baal17.pt\/_www\/wp-content\/uploads\/2024\/02\/uni05-1-150x80.jpg 150w\" \/>\r\n\t\t<\/div><\/div>[\/vc_column][\/vc_row][vc_row et_column_align=&#8221;align-right&#8221;][vc_column css=&#8221;.vc_custom_1699540770797{padding-top: 35px !important;}&#8221;][vc_column_text]\n<h1>\u201cUNI-VERSO\u201d<\/h1>\n[\/vc_column_text][vc_column_text]\n<div>\n<p class=\"Standard\"><span lang=\"PT\">O Tanabata \u00e9 uma festa muito especial no Jap\u00e3o. Nesse dia as pessoas comemoram a conjun\u00e7\u00e3o de duas estrelas da Via L\u00e1ctea. H\u00e1 muitos anos, o casal Yokohama conheceu-se num Tanabata e convenceu-se de que a sua uni\u00e3o fora planeada pelos astros. Foi assim que decidiram fazer uma lista com os desejos que haveriam de realizar durante a sua vida.<\/span><\/p>\n<\/div>\n<div>\n<p class=\"Standard\"><span lang=\"PT\">Hoje, muitos anos depois, o casal Yokohama j\u00e1 realizou todos os desejos daquela lista. Todos, menos um. Um que foram deixando sempre para tr\u00e1s. Mas, neste ano, tem de ser, o casal Yokohama j\u00e1 n\u00e3o o pode adiar mais e tem de realizar o derradeiro desejo da sua lista.<\/span><\/p>\n<\/div>\n[\/vc_column_text][vc_separator css=&#8221;.vc_custom_1699542249599{padding-bottom: 35px !important;}&#8221;][vc_column_text]\n<div>\n<p class=\"Standard\"><b><span lang=\"PT\">Ficha t\u00e9cnica e art\u00edstica<\/span><\/b><\/p>\n<\/div>\n<div>\n<p class=\"Standard\"><span lang=\"PT\">Encena\u00e7\u00e3o e dramaturgia:\u00a0<\/span><b><span lang=\"PT\">Chiqui Pereira<\/span><\/b><\/p>\n<\/div>\n<div>\n<p class=\"Standard\"><span lang=\"PT\">Interpreta\u00e7\u00e3o: <\/span><b><span lang=\"PT\">Filipe Seixas e <\/span><span lang=\"PT\">Marisela Terra<\/span><\/b><\/p>\n<\/div>\n<div><span lang=\"PT\">Narra\u00e7\u00e3o (voz off)<\/span><span lang=\"PT\"><span lang=\"PT\">: <\/span><\/span><b><span lang=\"PT\">Sandra Serra<\/span><\/b><\/div>\n<div>\n<p class=\"Standard\"><span lang=\"PT\">M\u00fasica original<\/span><span lang=\"PT\">: <\/span><b><span lang=\"PT\">Bruno Domingos<\/span><\/b><\/p>\n<\/div>\n<div><span lang=\"PT\">Cen\u00e1rio<\/span><span lang=\"PT\"><span lang=\"PT\">: <\/span><\/span><b><span lang=\"PT\">Fabrice Ziegler<\/span><\/b><\/div>\n<div>\n<p class=\"Standard\"><span lang=\"PT\">Figurinos: <\/span><b><span lang=\"PT\">Cl\u00e1udia Ribeiro<\/span><\/b><\/p>\n<\/div>\n<div><span lang=\"PT\">Dire\u00e7\u00e3o de produ\u00e7\u00e3o<\/span><span lang=\"PT\"><span lang=\"PT\">: <\/span><\/span><b><span lang=\"PT\">Sandra Serra<\/span><\/b><\/div>\n<div>\n<p class=\"Standard\"><span lang=\"PT\">Produ\u00e7\u00e3o executiva<\/span><span lang=\"PT\">: <\/span><b><span lang=\"PT\">Andr\u00e9 Batista<\/span><\/b><\/p>\n<\/div>\n<div>\n<p class=\"Standard\"><span lang=\"PT\">Fotografia: <b>Fabrice Ziegler<\/b><\/span><\/p>\n<div><span lang=\"PT\">V\u00eddeo<\/span><span lang=\"PT\"><span lang=\"PT\">: <span lang=\"PT\"><b>Andr\u00e9 Batista<\/b> e <\/span><\/span><\/span><span lang=\"PT\"><b>Fabrice Ziegler<\/b><\/span><\/div>\n<\/div>\n<div>\n<p class=\"Standard\"><span lang=\"PT\">Dura\u00e7\u00e3o: <b>45 min<\/b><\/span><\/p>\n<\/div>\n<div>\n<p class=\"Standard\"><span lang=\"PT\">Classifica\u00e7\u00e3o et\u00e1ria: <b>M\/6 anos<\/b><\/span><\/p>\n<\/div>\n[\/vc_column_text][vc_separator][vc_column_text css=&#8221;.vc_custom_1707909114342{padding-top: 35px !important;}&#8221;]<a href=\"https:\/\/baal17.pt\/_www\/pdf\/universo.pdf\"><span lang=\"PT\">\u2193 Dossier<\/span><\/a>[\/vc_column_text][vc_video link=&#8221;https:\/\/vimeo.com\/683222008&#8243; css=&#8221;.vc_custom_1699889529681{padding-bottom: 65px !important;}&#8221;][\/vc_column][\/vc_row]\n<\/section>","protected":false},"excerpt":{"rendered":"<p>[vc_row et_full_width=&#8221;true&#8221; et_column_align=&#8221;align-center&#8221; css=&#8221;.vc_custom_1579117366191{margin-bottom: 60px !important;}&#8221;][vc_column offset=&#8221;vc_col-lg-11&#8243;][\/vc_column][\/vc_row][vc_row et_column_align=&#8221;align-right&#8221;][vc_column css=&#8221;.vc_custom_1699540770797{padding-top: 35px !important;}&#8221;][vc_column_text] \u201cUNI-VERSO\u201d [\/vc_column_text][vc_column_text] O Tanabata \u00e9 uma festa muito especial no Jap\u00e3o. Nesse dia as pessoas comemoram a conjun\u00e7\u00e3o de duas estrelas da Via L\u00e1ctea. H\u00e1 muitos anos, o casal Yokohama conheceu-se num Tanabata e convenceu-se de que a sua [&hellip;]<\/p>\n","protected":false},"author":1,"featured_media":0,"parent":0,"menu_order":0,"comment_status":"closed","ping_status":"closed","template":"","meta":{"footnotes":""},"class_list":["post-3999","page","type-page","status-publish","hentry"],"_links":{"self":[{"href":"https:\/\/baal17.pt\/_www\/wp-json\/wp\/v2\/pages\/3999","targetHints":{"allow":["GET"]}}],"collection":[{"href":"https:\/\/baal17.pt\/_www\/wp-json\/wp\/v2\/pages"}],"about":[{"href":"https:\/\/baal17.pt\/_www\/wp-json\/wp\/v2\/types\/page"}],"author":[{"embeddable":true,"href":"https:\/\/baal17.pt\/_www\/wp-json\/wp\/v2\/users\/1"}],"replies":[{"embeddable":true,"href":"https:\/\/baal17.pt\/_www\/wp-json\/wp\/v2\/comments?post=3999"}],"version-history":[{"count":13,"href":"https:\/\/baal17.pt\/_www\/wp-json\/wp\/v2\/pages\/3999\/revisions"}],"predecessor-version":[{"id":4764,"href":"https:\/\/baal17.pt\/_www\/wp-json\/wp\/v2\/pages\/3999\/revisions\/4764"}],"wp:attachment":[{"href":"https:\/\/baal17.pt\/_www\/wp-json\/wp\/v2\/media?parent=3999"}],"curies":[{"name":"wp","href":"https:\/\/api.w.org\/{rel}","templated":true}]}}