{"id":3915,"date":"2023-11-09T14:54:12","date_gmt":"2023-11-09T14:54:12","guid":{"rendered":"http:\/\/baal17.pt\/_www\/?page_id=3915"},"modified":"2025-12-10T11:49:36","modified_gmt":"2025-12-10T11:49:36","slug":"a-horda","status":"publish","type":"page","link":"https:\/\/baal17.pt\/_www\/a-horda\/","title":{"rendered":"A Horda"},"content":{"rendered":"<section class=\"wpb-content-wrapper\">[vc_row et_full_width=&#8221;true&#8221; et_column_align=&#8221;align-center&#8221; css=&#8221;.vc_custom_1579117366191{margin-bottom: 60px !important;}&#8221;][vc_column offset=&#8221;vc_col-lg-11&#8243;]<div id=\"et-banner-slider-69ef090e29e94\" class=\"et-banner-slider slick slick-slider slick-controls-gray slick-dots-inside\" data-navigation=\"true\" data-pagination=\"true\" data-autoplay=\"true\" data-autoplay-speed=\"4000\" data-infinite=\"true\" data-pause=\"true\" data-columns=\"1\" >\r\n\t\t<div class=\"et-banner-69ef090e29ece et-banner content-boxed  image-type-fluid text-color-dark hover-effect  \"><img loading=\"lazy\" decoding=\"async\" width=\"2560\" height=\"1707\" src=\"https:\/\/baal17.pt\/_www\/wp-content\/uploads\/2025\/03\/A-Horda-Baal17_A-Bruxa-Teatro_TestFolhaSala_18-02-25@FabriceZiegler-5-1-scaled.jpg\" class=\"et-banner-main-image\" alt=\"\" sizes=\"auto, (max-width: 2560px) 100vw, 2560px\" srcset=\"https:\/\/baal17.pt\/_www\/wp-content\/uploads\/2025\/03\/A-Horda-Baal17_A-Bruxa-Teatro_TestFolhaSala_18-02-25@FabriceZiegler-5-1-scaled.jpg 2560w, https:\/\/baal17.pt\/_www\/wp-content\/uploads\/2025\/03\/A-Horda-Baal17_A-Bruxa-Teatro_TestFolhaSala_18-02-25@FabriceZiegler-5-1-300x200.jpg 300w, https:\/\/baal17.pt\/_www\/wp-content\/uploads\/2025\/03\/A-Horda-Baal17_A-Bruxa-Teatro_TestFolhaSala_18-02-25@FabriceZiegler-5-1-1024x683.jpg 1024w, https:\/\/baal17.pt\/_www\/wp-content\/uploads\/2025\/03\/A-Horda-Baal17_A-Bruxa-Teatro_TestFolhaSala_18-02-25@FabriceZiegler-5-1-768x512.jpg 768w, https:\/\/baal17.pt\/_www\/wp-content\/uploads\/2025\/03\/A-Horda-Baal17_A-Bruxa-Teatro_TestFolhaSala_18-02-25@FabriceZiegler-5-1-1536x1024.jpg 1536w, https:\/\/baal17.pt\/_www\/wp-content\/uploads\/2025\/03\/A-Horda-Baal17_A-Bruxa-Teatro_TestFolhaSala_18-02-25@FabriceZiegler-5-1-2048x1365.jpg 2048w, https:\/\/baal17.pt\/_www\/wp-content\/uploads\/2025\/03\/A-Horda-Baal17_A-Bruxa-Teatro_TestFolhaSala_18-02-25@FabriceZiegler-5-1-150x100.jpg 150w\" \/>\r\n\t\t<\/div>\r\n\t\t<div class=\"et-banner-69ef090e2a0e2 et-banner content-full  image-type-fluid text-color-dark hover-effect  \"><img loading=\"lazy\" decoding=\"async\" width=\"2560\" height=\"1707\" src=\"https:\/\/baal17.pt\/_www\/wp-content\/uploads\/2025\/03\/A-Horda-Baal17_A-Bruxa-Teatro_TestFolhaSala_18-02-25@FabriceZiegler-40-scaled.jpg\" class=\"et-banner-main-image\" alt=\"\" sizes=\"auto, (max-width: 2560px) 100vw, 2560px\" srcset=\"https:\/\/baal17.pt\/_www\/wp-content\/uploads\/2025\/03\/A-Horda-Baal17_A-Bruxa-Teatro_TestFolhaSala_18-02-25@FabriceZiegler-40-scaled.jpg 2560w, https:\/\/baal17.pt\/_www\/wp-content\/uploads\/2025\/03\/A-Horda-Baal17_A-Bruxa-Teatro_TestFolhaSala_18-02-25@FabriceZiegler-40-300x200.jpg 300w, https:\/\/baal17.pt\/_www\/wp-content\/uploads\/2025\/03\/A-Horda-Baal17_A-Bruxa-Teatro_TestFolhaSala_18-02-25@FabriceZiegler-40-1024x683.jpg 1024w, https:\/\/baal17.pt\/_www\/wp-content\/uploads\/2025\/03\/A-Horda-Baal17_A-Bruxa-Teatro_TestFolhaSala_18-02-25@FabriceZiegler-40-768x512.jpg 768w, https:\/\/baal17.pt\/_www\/wp-content\/uploads\/2025\/03\/A-Horda-Baal17_A-Bruxa-Teatro_TestFolhaSala_18-02-25@FabriceZiegler-40-1536x1024.jpg 1536w, https:\/\/baal17.pt\/_www\/wp-content\/uploads\/2025\/03\/A-Horda-Baal17_A-Bruxa-Teatro_TestFolhaSala_18-02-25@FabriceZiegler-40-2048x1365.jpg 2048w, https:\/\/baal17.pt\/_www\/wp-content\/uploads\/2025\/03\/A-Horda-Baal17_A-Bruxa-Teatro_TestFolhaSala_18-02-25@FabriceZiegler-40-150x100.jpg 150w\" \/>\r\n\t\t<\/div>\r\n\t\t<div class=\"et-banner-69ef090e2a2a3 et-banner content-full  image-type-fluid text-color-dark hover-effect  \"><img loading=\"lazy\" decoding=\"async\" width=\"2560\" height=\"1707\" src=\"https:\/\/baal17.pt\/_www\/wp-content\/uploads\/2025\/03\/A-Horda-Baal17_A-Bruxa-Teatro_TestFolhaSala_18-02-25@FabriceZiegler-1-scaled.jpg\" class=\"et-banner-main-image\" alt=\"\" sizes=\"auto, (max-width: 2560px) 100vw, 2560px\" srcset=\"https:\/\/baal17.pt\/_www\/wp-content\/uploads\/2025\/03\/A-Horda-Baal17_A-Bruxa-Teatro_TestFolhaSala_18-02-25@FabriceZiegler-1-scaled.jpg 2560w, https:\/\/baal17.pt\/_www\/wp-content\/uploads\/2025\/03\/A-Horda-Baal17_A-Bruxa-Teatro_TestFolhaSala_18-02-25@FabriceZiegler-1-300x200.jpg 300w, https:\/\/baal17.pt\/_www\/wp-content\/uploads\/2025\/03\/A-Horda-Baal17_A-Bruxa-Teatro_TestFolhaSala_18-02-25@FabriceZiegler-1-1024x683.jpg 1024w, https:\/\/baal17.pt\/_www\/wp-content\/uploads\/2025\/03\/A-Horda-Baal17_A-Bruxa-Teatro_TestFolhaSala_18-02-25@FabriceZiegler-1-768x512.jpg 768w, https:\/\/baal17.pt\/_www\/wp-content\/uploads\/2025\/03\/A-Horda-Baal17_A-Bruxa-Teatro_TestFolhaSala_18-02-25@FabriceZiegler-1-1536x1024.jpg 1536w, https:\/\/baal17.pt\/_www\/wp-content\/uploads\/2025\/03\/A-Horda-Baal17_A-Bruxa-Teatro_TestFolhaSala_18-02-25@FabriceZiegler-1-2048x1365.jpg 2048w, https:\/\/baal17.pt\/_www\/wp-content\/uploads\/2025\/03\/A-Horda-Baal17_A-Bruxa-Teatro_TestFolhaSala_18-02-25@FabriceZiegler-1-150x100.jpg 150w\" \/>\r\n\t\t<\/div>\r\n\t\t<div class=\"et-banner-69ef090e2a460 et-banner content-full  image-type-fluid text-color-dark hover-effect  \"><img loading=\"lazy\" decoding=\"async\" width=\"2560\" height=\"1707\" src=\"https:\/\/baal17.pt\/_www\/wp-content\/uploads\/2025\/03\/A-Horda-Baal17_A-Bruxa-Teatro_TestFolhaSala_18-02-25@FabriceZiegler-12-scaled.jpg\" class=\"et-banner-main-image\" alt=\"\" sizes=\"auto, (max-width: 2560px) 100vw, 2560px\" srcset=\"https:\/\/baal17.pt\/_www\/wp-content\/uploads\/2025\/03\/A-Horda-Baal17_A-Bruxa-Teatro_TestFolhaSala_18-02-25@FabriceZiegler-12-scaled.jpg 2560w, https:\/\/baal17.pt\/_www\/wp-content\/uploads\/2025\/03\/A-Horda-Baal17_A-Bruxa-Teatro_TestFolhaSala_18-02-25@FabriceZiegler-12-300x200.jpg 300w, https:\/\/baal17.pt\/_www\/wp-content\/uploads\/2025\/03\/A-Horda-Baal17_A-Bruxa-Teatro_TestFolhaSala_18-02-25@FabriceZiegler-12-1024x683.jpg 1024w, https:\/\/baal17.pt\/_www\/wp-content\/uploads\/2025\/03\/A-Horda-Baal17_A-Bruxa-Teatro_TestFolhaSala_18-02-25@FabriceZiegler-12-768x512.jpg 768w, https:\/\/baal17.pt\/_www\/wp-content\/uploads\/2025\/03\/A-Horda-Baal17_A-Bruxa-Teatro_TestFolhaSala_18-02-25@FabriceZiegler-12-1536x1024.jpg 1536w, https:\/\/baal17.pt\/_www\/wp-content\/uploads\/2025\/03\/A-Horda-Baal17_A-Bruxa-Teatro_TestFolhaSala_18-02-25@FabriceZiegler-12-2048x1365.jpg 2048w, https:\/\/baal17.pt\/_www\/wp-content\/uploads\/2025\/03\/A-Horda-Baal17_A-Bruxa-Teatro_TestFolhaSala_18-02-25@FabriceZiegler-12-150x100.jpg 150w\" \/>\r\n\t\t<\/div><\/div>[\/vc_column][\/vc_row][vc_row et_column_align=&#8221;align-right&#8221;][vc_column css=&#8221;.vc_custom_1699540770797{padding-top: 35px !important;}&#8221;][vc_column_text]\n<h1>\u201cA Horda&#8221;<\/h1>\n<p>de Rodolfo Santana<\/p>\n<h3>Cocria\u00e7\u00e3o Baal17 e a &#8216;a bruxa teatro&#8217;<\/h3>\n<p>Espet\u00e1culo para adultos[\/vc_column_text][vc_column_text]<em>A HORDA<\/em> \u00e9 uma pe\u00e7a de teatro que explora temas como a identidade, a perten\u00e7a e a luta pela sobreviv\u00eancia num contexto dist\u00f3pico de opress\u00e3o, destrui\u00e7\u00e3o e caos.<\/p>\n<p>A narrativa avan\u00e7a num ambiente hostil, onde quatro personagens, dois casais, confrontam as suas limita\u00e7\u00f5es e os seus medos numa tentativa de reaprenderem o seu lugar numa sociedade em decad\u00eancia.<\/p>\n<p>Ao longo da pe\u00e7a, as tens\u00f5es entre o indiv\u00edduo e o coletivo s\u00e3o colocadas em evid\u00eancia, questionando as normas sociais e as hierarquias de poder num trajeto que leva os quatro personagens desta hist\u00f3ria a procurarem um sentido de comunidade e de resist\u00eancia, enquanto lidam com as consequ\u00eancias das suas escolhas e a\u00e7\u00f5es.<\/p>\n<p><strong>Escrita h\u00e1 mais de 50 anos, numa linguagem simultaneamente po\u00e9tica e crua, provocadora e humor\u00edstica, cruel e doce, existencialista e absurda, <em>A HORDA<\/em> transpira atualidade. <\/strong>[\/vc_column_text][vc_separator css=&#8221;.vc_custom_1699542249599{padding-bottom: 35px !important;}&#8221;][vc_column_text]\n<div><\/div>\n<div>\n<p>Dire\u00e7\u00e3o Art\u00edstica: <strong>Rolando Galhardas<\/strong><\/p>\n<p>Assist\u00eancia \u00e0 Dire\u00e7\u00e3o Art\u00edstica: <strong>R\u00faben Jaulino<\/strong><\/p>\n<p>Cria\u00e7\u00e3o e Interpreta\u00e7\u00e3o: <strong>Duarte Banza, Elsa Pinho, Filipe Seixas e\u00a0 Marisela Terra.<\/strong><\/p>\n<p>Cenografia e Fotografia: <strong>Fabrice Ziegler<\/strong><\/p>\n<p>Figurinos: <strong>Chissangue Afonso<\/strong><\/p>\n<p>Desenho de Luz: <strong>Duarte Banza<\/strong> e<strong> Rolando Galhardas<\/strong><\/p>\n<p>Design Gr\u00e1fico: <strong>Andr\u00e9 Batista<\/strong> e <strong>R\u00faben Jaulino<\/strong><\/p>\n<p>Dire\u00e7\u00e3o de Produ\u00e7\u00e3o: <strong>Figueira Cid<\/strong> e <strong>Sandra Serra<\/strong><\/p>\n<p>Produ\u00e7\u00e3o Executiva: <strong>Andr\u00e9 Batista<\/strong> e <strong>Vanda Rufo<\/strong><\/p>\n<p>&nbsp;<\/p>\n<\/div>\n<div>\n<p class=\"Standard\" style=\"text-align: right;\"><span lang=\"PT\">Dura\u00e7\u00e3o: <strong>8<\/strong><b>0 mn (aprox.)<\/b><\/span><\/p>\n<\/div>\n<div>\n<p class=\"Standard\" style=\"text-align: right;\"><span lang=\"PT\">Classifica\u00e7\u00e3o et\u00e1ria: <b>M\/16 anos<\/b><\/span><\/p>\n<\/div>\n[\/vc_column_text][vc_separator][vc_column_text css=&#8221;.vc_custom_1742484939021{padding-top: 35px !important;}&#8221;]\n<h4>Link <a href=\"https:\/\/baal17.pt\/_www\/wp-content\/uploads\/2025\/03\/A-HORDA-de-Rodolfo-Santana_DossierWeb.pdf\">Dossi\u00ea<\/a><\/h4>\n[\/vc_column_text][vc_video link=&#8221;https:\/\/vimeo.com\/1064266466?share=copy&#8221;][\/vc_column][vc_column][\/vc_column][\/vc_row]\n<\/section>","protected":false},"excerpt":{"rendered":"<p>[vc_row et_full_width=&#8221;true&#8221; et_column_align=&#8221;align-center&#8221; css=&#8221;.vc_custom_1579117366191{margin-bottom: 60px !important;}&#8221;][vc_column offset=&#8221;vc_col-lg-11&#8243;][\/vc_column][\/vc_row][vc_row et_column_align=&#8221;align-right&#8221;][vc_column css=&#8221;.vc_custom_1699540770797{padding-top: 35px !important;}&#8221;][vc_column_text] \u201cA Horda&#8221; de Rodolfo Santana Cocria\u00e7\u00e3o Baal17 e a &#8216;a bruxa teatro&#8217; Espet\u00e1culo para adultos[\/vc_column_text][vc_column_text]A HORDA \u00e9 uma pe\u00e7a de teatro que explora temas como a identidade, a perten\u00e7a e a luta pela sobreviv\u00eancia num contexto dist\u00f3pico de opress\u00e3o, [&hellip;]<\/p>\n","protected":false},"author":1,"featured_media":0,"parent":0,"menu_order":0,"comment_status":"closed","ping_status":"closed","template":"","meta":{"footnotes":""},"class_list":["post-3915","page","type-page","status-publish","hentry"],"_links":{"self":[{"href":"https:\/\/baal17.pt\/_www\/wp-json\/wp\/v2\/pages\/3915","targetHints":{"allow":["GET"]}}],"collection":[{"href":"https:\/\/baal17.pt\/_www\/wp-json\/wp\/v2\/pages"}],"about":[{"href":"https:\/\/baal17.pt\/_www\/wp-json\/wp\/v2\/types\/page"}],"author":[{"embeddable":true,"href":"https:\/\/baal17.pt\/_www\/wp-json\/wp\/v2\/users\/1"}],"replies":[{"embeddable":true,"href":"https:\/\/baal17.pt\/_www\/wp-json\/wp\/v2\/comments?post=3915"}],"version-history":[{"count":39,"href":"https:\/\/baal17.pt\/_www\/wp-json\/wp\/v2\/pages\/3915\/revisions"}],"predecessor-version":[{"id":5041,"href":"https:\/\/baal17.pt\/_www\/wp-json\/wp\/v2\/pages\/3915\/revisions\/5041"}],"wp:attachment":[{"href":"https:\/\/baal17.pt\/_www\/wp-json\/wp\/v2\/media?parent=3915"}],"curies":[{"name":"wp","href":"https:\/\/api.w.org\/{rel}","templated":true}]}}