{"id":3846,"date":"2023-11-09T12:14:34","date_gmt":"2023-11-09T12:14:34","guid":{"rendered":"http:\/\/baal17.pt\/_www\/?page_id=3846"},"modified":"2024-01-08T15:23:07","modified_gmt":"2024-01-08T15:23:07","slug":"identidade","status":"publish","type":"page","link":"https:\/\/baal17.pt\/_www\/identidade\/","title":{"rendered":"Identidade"},"content":{"rendered":"<section class=\"wpb-content-wrapper\">[vc_row et_full_width=&#8221;true&#8221; et_row_padding=&#8221;true&#8221; et_column_align=&#8221;align-center&#8221; parallax=&#8221;content-moving&#8221;][vc_column et_column_color=&#8221;et-light-column&#8221;]\r\n\t\t<div class=\"et-banner-69f5728c88c24 et-banner content-full  image-type-css vh-height text-color-dark hover-effect  \"><div class=\"et-banner-image\" role=\"img\" aria-label=\"Foto Para P\u00e1gina Identidade\" data-image=\"https:\/\/baal17.pt\/_www\/wp-content\/uploads\/2024\/01\/Foto-Para-Pagina-Identidade.jpg\" style=\"background-image: url(https:\/\/baal17.pt\/_www\/wp-content\/uploads\/2024\/01\/Foto-Para-Pagina-Identidade.jpg);\"><\/div>\r\n\t\t<\/div>[\/vc_column][\/vc_row][vc_row et_column_align=&#8221;align-center&#8221; css=&#8221;.vc_custom_1579121915525{padding-top: 60px !important;padding-bottom: 35px !important;}&#8221;][vc_column animation=&#8221;animation bottom-to-top&#8221; offset=&#8221;vc_col-lg-8&#8243;][vc_row_inner et_column_align=&#8221;align-center&#8221;][vc_column_inner][vc_column_text]\n<h2>Identidade<\/h2>\n[\/vc_column_text][vc_column_text]\n<p style=\"font-weight: 400;\"><strong>A Baal17<\/strong> \u2013 Companhia de teatro, est\u00e1 sediada em Serpa, distrito de Beja, Baixo Alentejo, desde o ano 2000, com o objetivo estrutural de fomentar o interesse das popula\u00e7\u00f5es pela cultura, em geral e pelo teatro, em particular, interligando a Companhia com as escolas, a comunidade e as mais variadas entidades nacionais e internacionais. \u00c9 subsidiada pela C\u00e2mara Municipal de Serpa, desde 2000, e financiada pelo Minist\u00e9rio da Cultura\/Dire\u00e7\u00e3o-geral das Artes, desde 2004.<\/p>\n<p style=\"font-weight: 400;\">Aborda o teatro como uma poderosa ferramenta de interven\u00e7\u00e3o art\u00edstica, pedag\u00f3gica e social, capaz de promover a consciencializa\u00e7\u00e3o, a participa\u00e7\u00e3o, a capacita\u00e7\u00e3o e o empoderamento dos cidad\u00e3os e das comunidades &#8211; ingredientes fundamentais da capacidade coletiva de responder a din\u00e2micas de uma sociedade em r\u00e1pida e permanente mudan\u00e7a.<\/p>\n<p style=\"font-weight: 400;\">Inerente a esta forma de pensar e fazer teatro est\u00e1 a rela\u00e7\u00e3o com o seu territ\u00f3rio principal de interven\u00e7\u00e3o &#8211; concelho de Serpa e Margem Esquerda do Guadiana -, cuja caracter\u00edstica mais marcante \u00e9 a baixa densidade populacional (com tudo o que isso implica, da escassez de p\u00fablico \u00e0 escassez de oferta). Neste sentido, a Companhia assume a responsabilidade de implementar e consolidar um modelo de projeto art\u00edstico (pedag\u00f3gico, econ\u00f3mico e social) que aborda a cria\u00e7\u00e3o art\u00edstica numa l\u00f3gica copulativa e hol\u00edstica, procurando tirar proveito e valorizar as vantagens do di\u00e1logo entre diferentes identidades.<\/p>\n<p style=\"font-weight: 400;\">Assenta o seu projeto art\u00edstico em tr\u00eas linhas de a\u00e7\u00e3o gerais:<\/p>\n<ul>\n<li style=\"font-weight: 400;\">CRIA\u00c7\u00c3O de espet\u00e1culos de teatro<\/li>\n<li style=\"font-weight: 400;\">PROGRAMA\u00c7\u00c3O cultural: NNN \u2013 Noites na Nora e Cenas de Novembro<\/li>\n<li style=\"font-weight: 400;\">MEDIA\u00c7\u00c3O de p\u00fablicos: Programa Teatro Educa\u00e7\u00e3o e Comunidade e Projeto CA \u2013 Cultura Viva<\/li>\n<\/ul>\n[\/vc_column_text][\/vc_column_inner][\/vc_row_inner][\/vc_column][\/vc_row]\n<\/section>","protected":false},"excerpt":{"rendered":"<p>[vc_row et_full_width=&#8221;true&#8221; et_row_padding=&#8221;true&#8221; et_column_align=&#8221;align-center&#8221; parallax=&#8221;content-moving&#8221;][vc_column et_column_color=&#8221;et-light-column&#8221;][\/vc_column][\/vc_row][vc_row et_column_align=&#8221;align-center&#8221; css=&#8221;.vc_custom_1579121915525{padding-top: 60px !important;padding-bottom: 35px !important;}&#8221;][vc_column animation=&#8221;animation bottom-to-top&#8221; offset=&#8221;vc_col-lg-8&#8243;][vc_row_inner et_column_align=&#8221;align-center&#8221;][vc_column_inner][vc_column_text] Identidade [\/vc_column_text][vc_column_text] A Baal17 \u2013 Companhia de teatro, est\u00e1 sediada em Serpa, distrito de Beja, Baixo Alentejo, desde o ano 2000, com o objetivo estrutural de fomentar o interesse das popula\u00e7\u00f5es pela cultura, em [&hellip;]<\/p>\n","protected":false},"author":1,"featured_media":0,"parent":0,"menu_order":0,"comment_status":"closed","ping_status":"closed","template":"","meta":{"footnotes":""},"class_list":["post-3846","page","type-page","status-publish","hentry"],"_links":{"self":[{"href":"https:\/\/baal17.pt\/_www\/wp-json\/wp\/v2\/pages\/3846","targetHints":{"allow":["GET"]}}],"collection":[{"href":"https:\/\/baal17.pt\/_www\/wp-json\/wp\/v2\/pages"}],"about":[{"href":"https:\/\/baal17.pt\/_www\/wp-json\/wp\/v2\/types\/page"}],"author":[{"embeddable":true,"href":"https:\/\/baal17.pt\/_www\/wp-json\/wp\/v2\/users\/1"}],"replies":[{"embeddable":true,"href":"https:\/\/baal17.pt\/_www\/wp-json\/wp\/v2\/comments?post=3846"}],"version-history":[{"count":18,"href":"https:\/\/baal17.pt\/_www\/wp-json\/wp\/v2\/pages\/3846\/revisions"}],"predecessor-version":[{"id":4181,"href":"https:\/\/baal17.pt\/_www\/wp-json\/wp\/v2\/pages\/3846\/revisions\/4181"}],"wp:attachment":[{"href":"https:\/\/baal17.pt\/_www\/wp-json\/wp\/v2\/media?parent=3846"}],"curies":[{"name":"wp","href":"https:\/\/api.w.org\/{rel}","templated":true}]}}