{"id":3789,"date":"2023-11-06T16:14:39","date_gmt":"2023-11-06T16:14:39","guid":{"rendered":"http:\/\/baal17.pt\/_www\/?page_id=3789"},"modified":"2025-11-18T16:01:15","modified_gmt":"2025-11-18T16:01:15","slug":"projetosalto","status":"publish","type":"page","link":"https:\/\/baal17.pt\/_www\/projetosalto\/","title":{"rendered":"PROJETO SALTO"},"content":{"rendered":"<section class=\"wpb-content-wrapper\">[vc_row et_full_width=&#8221;true&#8221; et_row_padding=&#8221;true&#8221;][vc_column]<div id=\"et-banner-slider-69ef23551c586\" class=\"et-banner-slider slick slick-slider slick-controls-gray slick-dots-disabled\"  data-columns=\"1\" >\r\n\t\t<div class=\"et-banner-69ef23551c5bb et-banner content-full  image-type-fluid text-color-dark hover-effect  \"><img loading=\"lazy\" decoding=\"async\" width=\"2084\" height=\"754\" src=\"https:\/\/baal17.pt\/_www\/wp-content\/uploads\/2025\/10\/Salto-Proposta-1Artboard-1-Copia.png\" class=\"et-banner-main-image\" alt=\"\" sizes=\"auto, (max-width: 2084px) 100vw, 2084px\" srcset=\"https:\/\/baal17.pt\/_www\/wp-content\/uploads\/2025\/10\/Salto-Proposta-1Artboard-1-Copia.png 2084w, https:\/\/baal17.pt\/_www\/wp-content\/uploads\/2025\/10\/Salto-Proposta-1Artboard-1-Copia-300x109.png 300w, https:\/\/baal17.pt\/_www\/wp-content\/uploads\/2025\/10\/Salto-Proposta-1Artboard-1-Copia-1024x370.png 1024w, https:\/\/baal17.pt\/_www\/wp-content\/uploads\/2025\/10\/Salto-Proposta-1Artboard-1-Copia-768x278.png 768w, https:\/\/baal17.pt\/_www\/wp-content\/uploads\/2025\/10\/Salto-Proposta-1Artboard-1-Copia-1536x556.png 1536w, https:\/\/baal17.pt\/_www\/wp-content\/uploads\/2025\/10\/Salto-Proposta-1Artboard-1-Copia-2048x741.png 2048w, https:\/\/baal17.pt\/_www\/wp-content\/uploads\/2025\/10\/Salto-Proposta-1Artboard-1-Copia-150x54.png 150w\" \/>\r\n\t\t<\/div><\/div>[vc_column_text]\r\n<h1>\u00a0<\/h1>\r\n<h1 style=\"padding-left: 40px;\"><strong><em>Chamada aberta<\/em><\/strong><strong> para projeto de encena\u00e7\u00e3o <\/strong><\/h1>\r\n<p style=\"padding-left: 40px;\"><strong>O QUE \u00c9?<\/strong><\/p>\r\n<p style=\"padding-left: 40px;\"><\/p>\r\n<p class=\"has-text-align-left\" style=\"padding-left: 40px;\">O PROJETO SALTO materializa-se numa chamada aberta da Baal17 destinada a jovens encenadores. Teve in\u00edcio em 2023 e tem como fundamentos: a responsabilidade que a Baal17 assume, enquanto estrutura de cria\u00e7\u00e3o com apoio p\u00fablico consolidado, para com os jovens criadores em in\u00edcio de carreira; a necessidade que a Companhia tem de garantir uma oferta que, t\u00e3o continuamente quanto poss\u00edvel, abranja todos os tipos de p\u00fablico.<\/p>\r\n<p style=\"padding-left: 80px;\"><\/p>\r\n\r\n<p class=\"has-text-align-left\" style=\"padding-left: 40px;\">A Baal17 pretende tamb\u00e9m fomentar, junto dos criadores que est\u00e3o a come\u00e7ar o seu percurso, uma forma de cria\u00e7\u00e3o art\u00edstica que valoriza e se prop\u00f5e a contribuir para o desenvolvimento de uma regi\u00e3o.<\/p>\r\n<p style=\"padding-left: 40px;\"><strong>A QUEM SE DIRIGE?<\/strong><\/p>\r\n<p style=\"padding-left: 40px;\">Jovens criadores em nome individual, com resid\u00eancia em Portugal e idade at\u00e9 aos 35 anos, interessados em experimentar (ou desenvolver) a encena\u00e7\u00e3o.<\/p>\r\n<p style=\"padding-left: 40px;\"><strong>COM QUE OR\u00c7AMENTO?<\/strong><\/p>\r\n<p style=\"padding-left: 40px;\">O or\u00e7amento dispon\u00edvel \u00e9 de 10.000 euros.<\/p>\r\n<p style=\"padding-left: 40px;\"><b>PARA QUE P\u00daBLICO? <\/b><\/p>\r\n<p style=\"padding-left: 40px;\">O p\u00fablico-alvo \u00e9 determinado pela Baal17 a cada chamada aberta.<\/p>\r\n<p style=\"padding-left: 40px;\"><strong>COM QUE ELENCO?<\/strong><\/p>\r\n<p style=\"padding-left: 40px;\">O espet\u00e1culo tem de incluir, obrigatoriamente, dois elementos da Baal17.<\/p>\r\n<p style=\"padding-left: 40px;\"><strong>ONDE? QUANDO?<\/strong><\/p>\r\n<p style=\"padding-left: 40px;\">Os ensaios devem realizar-se obrigatoriamente em Serpa. Por norma acontece durante o \u00faltimo trimestre do ano,sendo a data de estreia e carreira em Serpa indicada em regulamento.<\/p>\r\n[\/vc_column_text][vc_separator][vc_column_text]\r\n<h2 style=\"text-align: center;\"><strong>Edi\u00e7\u00e3o 2025<\/strong><\/h2>\r\n[\/vc_column_text][vc_single_image image=&#8221;5323&#8243; img_size=&#8221;medium&#8221; alignment=&#8221;center&#8221; onclick=&#8221;custom_link&#8221; link=&#8221;https:\/\/baal17.pt\/_www\/o-pedro-e-que-sabe\/&#8221;][\/vc_column][vc_column][vc_column_text]\r\n<h2 style=\"text-align: center;\">Edi\u00e7\u00f5es anteriores<\/h2>\r\n[\/vc_column_text][\/vc_column][\/vc_row][vc_row][vc_column width=&#8221;1\/2&#8243;][vc_single_image image=&#8221;5321&#8243; img_size=&#8221;medium&#8221; alignment=&#8221;center&#8221; onclick=&#8221;custom_link&#8221; link=&#8221;https:\/\/baal17.pt\/_www\/bang\/&#8221;][\/vc_column][vc_column width=&#8221;1\/2&#8243;][vc_single_image image=&#8221;5322&#8243; img_size=&#8221;medium&#8221; alignment=&#8221;center&#8221; onclick=&#8221;custom_link&#8221; link=&#8221;https:\/\/baal17.pt\/_www\/estrangeiras-de-jose-luis-peixoto\/&#8221;][\/vc_column][\/vc_row][vc_row][vc_column][\/vc_column][\/vc_row][vc_row][vc_column][\/vc_column][\/vc_row]<\/section>","protected":false},"excerpt":{"rendered":"<p>[vc_row et_full_width=&#8221;true&#8221; et_row_padding=&#8221;true&#8221;][vc_column][vc_column_text] \u00a0 Chamada aberta para projeto de encena\u00e7\u00e3o O QUE \u00c9? O PROJETO SALTO materializa-se numa chamada aberta da Baal17 destinada a jovens encenadores. Teve in\u00edcio em 2023 e tem como fundamentos: a responsabilidade que a Baal17 assume, enquanto estrutura de cria\u00e7\u00e3o com apoio p\u00fablico consolidado, para com [&hellip;]<\/p>\n","protected":false},"author":1,"featured_media":0,"parent":0,"menu_order":0,"comment_status":"closed","ping_status":"closed","template":"","meta":{"footnotes":""},"class_list":["post-3789","page","type-page","status-publish","hentry"],"_links":{"self":[{"href":"https:\/\/baal17.pt\/_www\/wp-json\/wp\/v2\/pages\/3789","targetHints":{"allow":["GET"]}}],"collection":[{"href":"https:\/\/baal17.pt\/_www\/wp-json\/wp\/v2\/pages"}],"about":[{"href":"https:\/\/baal17.pt\/_www\/wp-json\/wp\/v2\/types\/page"}],"author":[{"embeddable":true,"href":"https:\/\/baal17.pt\/_www\/wp-json\/wp\/v2\/users\/1"}],"replies":[{"embeddable":true,"href":"https:\/\/baal17.pt\/_www\/wp-json\/wp\/v2\/comments?post=3789"}],"version-history":[{"count":126,"href":"https:\/\/baal17.pt\/_www\/wp-json\/wp\/v2\/pages\/3789\/revisions"}],"predecessor-version":[{"id":5436,"href":"https:\/\/baal17.pt\/_www\/wp-json\/wp\/v2\/pages\/3789\/revisions\/5436"}],"wp:attachment":[{"href":"https:\/\/baal17.pt\/_www\/wp-json\/wp\/v2\/media?parent=3789"}],"curies":[{"name":"wp","href":"https:\/\/api.w.org\/{rel}","templated":true}]}}