{"id":3766,"date":"2023-11-06T15:38:05","date_gmt":"2023-11-06T15:38:05","guid":{"rendered":"http:\/\/baal17.pt\/_www\/?page_id=3766"},"modified":"2025-11-18T16:40:18","modified_gmt":"2025-11-18T16:40:18","slug":"cenas-de-novembro","status":"publish","type":"page","link":"https:\/\/baal17.pt\/_www\/cenas-de-novembro\/","title":{"rendered":"CENAS DE NOVEMBRO"},"content":{"rendered":"<section class=\"wpb-content-wrapper\">[vc_row et_full_width=&#8221;true&#8221; et_row_padding=&#8221;true&#8221; et_column_align=&#8221;align-center&#8221; content_placement=&#8221;middle&#8221; css=&#8221;.vc_custom_1730387048254{padding-top: 0px !important;padding-right: 0px !important;padding-bottom: 0px !important;padding-left: 0px !important;background-image: url(https:\/\/baal17.pt\/_www\/wp-content\/uploads\/2024\/01\/Foto-Para-Pagina-Cenas-de-Novembro-scaled.jpg?id=4110) !important;background-position: center !important;background-repeat: no-repeat !important;background-size: cover !important;}&#8221;][vc_column offset=&#8221;vc_col-lg-offset-12 vc_col-lg-12 vc_col-xs-offset-1&#8243;]<div id=\"et-banner-slider-69e4a5e0e83ca\" class=\"et-banner-slider slick slick-slider slick-controls-gray slick-dots-inside\" data-navigation=\"true\" data-pagination=\"true\" data-fade=\"true\" data-autoplay=\"true\" data-autoplay-speed=\"4000\" data-infinite=\"true\" data-pause=\"true\" data-columns=\"1\" >\r\n\t\t<div class=\"et-banner-69e4a5e0e8402 et-banner content-full  image-type-css vh-height text-color-dark hover-effect  \"><div class=\"et-banner-image\" role=\"img\" aria-label=\"Foto Para P\u00e1gina Cenas de Novembro\" data-image=\"https:\/\/baal17.pt\/_www\/wp-content\/uploads\/2024\/01\/Foto-Para-Pagina-Cenas-de-Novembro-scaled.jpg\" style=\"background-image: url(https:\/\/baal17.pt\/_www\/wp-content\/uploads\/2024\/01\/Foto-Para-Pagina-Cenas-de-Novembro-scaled.jpg);\"><\/div>\r\n\t\t<\/div><\/div>[\/vc_column][\/vc_row][vc_row et_full_width=&#8221;true&#8221; et_row_padding=&#8221;true&#8221; et_column_align=&#8221;align-center&#8221; css=&#8221;.vc_custom_1730386391950{padding-top: 60px !important;padding-right: 0px !important;padding-bottom: 60px !important;padding-left: 0px !important;background-color: #0a0a0a !important;}&#8221;][vc_column offset=&#8221;vc_col-sm-offset-1 vc_col-xs-offset-1&#8243;][vc_single_image image=&#8221;4379&#8243; img_size=&#8221;450&#215;161&#8243; alignment=&#8221;center&#8221;][vc_column_text css=&#8221;.vc_custom_1730386366626{padding-right: 10% !important;padding-left: 10% !important;}&#8221;]\n<h5 style=\"font-weight: 400;\"><span style=\"color: #ffffff;\">Cenas de Novembro \u00e9 um encontro que leva a Serpa espet\u00e1culos de teatro para o p\u00fablico adulto e para o p\u00fablico familiar e que garante a programa\u00e7\u00e3o regular de teatro na cidade e na regi\u00e3o.<\/span><\/h5>\n<h5 style=\"font-weight: 400;\"><span style=\"color: #ffffff;\">Tirando partido das rela\u00e7\u00f5es da Baal17 com v\u00e1rias estruturas teatrais do pa\u00eds, Cenas de Novembro permite a possibilidade de assistir a espet\u00e1culos de teatro com outras est\u00e9ticas, outras linguagens e correntes art\u00edsticas, fomentando assim a abertura e esp\u00edrito cr\u00edtico, necessidade vital para a manuten\u00e7\u00e3o e enriquecimento de um p\u00fablico que tem vindo a ser criado ao longo dos anos.<\/span><\/h5>\n<h5 style=\"font-weight: 400;\"><span style=\"color: #ffffff;\">Realiza ainda, como complemento \u00e0 programa\u00e7\u00e3o, conversas informais entre os artistas e os p\u00fablicos ap\u00f3s os espet\u00e1culos.<\/span><\/h5>\n[\/vc_column_text][\/vc_column][\/vc_row][vc_row css=&#8221;.vc_custom_1707409011495{padding-top: 35px !important;padding-bottom: 35px !important;}&#8221;][vc_column][vc_column_text]\n<h1 style=\"text-align: center;\"><strong>11.\u00ba Cenas de Novembro<\/strong><\/h1>\n<h2 style=\"text-align: center;\">31 outubro a 27 nov. I Cineteatro Municipal de Serpa<\/h2>\n<h4 style=\"text-align: center;\"><\/h4>\n<p style=\"text-align: center;\"><strong>Espet\u00e1culos para o p\u00fablico em geral:<\/strong> 31 outubro, 7 e 14 de novembro<\/p>\n<p style=\"text-align: center;\"><strong>Espet\u00e1culos para a inf\u00e2ncia\/fam\u00edlia<\/strong>: 9 e 16 novembro<\/p>\n<p style=\"text-align: center;\"><strong>Espet\u00e1culos para o p\u00fablico escolar:<\/strong> 11, 24, 25, 26 e 27 novembro<\/p>\n[\/vc_column_text][vc_single_image image=&#8221;5377&#8243; img_size=&#8221;large&#8221; alignment=&#8221;center&#8221;][\/vc_column][\/vc_row][vc_row][vc_column width=&#8221;1\/2&#8243;][vc_single_image image=&#8221;5369&#8243; img_size=&#8221;large&#8221; alignment=&#8221;center&#8221; onclick=&#8221;custom_link&#8221; link=&#8221;https:\/\/baal17.pt\/_www\/umacoisadesangue\/&#8221;][vc_single_image image=&#8221;5371&#8243; img_size=&#8221;full&#8221; alignment=&#8221;center&#8221; onclick=&#8221;custom_link&#8221; link=&#8221;https:\/\/baal17.pt\/_www\/umdiasereigrande\/&#8221;][vc_single_image image=&#8221;5373&#8243; img_size=&#8221;large&#8221; alignment=&#8221;center&#8221; onclick=&#8221;custom_link&#8221; link=&#8221;https:\/\/baal17.pt\/_www\/sede\/&#8221;][vc_single_image image=&#8221;5442&#8243; img_size=&#8221;large&#8221; alignment=&#8221;center&#8221; onclick=&#8221;custom_link&#8221; link=&#8221;https:\/\/baal17.pt\/_www\/o-pedro-e-que-sabe-2\/&#8221;][\/vc_column][vc_column width=&#8221;1\/2&#8243;][vc_single_image image=&#8221;5370&#8243; img_size=&#8221;large&#8221; alignment=&#8221;center&#8221; onclick=&#8221;custom_link&#8221; link=&#8221;https:\/\/baal17.pt\/_www\/ofilmequeadixneynuncafez\/&#8221;][vc_single_image image=&#8221;5372&#8243; img_size=&#8221;large&#8221; alignment=&#8221;center&#8221; onclick=&#8221;custom_link&#8221; link=&#8221;https:\/\/baal17.pt\/_www\/arevoltadossapatos\/&#8221;][vc_single_image image=&#8221;5374&#8243; img_size=&#8221;large&#8221; alignment=&#8221;center&#8221; onclick=&#8221;custom_link&#8221; link=&#8221;https:\/\/baal17.pt\/_www\/submarinoemmarte\/&#8221;][\/vc_column][vc_column][vc_column_text]\n<p style=\"text-align: center;\"><strong>Reserva aconselhada<\/strong><\/p>\n<p style=\"text-align: center;\">Lota\u00e7\u00e3o limitada aos lugares existentes<\/p>\n<p style=\"text-align: center;\">Reservas:<br \/>\n961 363 107 ou em\u00a0geral@baal17.pt<\/p>\n<p style=\"text-align: center;\">Normal: 5 euros<\/p>\n<p style=\"text-align: center;\">Desconto: &lt;25 e &gt; 65 anos: 3 euros<\/p>\n<p>&nbsp;<\/p>\n[\/vc_column_text][vc_separator][vc_column_text]\n<h3 style=\"text-align: center;\"><strong>Edi\u00e7\u00f5es anteriores<\/strong><\/h3>\n[\/vc_column_text][\/vc_column][\/vc_row][vc_row et_column_align=&#8221;align-center&#8221; content_placement=&#8221;middle&#8221;][vc_column width=&#8221;1\/5&#8243;][vc_single_image image=&#8221;4955&#8243; img_size=&#8221;medium&#8221; alignment=&#8221;center&#8221; onclick=&#8221;img_link_large&#8221;][vc_column_text][\/vc_column_text][\/vc_column][vc_column width=&#8221;1\/5&#8243;][vc_single_image image=&#8221;4385&#8243; img_size=&#8221;medium&#8221; alignment=&#8221;center&#8221; onclick=&#8221;img_link_large&#8221;][\/vc_column][vc_column width=&#8221;1\/5&#8243;][vc_single_image image=&#8221;4374&#8243; img_size=&#8221;medium&#8221; alignment=&#8221;center&#8221; onclick=&#8221;img_link_large&#8221;][\/vc_column][vc_column width=&#8221;1\/5&#8243;][vc_single_image image=&#8221;4373&#8243; img_size=&#8221;medium&#8221; alignment=&#8221;center&#8221; onclick=&#8221;img_link_large&#8221;][\/vc_column][vc_column width=&#8221;1\/5&#8243;][vc_single_image image=&#8221;4368&#8243; img_size=&#8221;medium&#8221; alignment=&#8221;center&#8221; onclick=&#8221;img_link_large&#8221;][\/vc_column][\/vc_row]\n<\/section>","protected":false},"excerpt":{"rendered":"<p>[vc_row et_full_width=&#8221;true&#8221; et_row_padding=&#8221;true&#8221; et_column_align=&#8221;align-center&#8221; content_placement=&#8221;middle&#8221; css=&#8221;.vc_custom_1730387048254{padding-top: 0px !important;padding-right: 0px !important;padding-bottom: 0px !important;padding-left: 0px !important;background-image: url(https:\/\/baal17.pt\/_www\/wp-content\/uploads\/2024\/01\/Foto-Para-Pagina-Cenas-de-Novembro-scaled.jpg?id=4110) !important;background-position: center !important;background-repeat: no-repeat !important;background-size: cover !important;}&#8221;][vc_column offset=&#8221;vc_col-lg-offset-12 vc_col-lg-12 vc_col-xs-offset-1&#8243;][\/vc_column][\/vc_row][vc_row et_full_width=&#8221;true&#8221; et_row_padding=&#8221;true&#8221; et_column_align=&#8221;align-center&#8221; css=&#8221;.vc_custom_1730386391950{padding-top: 60px !important;padding-right: 0px !important;padding-bottom: 60px !important;padding-left: 0px !important;background-color: #0a0a0a !important;}&#8221;][vc_column offset=&#8221;vc_col-sm-offset-1 vc_col-xs-offset-1&#8243;][vc_single_image image=&#8221;4379&#8243; img_size=&#8221;450&#215;161&#8243; alignment=&#8221;center&#8221;][vc_column_text css=&#8221;.vc_custom_1730386366626{padding-right: 10% !important;padding-left: 10% !important;}&#8221;] Cenas [&hellip;]<\/p>\n","protected":false},"author":1,"featured_media":0,"parent":0,"menu_order":0,"comment_status":"closed","ping_status":"closed","template":"","meta":{"footnotes":""},"class_list":["post-3766","page","type-page","status-publish","hentry"],"_links":{"self":[{"href":"https:\/\/baal17.pt\/_www\/wp-json\/wp\/v2\/pages\/3766","targetHints":{"allow":["GET"]}}],"collection":[{"href":"https:\/\/baal17.pt\/_www\/wp-json\/wp\/v2\/pages"}],"about":[{"href":"https:\/\/baal17.pt\/_www\/wp-json\/wp\/v2\/types\/page"}],"author":[{"embeddable":true,"href":"https:\/\/baal17.pt\/_www\/wp-json\/wp\/v2\/users\/1"}],"replies":[{"embeddable":true,"href":"https:\/\/baal17.pt\/_www\/wp-json\/wp\/v2\/comments?post=3766"}],"version-history":[{"count":87,"href":"https:\/\/baal17.pt\/_www\/wp-json\/wp\/v2\/pages\/3766\/revisions"}],"predecessor-version":[{"id":5443,"href":"https:\/\/baal17.pt\/_www\/wp-json\/wp\/v2\/pages\/3766\/revisions\/5443"}],"wp:attachment":[{"href":"https:\/\/baal17.pt\/_www\/wp-json\/wp\/v2\/media?parent=3766"}],"curies":[{"name":"wp","href":"https:\/\/api.w.org\/{rel}","templated":true}]}}