{"id":3732,"date":"2023-11-06T15:23:55","date_gmt":"2023-11-06T15:23:55","guid":{"rendered":"http:\/\/baal17.pt\/_www\/?page_id=3732"},"modified":"2024-06-26T14:35:32","modified_gmt":"2024-06-26T14:35:32","slug":"jo-black","status":"publish","type":"page","link":"https:\/\/baal17.pt\/_www\/jo-black\/","title":{"rendered":"ASTA TEATRO"},"content":{"rendered":"\n<p><strong>17.07\u00a0<\/strong>I Teatro<\/p>\n\n\n\n<p>22h30 \u00abEspa\u00e7o Nora<\/p>\n\n\n\n<h5 class=\"wp-block-heading\"><strong><em>SPECTRUM<\/em><\/strong><\/h5>\n\n\n\n<p>Etimologicamente deriva do latim, significa &#8220;espectro&#8221;, &#8220;fantasma\u201d, \u201capar\u00eancia&#8221; ou vis\u00e3o&#8221;. Em SPECTRUM pretende-se criar um espa\u00e7o virtual, uma realidade paralela, um campo on\u00edrico, onde a tecnologia atual se cruza com a arqueologia dos media, tirando partido das suas potencialidades para criar um espa\u00e7o coreogr\u00e1fico performativo multim\u00e9dia. SPECTRUM \u00e9 uma experi\u00eancia est\u00e9tica, visual e sonora.<\/p>\n\n\n\n<p>Produ\u00e7\u00e3o _ <strong>ASTA<\/strong> I Cria\u00e7\u00e3o e Dire\u00e7\u00e3o _ <strong>Rui Pires<\/strong> I Interpreta\u00e7\u00e3o _ <strong>Edmilson Gomes<\/strong> I Assistente de Dire\u00e7\u00e3o _ <strong>Jo\u00e3o Gomes<\/strong> I V\u00eddeo _ <strong>Henrique Vil\u00e3o e Tiago Damas<\/strong> I M\u00fasica _ <strong>Henrique Vil\u00e3o<\/strong> I Imagem e Desenho _ <strong>Tiago Damas<\/strong> I Desenho de Luz _ <strong>Pedro Fonseca\/coletivo, ac<\/strong> I Opera\u00e7\u00e3o T\u00e9cnica _ <strong>Pedro Fonseca\/coletivo, ac<\/strong> I Cenografia _ <strong>Rui Pires<\/strong> I Cartaz _ <strong>Pedro Velho<\/strong> I Guarda-Roupa _ <strong>Rui Pires<\/strong> I Adere\u00e7os _ <strong>S\u00e9rgio Novo<\/strong> I Fotografia e Teaser _ <strong>Jo\u00e3o Gomes<\/strong> I Produ\u00e7\u00e3o Executiva _ <strong>Carmo Teixeira<\/strong> I Apoio \u00e0 Produ\u00e7\u00e3o _ <strong>Ant\u00f3nio Abern\u00fa, Helena Ribeiro, S\u00e9rgio Novo<\/strong> I Comunica\u00e7\u00e3o _ <strong>Helena Ribeiro<\/strong><\/p>\n\n\n\n<p class=\"has-text-align-right\">Classifica\u00e7\u00e3o_ <strong>M\/12 anos <\/strong>I Dura\u00e7\u00e3o _ <strong>45m<\/strong><\/p>\n\n\n\n<p class=\"has-text-align-right\">Espet\u00e1culo sem texto<\/p>\n\n\n\n<p class=\"has-text-align-right\"><strong><em>Mais info_ www.aasta.info<\/em><\/strong><\/p>\n","protected":false},"excerpt":{"rendered":"<p>17.07\u00a0I Teatro 22h30 \u00abEspa\u00e7o Nora SPECTRUM Etimologicamente deriva do latim, significa &#8220;espectro&#8221;, &#8220;fantasma\u201d, \u201capar\u00eancia&#8221; ou vis\u00e3o&#8221;. Em SPECTRUM pretende-se criar um espa\u00e7o virtual, uma realidade paralela, um campo on\u00edrico, onde a tecnologia atual se cruza com a arqueologia dos media, tirando partido das suas potencialidades para criar um espa\u00e7o coreogr\u00e1fico [&hellip;]<\/p>\n","protected":false},"author":1,"featured_media":0,"parent":0,"menu_order":0,"comment_status":"closed","ping_status":"closed","template":"","meta":{"footnotes":""},"class_list":["post-3732","page","type-page","status-publish","hentry"],"_links":{"self":[{"href":"https:\/\/baal17.pt\/_www\/wp-json\/wp\/v2\/pages\/3732","targetHints":{"allow":["GET"]}}],"collection":[{"href":"https:\/\/baal17.pt\/_www\/wp-json\/wp\/v2\/pages"}],"about":[{"href":"https:\/\/baal17.pt\/_www\/wp-json\/wp\/v2\/types\/page"}],"author":[{"embeddable":true,"href":"https:\/\/baal17.pt\/_www\/wp-json\/wp\/v2\/users\/1"}],"replies":[{"embeddable":true,"href":"https:\/\/baal17.pt\/_www\/wp-json\/wp\/v2\/comments?post=3732"}],"version-history":[{"count":2,"href":"https:\/\/baal17.pt\/_www\/wp-json\/wp\/v2\/pages\/3732\/revisions"}],"predecessor-version":[{"id":4846,"href":"https:\/\/baal17.pt\/_www\/wp-json\/wp\/v2\/pages\/3732\/revisions\/4846"}],"wp:attachment":[{"href":"https:\/\/baal17.pt\/_www\/wp-json\/wp\/v2\/media?parent=3732"}],"curies":[{"name":"wp","href":"https:\/\/api.w.org\/{rel}","templated":true}]}}