{"id":3597,"date":"2023-11-03T16:56:18","date_gmt":"2023-11-03T16:56:18","guid":{"rendered":"http:\/\/baal17.pt\/_www\/?page_id=3597"},"modified":"2025-07-02T09:46:54","modified_gmt":"2025-07-02T09:46:54","slug":"nnn","status":"publish","type":"page","link":"https:\/\/baal17.pt\/_www\/nnn\/","title":{"rendered":"NNN"},"content":{"rendered":"<section class=\"wpb-content-wrapper\">[vc_row et_full_width=&#8221;true&#8221; et_row_padding=&#8221;true&#8221; et_column_align=&#8221;align-center&#8221; equal_height=&#8221;yes&#8221; content_placement=&#8221;middle&#8221; css=&#8221;.vc_custom_1699031889688{padding-top: 240px !important;padding-bottom: 240px !important;background: #000000 url(https:\/\/baal17.pt\/_www\/wp-content\/uploads\/2023\/11\/fundo-nnn.jpg?id=3627) !important;background-position: center !important;background-repeat: no-repeat !important;background-size: cover !important;}&#8221;][vc_column et_column_color=&#8221;et-light-column&#8221; el_class=&#8221;text-center&#8221; offset=&#8221;vc_col-lg-6&#8243;][vc_row_inner et_column_align=&#8221;align-center&#8221;][vc_column_inner width=&#8221;1\/2&#8243;][vc_single_image image=&#8221;4796&#8243; img_size=&#8221;large&#8221; alignment=&#8221;center&#8221;][\/vc_column_inner][\/vc_row_inner][\/vc_column][\/vc_row][vc_row et_full_width=&#8221;true&#8221; css=&#8221;.vc_custom_1699031536446{background-color: #000000 !important;}&#8221;][vc_column][vc_video link=&#8221;https:\/\/vimeo.com\/843164828&#8243; el_width=&#8221;60&#8243; align=&#8221;center&#8221;][\/vc_column][\/vc_row][vc_row et_full_width=&#8221;true&#8221; et_row_padding=&#8221;true&#8221; et_column_align=&#8221;align-center&#8221; css=&#8221;.vc_custom_1699032085663{background-color: #000000 !important;}&#8221;][vc_column css=&#8221;.vc_custom_1699032078393{padding-top: 65px !important;padding-bottom: 65px !important;}&#8221; offset=&#8221;vc_col-lg-6&#8243;][vc_column_text]\n<p style=\"text-align: center;\"><span style=\"font-weight: 400; color: #ffffff;\">A CULTURA COMO UMA FESTA<\/span><\/p>\n<p style=\"text-align: center;\"><span style=\"color: #ffffff;\">26\u00ba edi\u00e7\u00e3o &#8211; 4 a 19 de julho de 2025<\/span><\/p>\n<p style=\"text-align: center;\"><span style=\"color: #ffffff;\"><span style=\"font-weight: 400;\">Estamos de regresso ao nosso ponto de encontro. <\/span><span style=\"font-weight: 400;\">Este lugar ic\u00f3nico, onde a cultura se celebra, onde se brinda \u00e0 liberdade, ao respeito, \u00e0 diversidade, onde a imagina\u00e7\u00e3o nos transporta entre espet\u00e1culos, sorrisos e sil\u00eancios para outros lugares, todos eles ut\u00f3picos, que nos fazem sentir vivos e mais humanos.\u00a0<\/span><span style=\"font-weight: 400;\">O Noites Na Nora n\u00e3o se consegue explicar s\u00f3 por palavras, que tem de ser vivido de esp\u00edrito livre, aberto \u00e0 surpresa, ao pensamento cr\u00edtico, ao desafio de abra\u00e7ar a experi\u00eancia \u00fanica de um acto cultural, um espet\u00e1culo de teatro, um concerto, uma dan\u00e7a com os p\u00e9s descal\u00e7os debaixo das estrelas. <\/span><span style=\"font-weight: 400;\">A edi\u00e7\u00e3o deste ano \u00e9 um convite \u00e0 redescoberta de um lugar coletivo, que possa preencher o imagin\u00e1rio da Nora com mem\u00f3rias id\u00edlicas, paradis\u00edacas, um o\u00e1sis onde o tempo se dilata num cocktail \u00e0 beira mar. Longe do caos e da viol\u00eancia do mundo \u00e0 nossa volta, constru\u00edmos este porto de abrigo, um lugar de partidas e chegadas a novas esperan\u00e7as, com mais arte e melhor futuro. Precisamos de lugares de encontro, livres de algoritmos e sensacionalismos. Precisamos respirar em conjunto. Precisamos de novos horizontes.\u00a0 <\/span><\/span><\/p>\n<p style=\"text-align: center;\"><span style=\"color: #ffffff;\"><span style=\"font-weight: 400;\">A Nora \u00e9 isto: \u00e9 saber quando come\u00e7a porque j\u00e1 faz falta e reclamar quando acaba porque soube a pouco. \u00c9 um cl\u00e1ssico, \u00e9 vintage, n\u00e3o sai de moda. Na sua vis\u00e3o particular de constru\u00e7\u00e3o colectiva, para uma comunidade cada vez maior de espetadores, uma grande fam\u00edlia, que vai desde o vizinho ou a vizinha que n\u00e3o vai, aos que este ano n\u00e3o podem vir, aos<\/span><span style=\"font-weight: 400;\"> que s\u00f3 v\u00e3o no fim, aos que ficam at\u00e9 fechar, aos que j\u00e1 c\u00e1 n\u00e3o est\u00e3o e aos que h\u00e3o de vir.\u00a0<\/span><\/span><\/p>\n[\/vc_column_text][\/vc_column][\/vc_row][vc_row][vc_column css=&#8221;.vc_custom_1699032475830{padding-top: 65px !important;}&#8221;][vc_column_text]\n<h1 style=\"text-align: center;\"><\/h1>\n<p>&nbsp;<\/p>\n<p><img loading=\"lazy\" decoding=\"async\" class=\"aligncenter wp-image-5163 size-large\" src=\"https:\/\/baal17.pt\/_www\/wp-content\/uploads\/2025\/06\/NNN25_CARTAZ_PROGRAMA-725x1024.jpg\" alt=\"\" width=\"725\" height=\"1024\" srcset=\"https:\/\/baal17.pt\/_www\/wp-content\/uploads\/2025\/06\/NNN25_CARTAZ_PROGRAMA-725x1024.jpg 725w, https:\/\/baal17.pt\/_www\/wp-content\/uploads\/2025\/06\/NNN25_CARTAZ_PROGRAMA-212x300.jpg 212w, https:\/\/baal17.pt\/_www\/wp-content\/uploads\/2025\/06\/NNN25_CARTAZ_PROGRAMA-768x1085.jpg 768w, https:\/\/baal17.pt\/_www\/wp-content\/uploads\/2025\/06\/NNN25_CARTAZ_PROGRAMA-106x150.jpg 106w, https:\/\/baal17.pt\/_www\/wp-content\/uploads\/2025\/06\/NNN25_CARTAZ_PROGRAMA.jpg 886w\" sizes=\"auto, (max-width: 725px) 100vw, 725px\" \/><\/p>\n<h3 class=\"p1\" style=\"text-align: center;\"><strong>BILHETEIRA ESPA\u00c7O NORA<\/strong><\/h3>\n<p class=\"p2\" style=\"text-align: center;\"><strong>QUARTA E QUINTA<span class=\"s1\"> &#8211; <\/span><em>3 EUROS <\/em><\/strong>(Menores de 12 ANOS \u2013 GRATUITO | Menores de 25 ANOS \u2013 2 EUROS | Maiores de 65 ANOS \u2013 2 EUROS)<\/p>\n<p class=\"p2\" style=\"text-align: center;\"><strong>SEXTA E S\u00c1BADO &#8211; <em>4 EUROS <\/em><\/strong>(Menores de 12 ANOS \u2013 GRATUITO | Menores de 25 ANOS \u2013 2 EUROS | Maiores de 65 ANOS \u2013 2 EUROS)<\/p>\n[\/vc_column_text][\/vc_column][\/vc_row][vc_row][vc_column width=&#8221;1\/2&#8243; css=&#8221;.vc_custom_1699032475830{padding-top: 65px !important;}&#8221;][vc_column_text]<a href=\"https:\/\/baal17.pt\/_www\/inac-instituto-nacional-de-artes-do-circo\/\"><img loading=\"lazy\" decoding=\"async\" class=\"alignnone wp-image-5165 size-large\" src=\"https:\/\/baal17.pt\/_www\/wp-content\/uploads\/2025\/06\/1-NNN25_MOLDURAS_SITE_Inac-1024x1024.jpg\" alt=\"\" width=\"1024\" height=\"1024\" srcset=\"https:\/\/baal17.pt\/_www\/wp-content\/uploads\/2025\/06\/1-NNN25_MOLDURAS_SITE_Inac-1024x1024.jpg 1024w, https:\/\/baal17.pt\/_www\/wp-content\/uploads\/2025\/06\/1-NNN25_MOLDURAS_SITE_Inac-300x300.jpg 300w, https:\/\/baal17.pt\/_www\/wp-content\/uploads\/2025\/06\/1-NNN25_MOLDURAS_SITE_Inac-150x150.jpg 150w, https:\/\/baal17.pt\/_www\/wp-content\/uploads\/2025\/06\/1-NNN25_MOLDURAS_SITE_Inac-768x768.jpg 768w, https:\/\/baal17.pt\/_www\/wp-content\/uploads\/2025\/06\/1-NNN25_MOLDURAS_SITE_Inac.jpg 1080w\" sizes=\"auto, (max-width: 1024px) 100vw, 1024px\" \/><\/a>[\/vc_column_text][vc_column_text]<a href=\"https:\/\/baal17.pt\/_www\/dario-guerreiro\/\"><img loading=\"lazy\" decoding=\"async\" class=\"alignnone wp-image-5166 size-large\" src=\"https:\/\/baal17.pt\/_www\/wp-content\/uploads\/2025\/06\/2-NNN25_MOLDURAS_SITE_Dario-Guerreiro-2-1024x1024.jpg\" alt=\"\" width=\"1024\" height=\"1024\" srcset=\"https:\/\/baal17.pt\/_www\/wp-content\/uploads\/2025\/06\/2-NNN25_MOLDURAS_SITE_Dario-Guerreiro-2-1024x1024.jpg 1024w, https:\/\/baal17.pt\/_www\/wp-content\/uploads\/2025\/06\/2-NNN25_MOLDURAS_SITE_Dario-Guerreiro-2-300x300.jpg 300w, https:\/\/baal17.pt\/_www\/wp-content\/uploads\/2025\/06\/2-NNN25_MOLDURAS_SITE_Dario-Guerreiro-2-150x150.jpg 150w, https:\/\/baal17.pt\/_www\/wp-content\/uploads\/2025\/06\/2-NNN25_MOLDURAS_SITE_Dario-Guerreiro-2-768x768.jpg 768w, https:\/\/baal17.pt\/_www\/wp-content\/uploads\/2025\/06\/2-NNN25_MOLDURAS_SITE_Dario-Guerreiro-2.jpg 1080w\" sizes=\"auto, (max-width: 1024px) 100vw, 1024px\" \/><\/a>[\/vc_column_text][vc_column_text]<a href=\"https:\/\/baal17.pt\/_www\/krisalida-e-alteatro\/\"><img loading=\"lazy\" decoding=\"async\" class=\"alignnone wp-image-5181 size-large\" src=\"https:\/\/baal17.pt\/_www\/wp-content\/uploads\/2025\/06\/3-NNN25_MOLDURAS_SITE_Krisalida-e-Alteatro-1024x1024.jpg\" alt=\"\" width=\"1024\" height=\"1024\" srcset=\"https:\/\/baal17.pt\/_www\/wp-content\/uploads\/2025\/06\/3-NNN25_MOLDURAS_SITE_Krisalida-e-Alteatro-1024x1024.jpg 1024w, https:\/\/baal17.pt\/_www\/wp-content\/uploads\/2025\/06\/3-NNN25_MOLDURAS_SITE_Krisalida-e-Alteatro-300x300.jpg 300w, https:\/\/baal17.pt\/_www\/wp-content\/uploads\/2025\/06\/3-NNN25_MOLDURAS_SITE_Krisalida-e-Alteatro-150x150.jpg 150w, https:\/\/baal17.pt\/_www\/wp-content\/uploads\/2025\/06\/3-NNN25_MOLDURAS_SITE_Krisalida-e-Alteatro-768x768.jpg 768w, https:\/\/baal17.pt\/_www\/wp-content\/uploads\/2025\/06\/3-NNN25_MOLDURAS_SITE_Krisalida-e-Alteatro.jpg 1080w\" sizes=\"auto, (max-width: 1024px) 100vw, 1024px\" \/><\/a><\/p>\n[\/vc_column_text][vc_column_text]<a href=\"https:\/\/baal17.pt\/_www\/este-estacao-teatral\/\"><img loading=\"lazy\" decoding=\"async\" class=\"alignnone wp-image-5182 size-large\" src=\"https:\/\/baal17.pt\/_www\/wp-content\/uploads\/2025\/06\/4-NNN25_MOLDURAS_SITE_Este1-1024x1024.jpg\" alt=\"\" width=\"1024\" height=\"1024\" srcset=\"https:\/\/baal17.pt\/_www\/wp-content\/uploads\/2025\/06\/4-NNN25_MOLDURAS_SITE_Este1-1024x1024.jpg 1024w, https:\/\/baal17.pt\/_www\/wp-content\/uploads\/2025\/06\/4-NNN25_MOLDURAS_SITE_Este1-300x300.jpg 300w, https:\/\/baal17.pt\/_www\/wp-content\/uploads\/2025\/06\/4-NNN25_MOLDURAS_SITE_Este1-150x150.jpg 150w, https:\/\/baal17.pt\/_www\/wp-content\/uploads\/2025\/06\/4-NNN25_MOLDURAS_SITE_Este1-768x768.jpg 768w, https:\/\/baal17.pt\/_www\/wp-content\/uploads\/2025\/06\/4-NNN25_MOLDURAS_SITE_Este1.jpg 1080w\" sizes=\"auto, (max-width: 1024px) 100vw, 1024px\" \/><\/a>[\/vc_column_text][vc_column_text]<a href=\"https:\/\/baal17.pt\/_www\/5208-2\/\"><img loading=\"lazy\" decoding=\"async\" class=\"alignnone wp-image-5169 size-large\" src=\"https:\/\/baal17.pt\/_www\/wp-content\/uploads\/2025\/06\/5-NNN25_MOLDURAS_SITE_Rossana-1024x1024.jpg\" alt=\"\" width=\"1024\" height=\"1024\" srcset=\"https:\/\/baal17.pt\/_www\/wp-content\/uploads\/2025\/06\/5-NNN25_MOLDURAS_SITE_Rossana-1024x1024.jpg 1024w, https:\/\/baal17.pt\/_www\/wp-content\/uploads\/2025\/06\/5-NNN25_MOLDURAS_SITE_Rossana-300x300.jpg 300w, https:\/\/baal17.pt\/_www\/wp-content\/uploads\/2025\/06\/5-NNN25_MOLDURAS_SITE_Rossana-150x150.jpg 150w, https:\/\/baal17.pt\/_www\/wp-content\/uploads\/2025\/06\/5-NNN25_MOLDURAS_SITE_Rossana-768x768.jpg 768w, https:\/\/baal17.pt\/_www\/wp-content\/uploads\/2025\/06\/5-NNN25_MOLDURAS_SITE_Rossana.jpg 1080w\" sizes=\"auto, (max-width: 1024px) 100vw, 1024px\" \/><\/a>[\/vc_column_text][\/vc_column][vc_column width=&#8221;1\/2&#8243;][vc_column_text]<a href=\"https:\/\/baal17.pt\/_www\/javisol\/\"><img loading=\"lazy\" decoding=\"async\" class=\"alignnone wp-image-5170 size-large\" src=\"https:\/\/baal17.pt\/_www\/wp-content\/uploads\/2025\/06\/6-NNN25_MOLDURAS_SITE_Javisol-1024x1024.jpg\" alt=\"\" width=\"1024\" height=\"1024\" srcset=\"https:\/\/baal17.pt\/_www\/wp-content\/uploads\/2025\/06\/6-NNN25_MOLDURAS_SITE_Javisol-1024x1024.jpg 1024w, https:\/\/baal17.pt\/_www\/wp-content\/uploads\/2025\/06\/6-NNN25_MOLDURAS_SITE_Javisol-300x300.jpg 300w, https:\/\/baal17.pt\/_www\/wp-content\/uploads\/2025\/06\/6-NNN25_MOLDURAS_SITE_Javisol-150x150.jpg 150w, https:\/\/baal17.pt\/_www\/wp-content\/uploads\/2025\/06\/6-NNN25_MOLDURAS_SITE_Javisol-768x768.jpg 768w, https:\/\/baal17.pt\/_www\/wp-content\/uploads\/2025\/06\/6-NNN25_MOLDURAS_SITE_Javisol.jpg 1080w\" sizes=\"auto, (max-width: 1024px) 100vw, 1024px\" \/><\/a>[\/vc_column_text][vc_column_text]<a href=\"https:\/\/baal17.pt\/_www\/5213-2\/\"><img loading=\"lazy\" decoding=\"async\" class=\"alignnone wp-image-5171 size-large\" src=\"https:\/\/baal17.pt\/_www\/wp-content\/uploads\/2025\/06\/7-NNN25_MOLDURAS_SITE_Amar-1024x1024.jpg\" alt=\"\" width=\"1024\" height=\"1024\" srcset=\"https:\/\/baal17.pt\/_www\/wp-content\/uploads\/2025\/06\/7-NNN25_MOLDURAS_SITE_Amar-1024x1024.jpg 1024w, https:\/\/baal17.pt\/_www\/wp-content\/uploads\/2025\/06\/7-NNN25_MOLDURAS_SITE_Amar-300x300.jpg 300w, https:\/\/baal17.pt\/_www\/wp-content\/uploads\/2025\/06\/7-NNN25_MOLDURAS_SITE_Amar-150x150.jpg 150w, https:\/\/baal17.pt\/_www\/wp-content\/uploads\/2025\/06\/7-NNN25_MOLDURAS_SITE_Amar-768x768.jpg 768w, https:\/\/baal17.pt\/_www\/wp-content\/uploads\/2025\/06\/7-NNN25_MOLDURAS_SITE_Amar.jpg 1080w\" sizes=\"auto, (max-width: 1024px) 100vw, 1024px\" \/><\/a>[\/vc_column_text][vc_column_text]<a href=\"https:\/\/baal17.pt\/_www\/5218-2\/\"><img loading=\"lazy\" decoding=\"async\" class=\"alignnone wp-image-5172 size-large\" src=\"https:\/\/baal17.pt\/_www\/wp-content\/uploads\/2025\/06\/8-NNN25_MOLDURAS_SITE_Coline-1024x1024.jpg\" alt=\"\" width=\"1024\" height=\"1024\" srcset=\"https:\/\/baal17.pt\/_www\/wp-content\/uploads\/2025\/06\/8-NNN25_MOLDURAS_SITE_Coline-1024x1024.jpg 1024w, https:\/\/baal17.pt\/_www\/wp-content\/uploads\/2025\/06\/8-NNN25_MOLDURAS_SITE_Coline-300x300.jpg 300w, https:\/\/baal17.pt\/_www\/wp-content\/uploads\/2025\/06\/8-NNN25_MOLDURAS_SITE_Coline-150x150.jpg 150w, https:\/\/baal17.pt\/_www\/wp-content\/uploads\/2025\/06\/8-NNN25_MOLDURAS_SITE_Coline-768x768.jpg 768w, https:\/\/baal17.pt\/_www\/wp-content\/uploads\/2025\/06\/8-NNN25_MOLDURAS_SITE_Coline.jpg 1080w\" sizes=\"auto, (max-width: 1024px) 100vw, 1024px\" \/><\/a>[\/vc_column_text][vc_column_text]<a href=\"https:\/\/baal17.pt\/_www\/astro-fingido\/\"><img loading=\"lazy\" decoding=\"async\" class=\"alignnone wp-image-5173 size-large\" src=\"https:\/\/baal17.pt\/_www\/wp-content\/uploads\/2025\/06\/9-NNN25_MOLDURAS_SITE_Astro-1024x1024.jpg\" alt=\"\" width=\"1024\" height=\"1024\" srcset=\"https:\/\/baal17.pt\/_www\/wp-content\/uploads\/2025\/06\/9-NNN25_MOLDURAS_SITE_Astro-1024x1024.jpg 1024w, https:\/\/baal17.pt\/_www\/wp-content\/uploads\/2025\/06\/9-NNN25_MOLDURAS_SITE_Astro-300x300.jpg 300w, https:\/\/baal17.pt\/_www\/wp-content\/uploads\/2025\/06\/9-NNN25_MOLDURAS_SITE_Astro-150x150.jpg 150w, https:\/\/baal17.pt\/_www\/wp-content\/uploads\/2025\/06\/9-NNN25_MOLDURAS_SITE_Astro-768x768.jpg 768w, https:\/\/baal17.pt\/_www\/wp-content\/uploads\/2025\/06\/9-NNN25_MOLDURAS_SITE_Astro.jpg 1080w\" sizes=\"auto, (max-width: 1024px) 100vw, 1024px\" \/><\/a>[\/vc_column_text][vc_column_text]<a href=\"https:\/\/baal17.pt\/_www\/5221-2\/\"><img loading=\"lazy\" decoding=\"async\" class=\"alignnone wp-image-5187 size-large\" src=\"https:\/\/baal17.pt\/_www\/wp-content\/uploads\/2025\/06\/10-NNN25_MOLDURAS_SITE_Xico1-1024x1024.jpg\" alt=\"\" width=\"1024\" height=\"1024\" srcset=\"https:\/\/baal17.pt\/_www\/wp-content\/uploads\/2025\/06\/10-NNN25_MOLDURAS_SITE_Xico1-1024x1024.jpg 1024w, https:\/\/baal17.pt\/_www\/wp-content\/uploads\/2025\/06\/10-NNN25_MOLDURAS_SITE_Xico1-300x300.jpg 300w, https:\/\/baal17.pt\/_www\/wp-content\/uploads\/2025\/06\/10-NNN25_MOLDURAS_SITE_Xico1-150x150.jpg 150w, https:\/\/baal17.pt\/_www\/wp-content\/uploads\/2025\/06\/10-NNN25_MOLDURAS_SITE_Xico1-768x768.jpg 768w, https:\/\/baal17.pt\/_www\/wp-content\/uploads\/2025\/06\/10-NNN25_MOLDURAS_SITE_Xico1.jpg 1080w\" sizes=\"auto, (max-width: 1024px) 100vw, 1024px\" \/><\/a>[\/vc_column_text][vc_column_text]<a href=\"https:\/\/baal17.pt\/_www\/5224-2\/\"><img loading=\"lazy\" decoding=\"async\" class=\"alignright size-large wp-image-5175\" src=\"https:\/\/baal17.pt\/_www\/wp-content\/uploads\/2025\/06\/11-NNN25_MOLDURAS_SITE_La-Tremenda-1024x1024.jpg\" alt=\"\" width=\"1024\" height=\"1024\" srcset=\"https:\/\/baal17.pt\/_www\/wp-content\/uploads\/2025\/06\/11-NNN25_MOLDURAS_SITE_La-Tremenda-1024x1024.jpg 1024w, https:\/\/baal17.pt\/_www\/wp-content\/uploads\/2025\/06\/11-NNN25_MOLDURAS_SITE_La-Tremenda-300x300.jpg 300w, https:\/\/baal17.pt\/_www\/wp-content\/uploads\/2025\/06\/11-NNN25_MOLDURAS_SITE_La-Tremenda-150x150.jpg 150w, https:\/\/baal17.pt\/_www\/wp-content\/uploads\/2025\/06\/11-NNN25_MOLDURAS_SITE_La-Tremenda-768x768.jpg 768w, https:\/\/baal17.pt\/_www\/wp-content\/uploads\/2025\/06\/11-NNN25_MOLDURAS_SITE_La-Tremenda.jpg 1080w\" sizes=\"auto, (max-width: 1024px) 100vw, 1024px\" \/><\/a>[\/vc_column_text][\/vc_column][\/vc_row][vc_row][vc_column css=&#8221;.vc_custom_1699034628133{padding-top: 65px !important;}&#8221;][vc_column_text]\n<h1 style=\"text-align: center;\"><strong>Edi\u00e7\u00f5es Anteriores<\/strong><\/h1>\n[\/vc_column_text][\/vc_column][\/vc_row][vc_row css=&#8221;.vc_custom_1699034635635{padding-bottom: 65px !important;}&#8221;][vc_column width=&#8221;1\/4&#8243;][vc_single_image image=&#8221;4318&#8243; img_size=&#8221;large&#8221; alignment=&#8221;center&#8221; style=&#8221;vc_box_rounded&#8221; onclick=&#8221;link_image&#8221;][\/vc_column][vc_column width=&#8221;1\/4&#8243;][vc_single_image image=&#8221;4317&#8243; img_size=&#8221;large&#8221; alignment=&#8221;center&#8221; style=&#8221;vc_box_rounded&#8221; onclick=&#8221;link_image&#8221;][\/vc_column][vc_column width=&#8221;1\/4&#8243;][vc_single_image image=&#8221;4316&#8243; img_size=&#8221;large&#8221; alignment=&#8221;center&#8221; style=&#8221;vc_box_rounded&#8221; onclick=&#8221;link_image&#8221;][\/vc_column][vc_column width=&#8221;1\/4&#8243;][vc_single_image image=&#8221;4315&#8243; img_size=&#8221;large&#8221; alignment=&#8221;center&#8221; style=&#8221;vc_box_rounded&#8221; onclick=&#8221;link_image&#8221;][\/vc_column][\/vc_row][vc_row][vc_column][vc_single_image image=&#8221;5083&#8243; img_size=&#8221;medium&#8221; onclick=&#8221;img_link_large&#8221;][\/vc_column][\/vc_row]\n<\/section>","protected":false},"excerpt":{"rendered":"<p>[vc_row et_full_width=&#8221;true&#8221; et_row_padding=&#8221;true&#8221; et_column_align=&#8221;align-center&#8221; equal_height=&#8221;yes&#8221; content_placement=&#8221;middle&#8221; css=&#8221;.vc_custom_1699031889688{padding-top: 240px !important;padding-bottom: 240px !important;background: #000000 url(https:\/\/baal17.pt\/_www\/wp-content\/uploads\/2023\/11\/fundo-nnn.jpg?id=3627) !important;background-position: center !important;background-repeat: no-repeat !important;background-size: cover !important;}&#8221;][vc_column et_column_color=&#8221;et-light-column&#8221; el_class=&#8221;text-center&#8221; offset=&#8221;vc_col-lg-6&#8243;][vc_row_inner et_column_align=&#8221;align-center&#8221;][vc_column_inner width=&#8221;1\/2&#8243;][vc_single_image image=&#8221;4796&#8243; img_size=&#8221;large&#8221; alignment=&#8221;center&#8221;][\/vc_column_inner][\/vc_row_inner][\/vc_column][\/vc_row][vc_row et_full_width=&#8221;true&#8221; css=&#8221;.vc_custom_1699031536446{background-color: #000000 !important;}&#8221;][vc_column][vc_video link=&#8221;https:\/\/vimeo.com\/843164828&#8243; el_width=&#8221;60&#8243; align=&#8221;center&#8221;][\/vc_column][\/vc_row][vc_row et_full_width=&#8221;true&#8221; et_row_padding=&#8221;true&#8221; et_column_align=&#8221;align-center&#8221; css=&#8221;.vc_custom_1699032085663{background-color: #000000 !important;}&#8221;][vc_column css=&#8221;.vc_custom_1699032078393{padding-top: 65px !important;padding-bottom: 65px !important;}&#8221; offset=&#8221;vc_col-lg-6&#8243;][vc_column_text] A CULTURA COMO [&hellip;]<\/p>\n","protected":false},"author":1,"featured_media":0,"parent":0,"menu_order":0,"comment_status":"closed","ping_status":"closed","template":"","meta":{"footnotes":""},"class_list":["post-3597","page","type-page","status-publish","hentry"],"_links":{"self":[{"href":"https:\/\/baal17.pt\/_www\/wp-json\/wp\/v2\/pages\/3597","targetHints":{"allow":["GET"]}}],"collection":[{"href":"https:\/\/baal17.pt\/_www\/wp-json\/wp\/v2\/pages"}],"about":[{"href":"https:\/\/baal17.pt\/_www\/wp-json\/wp\/v2\/types\/page"}],"author":[{"embeddable":true,"href":"https:\/\/baal17.pt\/_www\/wp-json\/wp\/v2\/users\/1"}],"replies":[{"embeddable":true,"href":"https:\/\/baal17.pt\/_www\/wp-json\/wp\/v2\/comments?post=3597"}],"version-history":[{"count":125,"href":"https:\/\/baal17.pt\/_www\/wp-json\/wp\/v2\/pages\/3597\/revisions"}],"predecessor-version":[{"id":5230,"href":"https:\/\/baal17.pt\/_www\/wp-json\/wp\/v2\/pages\/3597\/revisions\/5230"}],"wp:attachment":[{"href":"https:\/\/baal17.pt\/_www\/wp-json\/wp\/v2\/media?parent=3597"}],"curies":[{"name":"wp","href":"https:\/\/api.w.org\/{rel}","templated":true}]}}