{"id":3462,"date":"2023-11-03T14:04:48","date_gmt":"2023-11-03T14:04:48","guid":{"rendered":"http:\/\/baal17.pt\/_www\/?page_id=3462"},"modified":"2026-02-13T13:06:04","modified_gmt":"2026-02-13T13:06:04","slug":"equipa","status":"publish","type":"page","link":"https:\/\/baal17.pt\/_www\/equipa\/","title":{"rendered":"Equipa"},"content":{"rendered":"<section class=\"wpb-content-wrapper\">[vc_row et_full_width=&#8221;true&#8221; et_row_padding=&#8221;true&#8221; equal_height=&#8221;yes&#8221;][vc_column]<div id=\"et-banner-slider-69e1a70a65345\" class=\"et-banner-slider slick slick-slider slick-controls-gray slick-dots-disabled\"  data-columns=\"1\" >\r\n\t\t<div class=\"et-banner-69e1a70a6539b et-banner content-full  image-type-fluid text-color-dark hover-effect  \"><img loading=\"lazy\" decoding=\"async\" width=\"1800\" height=\"855\" src=\"https:\/\/baal17.pt\/_www\/wp-content\/uploads\/2024\/01\/Foto-Para-Pagina-Equipa.jpg\" class=\"et-banner-main-image\" alt=\"\" sizes=\"auto, (max-width: 1800px) 100vw, 1800px\" srcset=\"https:\/\/baal17.pt\/_www\/wp-content\/uploads\/2024\/01\/Foto-Para-Pagina-Equipa.jpg 1800w, https:\/\/baal17.pt\/_www\/wp-content\/uploads\/2024\/01\/Foto-Para-Pagina-Equipa-300x143.jpg 300w, https:\/\/baal17.pt\/_www\/wp-content\/uploads\/2024\/01\/Foto-Para-Pagina-Equipa-1024x486.jpg 1024w, https:\/\/baal17.pt\/_www\/wp-content\/uploads\/2024\/01\/Foto-Para-Pagina-Equipa-768x365.jpg 768w, https:\/\/baal17.pt\/_www\/wp-content\/uploads\/2024\/01\/Foto-Para-Pagina-Equipa-1536x730.jpg 1536w, https:\/\/baal17.pt\/_www\/wp-content\/uploads\/2024\/01\/Foto-Para-Pagina-Equipa-150x71.jpg 150w\" \/>\r\n\t\t<\/div><\/div>[\/vc_column][\/vc_row][vc_section full_width=&#8221;stretch_row_content&#8221; css=&#8221;.vc_custom_1704720920358{background-color: #ffffff !important;}&#8221;][vc_row][vc_column css=&#8221;.vc_custom_1707316778236{padding-right: 65px !important;padding-left: 65px !important;}&#8221;][vc_column_text]\n<h1><strong>Equipa Baal17<\/strong><\/h1>\n[\/vc_column_text][\/vc_column][\/vc_row][vc_row et_column_align=&#8221;align-center&#8221; equal_height=&#8221;yes&#8221;][vc_column width=&#8221;1\/3&#8243;][vc_column_text]\n<p style=\"text-align: center;\"><strong>Rui Ramos<\/strong><br \/>\n<span lang=\"PT\">Diretor Art\u00edstico, Ator<\/span><\/p>\n[\/vc_column_text][vc_column_text]\n<p style=\"text-align: center;\"><strong>Marisela Terra<\/strong><br \/>\n<span lang=\"PT\">Formadora, Atriz<\/span><\/p>\n[\/vc_column_text][\/vc_column][vc_column width=&#8221;1\/3&#8243;][vc_column_text]\n<p style=\"text-align: center;\"><strong>Sandra Serra<\/strong><br \/>\n<span lang=\"PT\">Diretora de Produ\u00e7\u00e3o, Atriz<\/span><\/p>\n[\/vc_column_text][vc_column_text]\n<p style=\"text-align: center;\"><strong>Fabrice Ziegler<\/strong><br \/>\nDiretor de arte, Fot\u00f3grafo<\/p>\n[\/vc_column_text][vc_column_text]\n<p style=\"text-align: center;\"><strong>Carolina Carvalhais<\/strong><br \/>\n<span lang=\"PT\">Assistente de Produ\u00e7\u00e3o, Atriz<\/span><\/p>\n[\/vc_column_text][\/vc_column][vc_column width=&#8221;1\/3&#8243;][vc_column_text]\n<p style=\"text-align: center;\"><strong>Filipe Seixas<\/strong><br \/>\n<span lang=\"PT\">Diretor T\u00e9cnico, Ator<\/span><\/p>\n[\/vc_column_text][vc_column_text]\n<p style=\"text-align: center;\"><strong>Andr\u00e9 Batista<\/strong><br \/>\n<span lang=\"PT\">Produtor executivo, Designer gr\u00e1fico<\/span><\/p>\n[\/vc_column_text][vc_column_text]\n<p style=\"text-align: center;\"><strong>Francisco Moquenco<\/strong><br \/>\nAssistente de montagem<\/p>\n[\/vc_column_text][\/vc_column][\/vc_row][vc_row][vc_column css=&#8221;.vc_custom_1699022824586{padding-top: 65px !important;padding-right: 65px !important;padding-bottom: 65px !important;padding-left: 65px !important;}&#8221;][vc_column_text]\n<h1><strong>Colaboradores<\/strong><\/h1>\n[\/vc_column_text][vc_column_text]\n<div>\n<p class=\"Textbody\"><span lang=\"PT\">Parceiros: <strong>a Bruxa TEATRO<\/strong>, <strong>Alma d&#8217;Arame<\/strong>,<strong> ASTA teatro e outras artes, O Teatr\u00e3o<\/strong><\/span><\/p>\n<\/div>\n<div>\n<p class=\"Textbody\"><span lang=\"PT\">Encena\u00e7\u00e3o: <\/span><strong>Am\u00e2ndio Anast\u00e1cio, Marco Ferreira, Miguel Magalh\u00e3es e Rolando Galhardas.<\/strong><\/p>\n<div>\n<p class=\"Textbody\">Interpreta\u00e7\u00e3o: <strong>B\u00e1rbara Soares, Jo\u00e3o Giga, Marco Ferreira, Miguel Magalh\u00e3es e Pedro Ramos.<\/strong><\/p>\n<\/div>\n<\/div>\n<div>\n<p class=\"Textbody\"><span lang=\"PT\">Programa\u00e7\u00e3o: <\/span><strong><span class=\"StrongEmphasis\"><span lang=\"PT\">Marco Ferreira<\/span><\/span><\/strong><\/p>\n<\/div>\n<div>\n<p class=\"Textbody\"><span lang=\"PT\">Luz e som: <strong>Plano Anal\u00f3gico<\/strong><\/span><\/p>\n<\/div>\n<div>\n<p class=\"Textbody\"><span lang=\"PT\">Light design: <\/span><strong><span class=\"StrongEmphasis\"><span lang=\"PT\">Nuno Borda d&#8217;\u00c1gua<\/span><\/span><\/strong><\/p>\n<\/div>\n<div>\n<p class=\"Textbody\"><span lang=\"PT\">V\u00eddeo: <strong>Ana Br\u00e1s,<\/strong><strong> Segui Buenaventura\/Locas Locas Producciones,\u00a0 Nelson Canhita\/Videoplanos.<\/strong><\/span><\/p>\n<\/div>\n<div>\n<p class=\"Textbody\"><span lang=\"PT\">Design Gr\u00e1fico: <strong>Ana Rodrigues\/Workhouse, Bernardo Gon\u00e7alves\/Cocas Produ\u00e7\u00f5es e Susana Marques<\/strong><\/span><\/p>\n<p>Comunica\u00e7\u00e3o: <strong>Adelaide Khaled\u00a0<\/strong><\/p>\n<\/div>\n[\/vc_column_text][\/vc_column][\/vc_row][\/vc_section]\n<\/section>","protected":false},"excerpt":{"rendered":"<p>[vc_row et_full_width=&#8221;true&#8221; et_row_padding=&#8221;true&#8221; equal_height=&#8221;yes&#8221;][vc_column][\/vc_column][\/vc_row][vc_section full_width=&#8221;stretch_row_content&#8221; css=&#8221;.vc_custom_1704720920358{background-color: #ffffff !important;}&#8221;][vc_row][vc_column css=&#8221;.vc_custom_1707316778236{padding-right: 65px !important;padding-left: 65px !important;}&#8221;][vc_column_text] Equipa Baal17 [\/vc_column_text][\/vc_column][\/vc_row][vc_row et_column_align=&#8221;align-center&#8221; equal_height=&#8221;yes&#8221;][vc_column width=&#8221;1\/3&#8243;][vc_column_text] Rui Ramos Diretor Art\u00edstico, Ator [\/vc_column_text][vc_column_text] Marisela Terra Formadora, Atriz [\/vc_column_text][\/vc_column][vc_column width=&#8221;1\/3&#8243;][vc_column_text] Sandra Serra Diretora de Produ\u00e7\u00e3o, Atriz [\/vc_column_text][vc_column_text] Fabrice Ziegler Diretor de arte, Fot\u00f3grafo [\/vc_column_text][vc_column_text] Carolina Carvalhais Assistente de Produ\u00e7\u00e3o, [&hellip;]<\/p>\n","protected":false},"author":1,"featured_media":0,"parent":0,"menu_order":0,"comment_status":"closed","ping_status":"closed","template":"","meta":{"footnotes":""},"class_list":["post-3462","page","type-page","status-publish","hentry"],"_links":{"self":[{"href":"https:\/\/baal17.pt\/_www\/wp-json\/wp\/v2\/pages\/3462","targetHints":{"allow":["GET"]}}],"collection":[{"href":"https:\/\/baal17.pt\/_www\/wp-json\/wp\/v2\/pages"}],"about":[{"href":"https:\/\/baal17.pt\/_www\/wp-json\/wp\/v2\/types\/page"}],"author":[{"embeddable":true,"href":"https:\/\/baal17.pt\/_www\/wp-json\/wp\/v2\/users\/1"}],"replies":[{"embeddable":true,"href":"https:\/\/baal17.pt\/_www\/wp-json\/wp\/v2\/comments?post=3462"}],"version-history":[{"count":77,"href":"https:\/\/baal17.pt\/_www\/wp-json\/wp\/v2\/pages\/3462\/revisions"}],"predecessor-version":[{"id":5524,"href":"https:\/\/baal17.pt\/_www\/wp-json\/wp\/v2\/pages\/3462\/revisions\/5524"}],"wp:attachment":[{"href":"https:\/\/baal17.pt\/_www\/wp-json\/wp\/v2\/media?parent=3462"}],"curies":[{"name":"wp","href":"https:\/\/api.w.org\/{rel}","templated":true}]}}